{"id":14735,"date":"2021-12-16T16:19:19","date_gmt":"2021-12-16T14:19:19","guid":{"rendered":"https:\/\/www.nautical.store\/toode\/vrango-scarf\/"},"modified":"2021-12-16T16:19:19","modified_gmt":"2021-12-16T14:19:19","slug":"vrango-sall-2","status":"publish","type":"product","link":"https:\/\/nautical.store\/en\/product\/vrango-sall-2\/","title":{"rendered":"Vr\u00e5ng\u00f6 Scarf"},"content":{"rendered":"<p>100% cotton knitted scarf. Matches the Vr\u00e5ng\u00f6 hat.<\/p>\n","protected":false},"excerpt":{"rendered":"<p>100% cotton knitted scarf. Matches the Vr\u00e5ng\u00f6 hat.<\/p>\n","protected":false},"featured_media":6675,"template":"","meta":{"_acf_changed":false},"pwb-brand":[835],"product_brand":[],"product_cat":[376,874,824],"product_tag":[],"woo-feed-brand":[],"class_list":{"0":"post-14735","1":"product","2":"type-product","3":"status-publish","4":"has-post-thumbnail","6":"pwb-brand-holebrook-en","7":"product_cat-accessories-women","8":"product_cat-good-price-women","9":"product_cat-women","11":"first","12":"instock","13":"sale","14":"taxable","15":"shipping-taxable","16":"purchasable","17":"product-type-variable","18":"wvs-archive-product-wrapper"},"acf":[],"brands":[{"id":835,"name":"Holebrook","slug":"holebrook-en"}],"_links":{"self":[{"href":"https:\/\/nautical.store\/en\/wp-json\/wp\/v2\/product\/14735","targetHints":{"allow":["GET"]}}],"collection":[{"href":"https:\/\/nautical.store\/en\/wp-json\/wp\/v2\/product"}],"about":[{"href":"https:\/\/nautical.store\/en\/wp-json\/wp\/v2\/types\/product"}],"wp:featuredmedia":[{"embeddable":true,"href":"https:\/\/nautical.store\/en\/wp-json\/wp\/v2\/media\/6675"}],"wp:attachment":[{"href":"https:\/\/nautical.store\/en\/wp-json\/wp\/v2\/media?parent=14735"}],"wp:term":[{"taxonomy":"pwb-brand","embeddable":true,"href":"https:\/\/nautical.store\/en\/wp-json\/wp\/v2\/pwb-brand?post=14735"},{"taxonomy":"product_brand","embeddable":true,"href":"https:\/\/nautical.store\/en\/wp-json\/wp\/v2\/product_brand?post=14735"},{"taxonomy":"product_cat","embeddable":true,"href":"https:\/\/nautical.store\/en\/wp-json\/wp\/v2\/product_cat?post=14735"},{"taxonomy":"product_tag","embeddable":true,"href":"https:\/\/nautical.store\/en\/wp-json\/wp\/v2\/product_tag?post=14735"},{"taxonomy":"woo-feed-brand","embeddable":true,"href":"https:\/\/nautical.store\/en\/wp-json\/wp\/v2\/woo-feed-brand?post=14735"}],"curies":[{"name":"wp","href":"https:\/\/api.w.org\/{rel}","templated":true}]}}