{"id":24951,"date":"2022-02-16T15:01:49","date_gmt":"2022-02-16T13:01:49","guid":{"rendered":"https:\/\/www.nautical.store\/toode\/levo-quilted-jacket\/"},"modified":"2025-07-01T23:30:22","modified_gmt":"2025-07-01T20:30:22","slug":"levo-tepitud-jope-2","status":"publish","type":"product","link":"https:\/\/nautical.store\/en\/product\/levo-tepitud-jope-2\/","title":{"rendered":"PelleP Levo Quilted Jacket"},"content":{"rendered":"<div class=\"CMS-Component CMS-TabsContainer SimpleStyles-16347358499447252-Tabs_Container StreamlineCmsSection-node\" data-id=\"16347358499447252\">\n<div class=\"Tabs\" data-style-attr=\"Wrapper\">\n<div class=\"Tabs-content\" data-style-attr=\"Content_Wrapper\">\n<div class=\"Tab Tab--active undefined undefined\" data-style-attr=\"Tab\" data-tab-index=\"970467288-0\">\n<div class=\"CMS-Component CMS-Tab StreamlineCmsSection-node\" data-id=\"16347358537376762\">\n<div class=\"CMS-Component CMS-ArticleField CMS-ArticleField-art_desc StreamlineCmsSection-node StreamlineCmsSection-node\" data-style-attr=\"Wrapper\" data-id=\"16347360026014772\">\n<div class=\"Preset-Primary-Font-Family Preset-Primary-Text Preset-Primary-Color SimpleStyles-16347360026014772-Field\" data-style-attr=\"Field\">This technical mid layer has a brushed interior for warmth and comfort, with sleves made in a material with 4-way stretch for maximum freedom of movement and a torso in wind resistant quilted nylon. It has a center front zipper from YKK and two zippered pockets.<\/div>\n<\/div>\n<\/div>\n<\/div>\n<\/div>\n<\/div>\n<\/div>\n<div class=\"CMS-Component CMS-Component-Container Preset-Container-Max-Width Preset-Container-Margin Preset-Container-Padding StreamlineCmsSection-node\" data-id=\"17370353672031340\">\n<div class=\"CMS-Component CMS-Lipscore-Widget StreamlineCmsSection-node\" data-style-attr=\"Wrapper\" data-id=\"17370353672033104\">\n<div id=\"lipscore-review-list\" class=\"lipscore-review-list-container\" data-ls-lipscore-product-id=\"11856621\" data-ls-lipscore-product-instance-id=\"32026507\" data-ls-product-votes=\"31\" data-ls-product-rating=\"9.48\" data-ls-product-review-count=\"14\" data-ls-product-reviews=\"[{&quot;id&quot;:4840099,&quot;created_at&quot;:&quot;2025-05-07T09:19:43Z&quot;,&quot;votes_up&quot;:0,&quot;votes_down&quot;:0,&quot;video&quot;:null,&quot;purchase_date&quot;:&quot;2025-04-30T00:00:00Z&quot;,&quot;imported_at&quot;:null,&quot;text&quot;:&quot;S\u00f6kte en tunnare fleece, men fick upp \u00f6gonen f\u00f6r denna jacka. \u00c5ngrar inte en sekund att jag valde detta plagg. Fickorna har dragkedja (otroligt bra p\u00e5 sj\u00f6n), h\u00f6gre hals och v\u00e4rmer \u00e4ven att den \u00e4r tunn. Det g\u00f6r den smidig, f\u00f6ljsam plus att det \u00e4r snygg. Ett av mina b\u00e4ttre k\u00f6p!&quot;,&quot;translated_text&quot;:&quot;I was looking for a thinner fleece, but I came across this jacket. I don&amp;#39;t regret choosing this garment for a second. The pockets have zippers (incredibly good on the lake), a higher neck and it&amp;#39;s also warm because it&amp;#39;s thin. That makes it flexible, pliable, plus it&amp;#39;s stylish. One of my better purchases!&quot;,&quot;lipscore&quot;:10,&quot;lang&quot;:&quot;sv&quot;,&quot;user&quot;:{&quot;id&quot;:8887273,&quot;name&quot;:&quot;Robert E&quot;,&quot;avatar_thumb_url&quot;:null,&quot;short_name&quot;:&quot;Robert E&quot;},&quot;images&quot;:[],&quot;review_reply&quot;:null,&quot;origin&quot;:{&quot;member_site_name&quot;:&quot;Pellepetterson sv-se&quot;,&quot;name&quot;:&quot;Levo Quilted Zip&quot;,&quot;url&quot;:&quot;https:\/\/www.pellepetterson.com\/sv-se\/artikel\/levo-quilted-zip&quot;},&quot;product&quot;:{&quot;variant_id&quot;:&quot;46039&quot;,&quot;name&quot;:&quot;Levo Quilted Zip - Lt. Beige Oak - Large&quot;,&quot;sku&quot;:&quot;46039&quot;,&quot;mpn&quot;:null,&quot;gtin&quot;:&quot;7332773421588&quot;},&quot;attributes&quot;:[]},{&quot;id&quot;:4005840,&quot;created_at&quot;:&quot;2025-02-13T13:01:09Z&quot;,&quot;votes_up&quot;:0,&quot;votes_down&quot;:0,&quot;video&quot;:null,&quot;purchase_date&quot;:&quot;2024-12-01T00:00:00Z&quot;,&quot;imported_at&quot;:null,&quot;text&quot;:&quot;Hittills har S alltid varit S och suttit som gjutet. Provade en g\u00e5ng i tidernas begynnelse och kom fram till att S satt snyggast, o sedan dess har jag bara tittat o best\u00e4llt det jag vill ha, eller k\u00f6pt i aff\u00e4ren. Har aldrig \u00e5ngrat mig eller beh\u00f6vt skicka tillbaka, helt enkelt fantastiska i storlek o kvalit\u00e9. &quot;,&quot;translated_text&quot;:&quot;So far, S has always been S and fit like a glove. Tried it once in the beginning of time and decided that S fit best, and since then I have just looked and ordered what I want, or bought in the store. I have never regretted it or had to send it back, simply fantastic in size and quality. &quot;,&quot;lipscore&quot;:10,&quot;lang&quot;:&quot;sv&quot;,&quot;user&quot;:{&quot;id&quot;:12419724,&quot;name&quot;:&quot;Peter C&quot;,&quot;avatar_thumb_url&quot;:null,&quot;short_name&quot;:&quot;Peter C&quot;},&quot;images&quot;:[],&quot;review_reply&quot;:null,&quot;product&quot;:{&quot;variant_id&quot;:&quot;36968&quot;,&quot;name&quot;:&quot;Levo Quilted Zip - Ink - Small&quot;,&quot;sku&quot;:&quot;67828&quot;,&quot;mpn&quot;:null,&quot;gtin&quot;:&quot;7332773360138&quot;},&quot;attributes&quot;:[{&quot;id&quot;:481521,&quot;value&quot;:5,&quot;name&quot;:&quot;How do you find the product's quality?&quot;,&quot;caption&quot;:&quot;Quality&quot;,&quot;labels&quot;:[&quot;OK&quot;,&quot;Good&quot;,&quot;Fantastic&quot;],&quot;options_count&quot;:3},{&quot;id&quot;:481522,&quot;value&quot;:3,&quot;name&quot;:&quot;Is the product true to size?&quot;,&quot;caption&quot;:&quot;True to size&quot;,&quot;labels&quot;:[&quot;Small&quot;,&quot;Perfect&quot;,&quot;Big&quot;],&quot;options_count&quot;:3}]},{&quot;id&quot;:4982051,&quot;created_at&quot;:&quot;2025-06-09T18:01:32Z&quot;,&quot;votes_up&quot;:0,&quot;votes_down&quot;:0,&quot;video&quot;:null,&quot;purchase_date&quot;:&quot;2025-05-30T00:00:00Z&quot;,&quot;imported_at&quot;:null,&quot;text&quot;:&quot;J\u00e4ttesnygg och sk\u00f6n jacka. Kan verkligen rekommendera.&quot;,&quot;translated_text&quot;:&quot;Very stylish and comfortable jacket. Can really recommend.&quot;,&quot;lipscore&quot;:10,&quot;lang&quot;:&quot;sv&quot;,&quot;user&quot;:{&quot;id&quot;:9559541,&quot;name&quot;:&quot;Ulrik J&quot;,&quot;avatar_thumb_url&quot;:null,&quot;short_name&quot;:&quot;Ulrik J&quot;},&quot;images&quot;:[],&quot;review_reply&quot;:null,&quot;origin&quot;:{&quot;member_site_name&quot;:&quot;Pellepetterson sv-se&quot;,&quot;name&quot;:&quot;Levo Quilted Zip&quot;,&quot;url&quot;:&quot;https:\/\/www.pellepetterson.com\/sv-se\/artikel\/levo-quilted-zip&quot;},&quot;product&quot;:{&quot;variant_id&quot;:&quot;46039&quot;,&quot;name&quot;:&quot;Levo Quilted Zip - Lt. Beige Oak - Large&quot;,&quot;sku&quot;:&quot;46039&quot;,&quot;mpn&quot;:null,&quot;gtin&quot;:&quot;7332773421588&quot;},&quot;attributes&quot;:[{&quot;id&quot;:840655,&quot;value&quot;:5,&quot;name&quot;:&quot;Hur upplever  du kvaliteten?&quot;,&quot;caption&quot;:&quot;Kvalitet&quot;,&quot;labels&quot;:[&quot;Ok&quot;,&quot;Bra&quot;,&quot;Fantastisk&quot;],&quot;options_count&quot;:3},{&quot;id&quot;:840656,&quot;value&quot;:3,&quot;name&quot;:&quot;Hur upplevs storleken?&quot;,&quot;caption&quot;:&quot;Storlek&quot;,&quot;labels&quot;:[&quot;Liten&quot;,&quot;Perfekt&quot;,&quot;Stor&quot;],&quot;options_count&quot;:3}]},{&quot;id&quot;:4836565,&quot;created_at&quot;:&quot;2025-05-07T08:48:04Z&quot;,&quot;votes_up&quot;:0,&quot;votes_down&quot;:0,&quot;video&quot;:null,&quot;purchase_date&quot;:&quot;2025-04-30T00:00:00Z&quot;,&quot;imported_at&quot;:null,&quot;text&quot;:&quot;Riktigt bra produkter, s\u00e5 sk\u00f6na Snabba leveranser &quot;,&quot;translated_text&quot;:&quot;Really good products, so comfortable Fast deliveries &quot;,&quot;lipscore&quot;:10,&quot;lang&quot;:&quot;sv&quot;,&quot;user&quot;:{&quot;id&quot;:17364624,&quot;name&quot;:&quot;Stefan E&quot;,&quot;avatar_thumb_url&quot;:null,&quot;short_name&quot;:&quot;Stefan E&quot;},&quot;images&quot;:[],&quot;review_reply&quot;:null,&quot;origin&quot;:{&quot;member_site_name&quot;:&quot;Pellepetterson sv-se&quot;,&quot;name&quot;:&quot;Levo Quilted Zip&quot;,&quot;url&quot;:&quot;https:\/\/www.pellepetterson.com\/sv-se\/artikel\/levo-quilted-zip&quot;},&quot;product&quot;:{&quot;variant_id&quot;:&quot;53990&quot;,&quot;name&quot;:&quot;Levo Quilted Zip - Oliver  - Medium&quot;,&quot;sku&quot;:&quot;53990&quot;,&quot;mpn&quot;:null,&quot;gtin&quot;:&quot;7332773493660&quot;},&quot;attributes&quot;:[{&quot;id&quot;:768608,&quot;value&quot;:5,&quot;name&quot;:&quot;Hur upplever  du kvaliteten?&quot;,&quot;caption&quot;:&quot;Kvalitet&quot;,&quot;labels&quot;:[&quot;Ok&quot;,&quot;Bra&quot;,&quot;Fantastisk&quot;],&quot;options_count&quot;:3},{&quot;id&quot;:768609,&quot;value&quot;:5,&quot;name&quot;:&quot;Hur upplevs storleken?&quot;,&quot;caption&quot;:&quot;Storlek&quot;,&quot;labels&quot;:[&quot;Liten&quot;,&quot;Perfekt&quot;,&quot;Stor&quot;],&quot;options_count&quot;:3}]},{&quot;id&quot;:4943110,&quot;created_at&quot;:&quot;2025-05-28T09:15:49Z&quot;,&quot;votes_up&quot;:0,&quot;votes_down&quot;:0,&quot;video&quot;:null,&quot;purchase_date&quot;:&quot;2025-05-21T00:00:00Z&quot;,&quot;imported_at&quot;:null,&quot;text&quot;:&quot;Var precis vad jag f\u00f6rv\u00e4ntat mig&quot;,&quot;translated_text&quot;:&quot;Was exactly what I expected&quot;,&quot;lipscore&quot;:10,&quot;lang&quot;:&quot;sv&quot;,&quot;user&quot;:{&quot;id&quot;:22351942,&quot;name&quot;:&quot;Tommy P&quot;,&quot;avatar_thumb_url&quot;:null,&quot;short_name&quot;:&quot;Tommy P&quot;},&quot;images&quot;:[],&quot;review_reply&quot;:null,&quot;origin&quot;:{&quot;member_site_name&quot;:&quot;Pellepetterson sv-se&quot;,&quot;name&quot;:&quot;Levo Quilted Zip&quot;,&quot;url&quot;:&quot;https:\/\/www.pellepetterson.com\/sv-se\/artikel\/levo-quilted-zip&quot;},&quot;product&quot;:{&quot;variant_id&quot;:&quot;46031&quot;,&quot;name&quot;:&quot;Levo Quilted Zip - Granite - Medium&quot;,&quot;sku&quot;:&quot;46031&quot;,&quot;mpn&quot;:null,&quot;gtin&quot;:&quot;7332773421649&quot;},&quot;attributes&quot;:[{&quot;id&quot;:819385,&quot;value&quot;:3,&quot;name&quot;:&quot;Hur upplever  du kvaliteten?&quot;,&quot;caption&quot;:&quot;Kvalitet&quot;,&quot;labels&quot;:[&quot;Ok&quot;,&quot;Bra&quot;,&quot;Fantastisk&quot;],&quot;options_count&quot;:3},{&quot;id&quot;:819386,&quot;value&quot;:3,&quot;name&quot;:&quot;Hur upplevs storleken?&quot;,&quot;caption&quot;:&quot;Storlek&quot;,&quot;labels&quot;:[&quot;Liten&quot;,&quot;Perfekt&quot;,&quot;Stor&quot;],&quot;options_count&quot;:3}]}]\" data-ls-review-paging=\"{&quot;total_pages&quot;:3,&quot;page&quot;:1,&quot;total_count&quot;:14}\" data-ls-rating-distribution=\"{&quot;05&quot;:26,&quot;04&quot;:4,&quot;03&quot;:0,&quot;02&quot;:0,&quot;01&quot;:1}\" data-ls-product-attributes=\"[{&quot;id&quot;:1107,&quot;options_count&quot;:3,&quot;name&quot;:&quot;How do you find the product's quality?&quot;,&quot;caption&quot;:&quot;Quality&quot;,&quot;labels&quot;:[&quot;OK&quot;,&quot;Good&quot;,&quot;Fantastic&quot;],&quot;summary_value&quot;:4.3,&quot;votes&quot;:20},{&quot;id&quot;:1106,&quot;options_count&quot;:3,&quot;name&quot;:&quot;Is the product true to size?&quot;,&quot;caption&quot;:&quot;True to size&quot;,&quot;labels&quot;:[&quot;Small&quot;,&quot;Perfect&quot;,&quot;Big&quot;],&quot;summary_value&quot;:3.1,&quot;votes&quot;:20}]\">\n<div class=\"lipscore-review-summary\n  lipscore-review-summary-embedded\" data-ls-lipscore-product-id=\"11856621\" data-ls-product-rating=\"9.48\" data-ls-product-votes=\"31\" data-ls-product-review-count=\"14\" data-ls-rating-distribution=\"{&quot;05&quot;:26,&quot;04&quot;:4,&quot;03&quot;:0,&quot;02&quot;:0,&quot;01&quot;:1}\" data-ls-product-attributes=\"[{&quot;id&quot;:1107,&quot;options_count&quot;:3,&quot;name&quot;:&quot;How do you find the product's quality?&quot;,&quot;caption&quot;:&quot;Quality&quot;,&quot;labels&quot;:[&quot;OK&quot;,&quot;Good&quot;,&quot;Fantastic&quot;],&quot;summary_value&quot;:4.3,&quot;votes&quot;:20},{&quot;id&quot;:1106,&quot;options_count&quot;:3,&quot;name&quot;:&quot;Is the product true to size?&quot;,&quot;caption&quot;:&quot;True to size&quot;,&quot;labels&quot;:[&quot;Small&quot;,&quot;Perfect&quot;,&quot;Big&quot;],&quot;summary_value&quot;:3.1,&quot;votes&quot;:20}]\"><\/p>\n<div class=\"lipscore-review-summary-content-wrapper\">\n<div class=\"lipscore-review-summary-content\">\n<div class=\"lipscore-review-summary-distribution\">\n<div class=\"lipscore-rating-distribution lipscore-embedded-widget\" data-ls-rating-distribution=\"{&quot;05&quot;:26,&quot;04&quot;:4,&quot;03&quot;:0,&quot;02&quot;:0,&quot;01&quot;:1}\">\n<div class=\"lipscore-rating-distribution-content\">\n<div class=\"lipscore-rating-distribution-stars\"><\/div>\n<\/div>\n<\/div>\n<\/div>\n<\/div>\n<\/div>\n<\/div>\n<\/div>\n<\/div>\n<\/div>\n<ul>\n<li>Material:95% Polyester 5% Elastane 4-way stretch fabric<\/li>\n<li>Wicks moisture<\/li>\n<li>Brushed inside for warmth<\/li>\n<li>100% Nylon Honeycomb quilt<\/li>\n<li>YKK reversed coil front zip<\/li>\n<li>P logo puller at zip<\/li>\n<li>2 YKK zip front pockets<\/li>\n<li>Lycra binding at sleeves, and bottom<\/li>\n<li>P logo badge with raised rubber print at left sleeve<\/li>\n<li>Regular fit<\/li>\n<\/ul>\n","protected":false},"excerpt":{"rendered":"<p>Comfortable quilted jacket<\/p>\n","protected":false},"featured_media":13881,"template":"","meta":{"_acf_changed":false},"pwb-brand":[837],"product_brand":[],"product_cat":[1181,1184,449,429],"product_tag":[],"woo-feed-brand":[],"class_list":{"0":"post-24951","1":"product","2":"type-product","3":"status-publish","4":"has-post-thumbnail","6":"pwb-brand-pelle-petterson-en","7":"product_cat-mens-golf-clothes","8":"product_cat-mens-sailing-apparel","9":"product_cat-outerwear-men","10":"product_cat-technical-clothing","12":"first","13":"instock","14":"sale","15":"taxable","16":"shipping-taxable","17":"purchasable","18":"product-type-variable","19":"wvs-archive-product-wrapper"},"acf":[],"brands":[{"id":837,"name":"Pelle Petterson","slug":"pelle-petterson-en"}],"_links":{"self":[{"href":"https:\/\/nautical.store\/en\/wp-json\/wp\/v2\/product\/24951","targetHints":{"allow":["GET"]}}],"collection":[{"href":"https:\/\/nautical.store\/en\/wp-json\/wp\/v2\/product"}],"about":[{"href":"https:\/\/nautical.store\/en\/wp-json\/wp\/v2\/types\/product"}],"wp:featuredmedia":[{"embeddable":true,"href":"https:\/\/nautical.store\/en\/wp-json\/wp\/v2\/media\/13881"}],"wp:attachment":[{"href":"https:\/\/nautical.store\/en\/wp-json\/wp\/v2\/media?parent=24951"}],"wp:term":[{"taxonomy":"pwb-brand","embeddable":true,"href":"https:\/\/nautical.store\/en\/wp-json\/wp\/v2\/pwb-brand?post=24951"},{"taxonomy":"product_brand","embeddable":true,"href":"https:\/\/nautical.store\/en\/wp-json\/wp\/v2\/product_brand?post=24951"},{"taxonomy":"product_cat","embeddable":true,"href":"https:\/\/nautical.store\/en\/wp-json\/wp\/v2\/product_cat?post=24951"},{"taxonomy":"product_tag","embeddable":true,"href":"https:\/\/nautical.store\/en\/wp-json\/wp\/v2\/product_tag?post=24951"},{"taxonomy":"woo-feed-brand","embeddable":true,"href":"https:\/\/nautical.store\/en\/wp-json\/wp\/v2\/woo-feed-brand?post=24951"}],"curies":[{"name":"wp","href":"https:\/\/api.w.org\/{rel}","templated":true}]}}