{"id":74438,"date":"2025-04-08T10:34:53","date_gmt":"2025-04-08T07:34:53","guid":{"rendered":"https:\/\/nautical.store\/?post_type=product&#038;p=74438"},"modified":"2026-04-15T23:02:33","modified_gmt":"2026-04-15T20:02:33","slug":"p-putter","status":"publish","type":"product","link":"https:\/\/nautical.store\/en\/product\/p-putter\/","title":{"rendered":"P-Putter"},"content":{"rendered":"<section class=\"text-token-text-primary w-full focus:outline-none [--shadow-height:45px] has-data-writing-block:pointer-events-none has-data-writing-block:-mt-(--shadow-height) has-data-writing-block:pt-(--shadow-height) [&amp;:has([data-writing-block])&gt;*]:pointer-events-auto [content-visibility:auto] supports-[content-visibility:auto]:[contain-intrinsic-size:auto_100lvh] R6Vx5W_threadScrollVars scroll-mb-[calc(var(--scroll-root-safe-area-inset-bottom,0px)+var(--thread-response-height))] scroll-mt-[calc(var(--header-height)+min(200px,max(70px,20svh)))]\" dir=\"auto\" data-turn-id=\"request-WEB:c2d7fa2e-169b-42c8-b805-7dd571d1918f-12\" data-testid=\"conversation-turn-26\" data-scroll-anchor=\"false\" data-turn=\"assistant\">\n<div class=\"text-base my-auto mx-auto pb-10 [--thread-content-margin:var(--thread-content-margin-xs,calc(var(--spacing)*4))] @w-sm\/main:[--thread-content-margin:var(--thread-content-margin-sm,calc(var(--spacing)*6))] @w-lg\/main:[--thread-content-margin:var(--thread-content-margin-lg,calc(var(--spacing)*16))] px-(--thread-content-margin)\">\n<div class=\"[--thread-content-max-width:40rem] @w-lg\/main:[--thread-content-max-width:48rem] mx-auto max-w-(--thread-content-max-width) flex-1 group\/turn-messages focus-visible:outline-hidden relative flex w-full min-w-0 flex-col agent-turn\">\n<div class=\"flex max-w-full flex-col gap-4 grow\">\n<div class=\"min-h-8 text-message relative flex w-full flex-col items-end gap-2 text-start break-words whitespace-normal outline-none keyboard-focused:focus-ring [.text-message+&amp;]:mt-1\" dir=\"auto\" tabindex=\"0\" data-message-author-role=\"assistant\" data-message-id=\"491f0c60-ba3e-4f86-bcbb-b81070043f96\" data-message-model-slug=\"gpt-5-3\" data-turn-start-message=\"true\">\n<div class=\"flex w-full flex-col gap-1 empty:hidden\">\n<div class=\"markdown prose dark:prose-invert w-full wrap-break-word light markdown-new-styling\">\n<p data-start=\"0\" data-end=\"329\"><span class=\"hover:entity-accent entity-underline inline cursor-pointer align-baseline\"><span class=\"whitespace-normal\">Pelle Petterson<\/span><\/span> on t\u00f6\u00f6stusdisainer, kes on oma karj\u00e4\u00e4ri jooksul loonud v\u00e4ga erinevaid tooteid \u2013 P Putter on \u00fcks tema uuemaid arendusi. Putterit toodetakse Rootsis, Billdalis, ning sellel on ainulaadne ja funktsionaalne disain koos erakordselt hea tasakaaluga, mis aitab igal l\u00f6\u00f6gil enesekindlust suurendada.<\/p>\n<p data-start=\"331\" data-end=\"802\">Kuna putter on golfiringi jooksul k\u00f5ige enam kasutatav \u2013 ligikaudu 50% k\u00f5igist l\u00f6\u00f6kidest \u2013, on selle t\u00e4iuslikul disainil eriti suur t\u00e4htsus. P Putteri pea ja kael on t\u00e4ppisfreesitud k\u00f5rgekvaliteedilisest alumiiniumisulamist Zicral. Kuulikujulised raskused putteri pea otstes ning k\u00e4epideme \u00fclaosas paiknev vastukaal on valmistatud roostevabast terasest. Materjalide ja disaini koosm\u00f5ju suurendab stabiilsust ning annab pallil\u00f6\u00f6gile erilise, kindlustunnet loova heli.<\/p>\n<p data-start=\"804\" data-end=\"1090\" data-is-last-node=\"\" data-is-only-node=\"\">Pelle selgitab:<br data-start=\"819\" data-end=\"822\" \/>\u201eKuulikujulised raskused on \u00fcsna massiivsed ja annavad putterile suure MOI \u2013 inertsimomendi. Selle eesm\u00e4rk on v\u00e4hendada k\u00f5ikumist ja muuta stabiilsemaks. Kui l\u00f6\u00f6k l\u00e4heb veidi ebat\u00e4pselt, aitab MOI seda viga osaliselt kompenseerida, muutes kepi andestavamaks.\u201c<\/p>\n<\/div>\n<\/div>\n<\/div>\n<\/div>\n<div class=\"z-0 flex min-h-[46px] justify-start\">Loft: 4\u00b0 Lie: 68\u00b0 Pikkus: 36\u201d, kaal 650 g Disain: Pelle Petterson Toodetud Rootsis, Billdalis<\/div>\n<\/div>\n<\/div>\n<\/section>\n<div class=\"pointer-events-none -mt-px h-px translate-y-[calc(var(--scroll-root-safe-area-inset-bottom)-14*var(--spacing))]\" aria-hidden=\"true\"><\/div>\n<div aria-hidden=\"true\"><\/div>\n","protected":false},"excerpt":{"rendered":"<p>Pelle Petterson on t\u00f6\u00f6stusdisainer, kes on oma karj\u00e4\u00e4ri jooksul loonud v\u00e4ga erinevaid tooteid \u2013 P Putter on \u00fcks tema uuemaid arendusi. Putterit toodetakse Rootsis, Billdalis, ning sellel on ainulaadne ja funktsionaalne disain koos erakordselt hea tasakaaluga, mis aitab igal l\u00f6\u00f6gil enesekindlust suurendada. Kuna putter on golfiringi jooksul k\u00f5ige enam kasutatav \u2013 ligikaudu 50% k\u00f5igist l\u00f6\u00f6kidest [&hellip;]<\/p>\n","protected":false},"featured_media":95361,"template":"","meta":{"_acf_changed":false},"pwb-brand":[61],"product_brand":[],"product_cat":[992],"product_tag":[],"woo-feed-brand":[],"class_list":{"0":"post-74438","1":"product","2":"type-product","3":"status-publish","4":"has-post-thumbnail","6":"pwb-brand-pelle-petterson","7":"product_cat-golf","9":"first","10":"instock","11":"taxable","12":"shipping-taxable","13":"purchasable","14":"product-type-variable","15":"wvs-archive-product-wrapper"},"acf":[],"brands":[{"id":61,"name":"Pelle Petterson","slug":"pelle-petterson"}],"_links":{"self":[{"href":"https:\/\/nautical.store\/en\/wp-json\/wp\/v2\/product\/74438","targetHints":{"allow":["GET"]}}],"collection":[{"href":"https:\/\/nautical.store\/en\/wp-json\/wp\/v2\/product"}],"about":[{"href":"https:\/\/nautical.store\/en\/wp-json\/wp\/v2\/types\/product"}],"wp:featuredmedia":[{"embeddable":true,"href":"https:\/\/nautical.store\/en\/wp-json\/wp\/v2\/media\/95361"}],"wp:attachment":[{"href":"https:\/\/nautical.store\/en\/wp-json\/wp\/v2\/media?parent=74438"}],"wp:term":[{"taxonomy":"pwb-brand","embeddable":true,"href":"https:\/\/nautical.store\/en\/wp-json\/wp\/v2\/pwb-brand?post=74438"},{"taxonomy":"product_brand","embeddable":true,"href":"https:\/\/nautical.store\/en\/wp-json\/wp\/v2\/product_brand?post=74438"},{"taxonomy":"product_cat","embeddable":true,"href":"https:\/\/nautical.store\/en\/wp-json\/wp\/v2\/product_cat?post=74438"},{"taxonomy":"product_tag","embeddable":true,"href":"https:\/\/nautical.store\/en\/wp-json\/wp\/v2\/product_tag?post=74438"},{"taxonomy":"woo-feed-brand","embeddable":true,"href":"https:\/\/nautical.store\/en\/wp-json\/wp\/v2\/woo-feed-brand?post=74438"}],"curies":[{"name":"wp","href":"https:\/\/api.w.org\/{rel}","templated":true}]}}