{"id":93302,"date":"2026-03-29T23:21:38","date_gmt":"2026-03-29T20:21:38","guid":{"rendered":"https:\/\/nautical.store\/?post_type=product&#038;p=93302"},"modified":"2026-04-17T15:51:21","modified_gmt":"2026-04-17T12:51:21","slug":"momentum-skort","status":"publish","type":"product","link":"https:\/\/nautical.store\/en\/product\/momentum-skort\/","title":{"rendered":"PelleP Momentum Skort"},"content":{"rendered":"<p>Maksimaalseks liikumisvabaduseks loodud kiiresti kuivav Momentum\u00a0 skort on valmistatud vastupidavast ja venivast materjalist, mis hingab, juhib niiskust eemale ja pakub UV\u2011kaitset. Sees on l\u00fchikesed p\u00fcksid, mille alumisel serval olev silikoon\u00e4\u00e4r hoiab need kindlalt paigal.<\/p>\n<ul>\n<li>100% pol\u00fcester<\/li>\n<li>Veniv ja pehme kangas<\/li>\n<li>Niiskust juhtiv materjal<\/li>\n<li>K\u00fcljel\u00f5hikud parema liikumise jaoks<\/li>\n<li>V\u00f6\u00f6koht p\u00f5hikangast<\/li>\n<li>Sisemised l\u00fchikesed p\u00fcksid silikoon\u00e4\u00e4risega<\/li>\n<li>Kontrastsed bartack\u2011\u00f5mblused k\u00fclgedel l\u00f5hiku kohal<\/li>\n<li>Helkiv Pelle P logo ees<\/li>\n<li>Helkiv True Experience logo k\u00fcljel<\/li>\n<li>Regular fit<\/li>\n<\/ul>\n","protected":false},"excerpt":{"rendered":"<p>Mugav p\u00fcksseelik golfim\u00e4nguks<\/p>\n","protected":false},"featured_media":0,"template":"","meta":{"_acf_changed":false},"pwb-brand":[],"product_brand":[],"product_cat":[15],"product_tag":[],"woo-feed-brand":[],"class_list":{"0":"post-93302","1":"product","2":"type-product","3":"status-publish","5":"product_cat-maaramata","7":"first","8":"instock","9":"taxable","10":"shipping-taxable","11":"purchasable","12":"product-type-variable","13":"wvs-archive-product-wrapper"},"acf":[],"brands":[],"_links":{"self":[{"href":"https:\/\/nautical.store\/en\/wp-json\/wp\/v2\/product\/93302","targetHints":{"allow":["GET"]}}],"collection":[{"href":"https:\/\/nautical.store\/en\/wp-json\/wp\/v2\/product"}],"about":[{"href":"https:\/\/nautical.store\/en\/wp-json\/wp\/v2\/types\/product"}],"wp:attachment":[{"href":"https:\/\/nautical.store\/en\/wp-json\/wp\/v2\/media?parent=93302"}],"wp:term":[{"taxonomy":"pwb-brand","embeddable":true,"href":"https:\/\/nautical.store\/en\/wp-json\/wp\/v2\/pwb-brand?post=93302"},{"taxonomy":"product_brand","embeddable":true,"href":"https:\/\/nautical.store\/en\/wp-json\/wp\/v2\/product_brand?post=93302"},{"taxonomy":"product_cat","embeddable":true,"href":"https:\/\/nautical.store\/en\/wp-json\/wp\/v2\/product_cat?post=93302"},{"taxonomy":"product_tag","embeddable":true,"href":"https:\/\/nautical.store\/en\/wp-json\/wp\/v2\/product_tag?post=93302"},{"taxonomy":"woo-feed-brand","embeddable":true,"href":"https:\/\/nautical.store\/en\/wp-json\/wp\/v2\/woo-feed-brand?post=93302"}],"curies":[{"name":"wp","href":"https:\/\/api.w.org\/{rel}","templated":true}]}}