{"id":95530,"date":"2026-04-19T22:21:16","date_gmt":"2026-04-19T19:21:16","guid":{"rendered":"https:\/\/nautical.store\/?post_type=product&#038;p=95530"},"modified":"2026-04-22T01:00:06","modified_gmt":"2026-04-21T22:00:06","slug":"w-cavoli-top","status":"publish","type":"product","link":"https:\/\/nautical.store\/product\/w-cavoli-top\/","title":{"rendered":"PelleP Cavoli Topp"},"content":{"rendered":"<p data-start=\"0\" data-end=\"234\">Ideaalne valik nii pidulikumaks s\u00fcndmuseks kui ka vabama igap\u00e4evase stiili jaoks. Naiseliku l\u00f5ikega Cavoli topp on valmistatud mugavast puuvilla ja lina segust. Topil on reguleeritavad \u00f5lapaelad, k\u00fcljelukk ning k\u00fclje\u00f5mblustes v\u00e4iksed l\u00f5hikud.<\/p>\n<ul>\n<li data-start=\"236\" data-end=\"501\">Materjal: 74% puuvill, 26% lina<\/li>\n<li data-start=\"236\" data-end=\"501\">Istuvus: tavap\u00e4rasest kuni kehasse hoidev<\/li>\n<li data-start=\"236\" data-end=\"501\">Rinna all kroogitud l\u00f5ige<\/li>\n<li data-start=\"236\" data-end=\"501\">Reguleeritavad \u00f5lapaelad<\/li>\n<li data-start=\"236\" data-end=\"501\">K\u00fcljelukk<\/li>\n<li data-start=\"236\" data-end=\"501\">Seljaosal P-logo tikandiga<\/li>\n<li data-start=\"236\" data-end=\"501\">Ees vasakul P-logo tikand<\/li>\n<li data-start=\"236\" data-end=\"501\">K\u00fclje all\u00e4\u00e4res l\u00f5hikud kontrastsete tugevdus\u00f5mblustega<\/li>\n<\/ul>\n","protected":false},"excerpt":{"rendered":"<p>Ideaalne valik nii pidulikumaks s\u00fcndmuseks kui ka vabama igap\u00e4evase stiili jaoks. Naiseliku l\u00f5ikega Cavoli topp on valmistatud mugavast puuvilla ja lina segust. Topil on reguleeritavad \u00f5lapaelad, k\u00fcljelukk ning k\u00fclje\u00f5mblustes v\u00e4iksed l\u00f5hikud. Materjal: 74% puuvill, 26% lina Istuvus: tavap\u00e4rasest kuni kehasse hoidev Rinna all kroogitud l\u00f5ige Reguleeritavad \u00f5lapaelad K\u00fcljelukk Seljaosal P-logo tikandiga Ees vasakul P-logo tikand [&hellip;]<\/p>\n","protected":false},"featured_media":95583,"template":"","meta":{"_acf_changed":false},"pwb-brand":[61],"product_brand":[],"product_cat":[62,102,76],"product_tag":[],"woo-feed-brand":[],"class_list":{"0":"post-95530","1":"product","2":"type-product","3":"status-publish","4":"has-post-thumbnail","6":"pwb-brand-pelle-petterson","7":"product_cat-naised","8":"product_cat-pluusid","9":"product_cat-uued-tooted","11":"first","12":"instock","13":"taxable","14":"shipping-taxable","15":"purchasable","16":"product-type-variable","17":"wvs-archive-product-wrapper"},"acf":[],"brands":[{"id":61,"name":"Pelle Petterson","slug":"pelle-petterson"}],"_links":{"self":[{"href":"https:\/\/nautical.store\/en\/wp-json\/wp\/v2\/product\/95530","targetHints":{"allow":["GET"]}}],"collection":[{"href":"https:\/\/nautical.store\/en\/wp-json\/wp\/v2\/product"}],"about":[{"href":"https:\/\/nautical.store\/en\/wp-json\/wp\/v2\/types\/product"}],"wp:featuredmedia":[{"embeddable":true,"href":"https:\/\/nautical.store\/en\/wp-json\/wp\/v2\/media\/95583"}],"wp:attachment":[{"href":"https:\/\/nautical.store\/en\/wp-json\/wp\/v2\/media?parent=95530"}],"wp:term":[{"taxonomy":"pwb-brand","embeddable":true,"href":"https:\/\/nautical.store\/en\/wp-json\/wp\/v2\/pwb-brand?post=95530"},{"taxonomy":"product_brand","embeddable":true,"href":"https:\/\/nautical.store\/en\/wp-json\/wp\/v2\/product_brand?post=95530"},{"taxonomy":"product_cat","embeddable":true,"href":"https:\/\/nautical.store\/en\/wp-json\/wp\/v2\/product_cat?post=95530"},{"taxonomy":"product_tag","embeddable":true,"href":"https:\/\/nautical.store\/en\/wp-json\/wp\/v2\/product_tag?post=95530"},{"taxonomy":"woo-feed-brand","embeddable":true,"href":"https:\/\/nautical.store\/en\/wp-json\/wp\/v2\/woo-feed-brand?post=95530"}],"curies":[{"name":"wp","href":"https:\/\/api.w.org\/{rel}","templated":true}]}}