{"id":95986,"date":"2026-04-21T21:01:16","date_gmt":"2026-04-21T18:01:16","guid":{"rendered":"https:\/\/nautical.store\/?post_type=product&#038;p=95986"},"modified":"2026-04-25T14:16:19","modified_gmt":"2026-04-25T11:16:19","slug":"gennaker-trouser","status":"publish","type":"product","link":"https:\/\/nautical.store\/en\/product\/gennaker-trouser\/","title":{"rendered":"Gennaker P\u00fcksid"},"content":{"rendered":"<p data-start=\"0\" data-end=\"275\">Gennaker p\u00fcksid on kerged, vastupidavad ja mugavad kanda. Kaitsevad tuule ja kerge vihma eest ning sobivad h\u00e4sti nii aktiivseks liikumiseks kui ka igap\u00e4evaseks kandmiseks. Valmistatud taaskasutatud materjalidest ning venivast kangast, mis liigub kehaga kaasa. Praktilised detailid nagu s\u00e4\u00e4retasku, reguleeritav v\u00f6\u00f6, lukuga taskud ja helkurdetailid teevad selle eriti mugavaks ja funktsionaalseks.<\/p>\n<p data-start=\"277\" data-end=\"414\">\u2022 85% taaskasutatud nailon, veniv crinkle-kangas, 172 g\/m\u00b2<br data-start=\"490\" data-end=\"493\" \/>\u2022 86% taaskasutatud nailonist veniv ripstop-kangas, 155 g\/m\u00b2<br data-start=\"553\" data-end=\"556\" \/>\u2022 C0 vett h\u00fclgav viimistlus<br data-start=\"583\" data-end=\"586\" \/>\u2022 V\u00f5rkkangast reietasku<br data-start=\"609\" data-end=\"612\" \/>\u2022 Integreeritud v\u00f6\u00f6 pandlaga reguleerimiseks<br data-start=\"656\" data-end=\"659\" \/>\u2022 D-r\u00f5ngaga karabiin v\u00f6\u00f6aasas<br data-start=\"688\" data-end=\"691\" \/>\u2022 P\u00f5lve\u00f5mblused paremaks liikuvuseks<br data-start=\"727\" data-end=\"730\" \/>\u2022 Lukuga taskud\u00a0<br data-start=\"774\" data-end=\"777\" \/>\u2022 Helkurdetailidega n\u00f6\u00f6r paremaks n\u00e4htavuseks<\/p>\n<p data-start=\"826\" data-end=\"913\" data-is-last-node=\"\" data-is-only-node=\"\">Koostis:<br data-start=\"838\" data-end=\"841\" \/>\u2022 85% taaskasutatud nailon, 15% elastaan<br data-start=\"881\" data-end=\"884\" \/>\u2022 86% pol\u00fcamiid, 14% elastaan<\/p>\n","protected":false},"excerpt":{"rendered":"<p>Gennaker p\u00fcksid on kerged, vastupidavad ja mugavad kanda. Kaitsevad tuule ja kerge vihma eest ning sobivad h\u00e4sti nii aktiivseks liikumiseks kui ka igap\u00e4evaseks kandmiseks. Valmistatud taaskasutatud materjalidest ning venivast kangast, mis liigub kehaga kaasa. Praktilised detailid nagu s\u00e4\u00e4retasku, reguleeritav v\u00f6\u00f6, lukuga taskud ja helkurdetailid teevad selle eriti mugavaks ja funktsionaalseks. \u2022 85% taaskasutatud nailon, veniv [&hellip;]<\/p>\n","protected":false},"featured_media":0,"template":"","meta":{"_acf_changed":false},"pwb-brand":[],"product_brand":[],"product_cat":[15],"product_tag":[],"woo-feed-brand":[],"class_list":{"0":"post-95986","1":"product","2":"type-product","3":"status-publish","5":"product_cat-maaramata","7":"first","8":"instock","9":"taxable","10":"shipping-taxable","11":"purchasable","12":"product-type-variable","13":"wvs-archive-product-wrapper"},"acf":[],"brands":[],"_links":{"self":[{"href":"https:\/\/nautical.store\/en\/wp-json\/wp\/v2\/product\/95986","targetHints":{"allow":["GET"]}}],"collection":[{"href":"https:\/\/nautical.store\/en\/wp-json\/wp\/v2\/product"}],"about":[{"href":"https:\/\/nautical.store\/en\/wp-json\/wp\/v2\/types\/product"}],"wp:attachment":[{"href":"https:\/\/nautical.store\/en\/wp-json\/wp\/v2\/media?parent=95986"}],"wp:term":[{"taxonomy":"pwb-brand","embeddable":true,"href":"https:\/\/nautical.store\/en\/wp-json\/wp\/v2\/pwb-brand?post=95986"},{"taxonomy":"product_brand","embeddable":true,"href":"https:\/\/nautical.store\/en\/wp-json\/wp\/v2\/product_brand?post=95986"},{"taxonomy":"product_cat","embeddable":true,"href":"https:\/\/nautical.store\/en\/wp-json\/wp\/v2\/product_cat?post=95986"},{"taxonomy":"product_tag","embeddable":true,"href":"https:\/\/nautical.store\/en\/wp-json\/wp\/v2\/product_tag?post=95986"},{"taxonomy":"woo-feed-brand","embeddable":true,"href":"https:\/\/nautical.store\/en\/wp-json\/wp\/v2\/woo-feed-brand?post=95986"}],"curies":[{"name":"wp","href":"https:\/\/api.w.org\/{rel}","templated":true}]}}