{"id":95991,"date":"2026-04-21T21:06:51","date_gmt":"2026-04-21T18:06:51","guid":{"rendered":"https:\/\/nautical.store\/?post_type=product&#038;p=95991"},"modified":"2026-04-25T01:00:08","modified_gmt":"2026-04-24T22:00:08","slug":"explorer-skort","status":"publish","type":"product","link":"https:\/\/nautical.store\/product\/explorer-skort\/","title":{"rendered":"Explorer Skort"},"content":{"rendered":"<p data-start=\"0\" data-end=\"145\">Naistele m\u00f5eldud Explorer Skort on mugav ja sportlik p\u00fcksseelik. Sobib h\u00e4sti aktiivseks liikumiseks nii vee \u00e4\u00e4res, golfim\u00e4ngul v\u00f5i vabal ajal. V\u00e4limine seelik on kerge ja veniv, nii et saad vabalt liikuda. Materjal on vastupidav ja t\u00f5rjub kerget vihma ning pritsmeid. See on tehtud osaliselt taaskasutatud pol\u00fcestrist. Seeliku sees on pehmed ja hingavad l\u00fchikesed. Praktilised taskud ja kahe trukiga kinnitus teevad kandmise mugavaks.<\/p>\n<ul>\n<li data-start=\"914\" data-end=\"1385\">Taaskasutatud\u00a0 v\u00e4limine kangas (92% pol\u00fcester, 8% elastaan)<\/li>\n<li data-start=\"914\" data-end=\"1385\">V\u00f5rkkangast sisemised l\u00fchikesed p\u00fcksid (80% pol\u00fcester, 20% elastaan)<\/li>\n<li data-start=\"914\" data-end=\"1385\">4-suunas veniv, kerge 260 g\/m\u00b2 kangas<\/li>\n<li data-start=\"914\" data-end=\"1385\">PFC-vaba DWR vetth\u00fclgav viimistlus<\/li>\n<li data-start=\"914\" data-end=\"1385\">Kiiresti kuivav, hingav ja kulumiskindel materjal<\/li>\n<li data-start=\"914\" data-end=\"1385\">V\u00e4rvel v\u00f6\u00f6aasaga ja trukk-kinnitusega<\/li>\n<li data-start=\"914\" data-end=\"1385\">K\u00fcljetasku, peidetud lukuga tasku ja tagumine liistutasku<\/li>\n<li data-start=\"914\" data-end=\"1385\">Kolmnurkne lukut\u00f5mmits<\/li>\n<li data-start=\"914\" data-end=\"1385\">Kortsukindel \u2013 ei vaja triikimist<\/li>\n<\/ul>\n<p data-start=\"1387\" data-end=\"1442\" data-is-last-node=\"\" data-is-only-node=\"\">Materjal: 92% taaskasutatud pol\u00fcester, 8% elastaan<\/p>\n","protected":false},"excerpt":{"rendered":"<p>\u00dclej\u00e4\u00e4nud suurused on tulemas lattu<\/p>\n","protected":false},"featured_media":96728,"template":"","meta":{"_acf_changed":false},"pwb-brand":[2663],"product_brand":[],"product_cat":[62,994,922,103,104,98,76],"product_tag":[],"woo-feed-brand":[],"class_list":{"0":"post-95991","1":"product","2":"type-product","3":"status-publish","4":"has-post-thumbnail","6":"pwb-brand-henri-lloyd","7":"product_cat-naised","8":"product_cat-naiste-golfiriided","9":"product_cat-naiste-purjetamisriided","10":"product_cat-puksid-naised","11":"product_cat-seelikud","12":"product_cat-tehnilised-riided-naised","13":"product_cat-uued-tooted","15":"first","16":"instock","17":"taxable","18":"shipping-taxable","19":"purchasable","20":"product-type-variable","21":"wvs-archive-product-wrapper"},"acf":[],"brands":[{"id":2663,"name":"Henri Lloyd","slug":"henri-lloyd"}],"_links":{"self":[{"href":"https:\/\/nautical.store\/en\/wp-json\/wp\/v2\/product\/95991","targetHints":{"allow":["GET"]}}],"collection":[{"href":"https:\/\/nautical.store\/en\/wp-json\/wp\/v2\/product"}],"about":[{"href":"https:\/\/nautical.store\/en\/wp-json\/wp\/v2\/types\/product"}],"wp:featuredmedia":[{"embeddable":true,"href":"https:\/\/nautical.store\/en\/wp-json\/wp\/v2\/media\/96728"}],"wp:attachment":[{"href":"https:\/\/nautical.store\/en\/wp-json\/wp\/v2\/media?parent=95991"}],"wp:term":[{"taxonomy":"pwb-brand","embeddable":true,"href":"https:\/\/nautical.store\/en\/wp-json\/wp\/v2\/pwb-brand?post=95991"},{"taxonomy":"product_brand","embeddable":true,"href":"https:\/\/nautical.store\/en\/wp-json\/wp\/v2\/product_brand?post=95991"},{"taxonomy":"product_cat","embeddable":true,"href":"https:\/\/nautical.store\/en\/wp-json\/wp\/v2\/product_cat?post=95991"},{"taxonomy":"product_tag","embeddable":true,"href":"https:\/\/nautical.store\/en\/wp-json\/wp\/v2\/product_tag?post=95991"},{"taxonomy":"woo-feed-brand","embeddable":true,"href":"https:\/\/nautical.store\/en\/wp-json\/wp\/v2\/woo-feed-brand?post=95991"}],"curies":[{"name":"wp","href":"https:\/\/api.w.org\/{rel}","templated":true}]}}