{"id":97106,"date":"2026-04-25T22:52:10","date_gmt":"2026-04-25T19:52:10","guid":{"rendered":"https:\/\/nautical.store\/?post_type=product&#038;p=97106"},"modified":"2026-04-26T01:00:06","modified_gmt":"2026-04-25T22:00:06","slug":"hanna-polo","status":"publish","type":"product","link":"https:\/\/nautical.store\/en\/product\/hanna-polo\/","title":{"rendered":"Hanna Polo"},"content":{"rendered":"<p data-start=\"0\" data-end=\"162\">Hanna polo on 100% orgaanilisest puuvillast. L\u00fchike, avar ja mugav l\u00f5ige. Klassikaline n\u00f6\u00f6pidega mudel, polo kraega. Langetatud \u00f5lajoon. Valmistatud Euroopas kestlikul viisil.<\/p>\n<ul>\n<li data-start=\"164\" data-end=\"314\">Vaba ja avara l\u00f5ikega<\/li>\n<li data-start=\"164\" data-end=\"314\">Langetatud \u00f5lajoon<\/li>\n<li data-start=\"164\" data-end=\"314\">Logo tikand rinnal<\/li>\n<li data-start=\"164\" data-end=\"314\">Toodetud Euroopas<\/li>\n<li data-start=\"164\" data-end=\"314\">100% puuvill (orgaaniline GOTS)<\/li>\n<\/ul>\n","protected":false},"excerpt":{"rendered":"<p>Hanna polo on 100% orgaanilisest puuvillast. L\u00fchike, avar ja mugav l\u00f5ige. Klassikaline n\u00f6\u00f6pidega mudel, polo kraega. Langetatud \u00f5lajoon. Valmistatud Euroopas kestlikul viisil. Vaba ja avara l\u00f5ikega Langetatud \u00f5lajoon Logo tikand rinnal Toodetud Euroopas 100% puuvill (orgaaniline GOTS)<\/p>\n","protected":false},"featured_media":97196,"template":"","meta":{"_acf_changed":false},"pwb-brand":[60],"product_brand":[],"product_cat":[62,102,76],"product_tag":[],"woo-feed-brand":[],"class_list":{"0":"post-97106","1":"product","2":"type-product","3":"status-publish","4":"has-post-thumbnail","6":"pwb-brand-holebrook","7":"product_cat-naised","8":"product_cat-pluusid","9":"product_cat-uued-tooted","11":"first","12":"instock","13":"taxable","14":"shipping-taxable","15":"purchasable","16":"product-type-variable","17":"wvs-archive-product-wrapper"},"acf":[],"brands":[{"id":60,"name":"Holebrook","slug":"holebrook"}],"_links":{"self":[{"href":"https:\/\/nautical.store\/en\/wp-json\/wp\/v2\/product\/97106","targetHints":{"allow":["GET"]}}],"collection":[{"href":"https:\/\/nautical.store\/en\/wp-json\/wp\/v2\/product"}],"about":[{"href":"https:\/\/nautical.store\/en\/wp-json\/wp\/v2\/types\/product"}],"wp:featuredmedia":[{"embeddable":true,"href":"https:\/\/nautical.store\/en\/wp-json\/wp\/v2\/media\/97196"}],"wp:attachment":[{"href":"https:\/\/nautical.store\/en\/wp-json\/wp\/v2\/media?parent=97106"}],"wp:term":[{"taxonomy":"pwb-brand","embeddable":true,"href":"https:\/\/nautical.store\/en\/wp-json\/wp\/v2\/pwb-brand?post=97106"},{"taxonomy":"product_brand","embeddable":true,"href":"https:\/\/nautical.store\/en\/wp-json\/wp\/v2\/product_brand?post=97106"},{"taxonomy":"product_cat","embeddable":true,"href":"https:\/\/nautical.store\/en\/wp-json\/wp\/v2\/product_cat?post=97106"},{"taxonomy":"product_tag","embeddable":true,"href":"https:\/\/nautical.store\/en\/wp-json\/wp\/v2\/product_tag?post=97106"},{"taxonomy":"woo-feed-brand","embeddable":true,"href":"https:\/\/nautical.store\/en\/wp-json\/wp\/v2\/woo-feed-brand?post=97106"}],"curies":[{"name":"wp","href":"https:\/\/api.w.org\/{rel}","templated":true}]}}