{"id":97115,"date":"2026-04-25T22:55:11","date_gmt":"2026-04-25T19:55:11","guid":{"rendered":"https:\/\/nautical.store\/?post_type=product&#038;p=97115"},"modified":"2026-04-26T01:00:06","modified_gmt":"2026-04-25T22:00:06","slug":"heidi-crew","status":"publish","type":"product","link":"https:\/\/nautical.store\/en\/product\/heidi-crew\/","title":{"rendered":"Heidi Crew Sviiter"},"content":{"rendered":"<p data-start=\"53\" data-end=\"232\">Pitsilise koega sviiter 100% orgaanilisest puuvillast. Struktuursed detailid varrukaotstes ja all\u00e4\u00e4res. Lai \u00fcmar kaelus ja tavaline l\u00f5ige. Valmistatud Euroopas kestlikul viisil.<\/p>\n<ul>\n<li data-start=\"234\" data-end=\"363\">Tavaline l\u00f5ige<\/li>\n<li data-start=\"234\" data-end=\"363\">Pitsiline kude<\/li>\n<li data-start=\"234\" data-end=\"363\">Struktuursed \u00e4\u00e4red<\/li>\n<li data-start=\"234\" data-end=\"363\">Lai \u00fcmar kaelus<\/li>\n<li data-start=\"234\" data-end=\"363\">Toodetud Euroopas<\/li>\n<li data-start=\"234\" data-end=\"363\">Kootud kangas: 100% puuvill (orgaaniline OCS)<\/li>\n<\/ul>\n","protected":false},"excerpt":{"rendered":"<p>Pitsiline sviiter\u00a0100% orgaanilisest puuvillast<\/p>\n","protected":false},"featured_media":97177,"template":"","meta":{"_acf_changed":false},"pwb-brand":[60],"product_brand":[],"product_cat":[64,62,76],"product_tag":[],"woo-feed-brand":[],"class_list":{"0":"post-97115","1":"product","2":"type-product","3":"status-publish","4":"has-post-thumbnail","6":"pwb-brand-holebrook","7":"product_cat-kudumid","8":"product_cat-naised","9":"product_cat-uued-tooted","11":"first","12":"instock","13":"taxable","14":"shipping-taxable","15":"purchasable","16":"product-type-variable","17":"wvs-archive-product-wrapper"},"acf":[],"brands":[{"id":60,"name":"Holebrook","slug":"holebrook"}],"_links":{"self":[{"href":"https:\/\/nautical.store\/en\/wp-json\/wp\/v2\/product\/97115","targetHints":{"allow":["GET"]}}],"collection":[{"href":"https:\/\/nautical.store\/en\/wp-json\/wp\/v2\/product"}],"about":[{"href":"https:\/\/nautical.store\/en\/wp-json\/wp\/v2\/types\/product"}],"wp:featuredmedia":[{"embeddable":true,"href":"https:\/\/nautical.store\/en\/wp-json\/wp\/v2\/media\/97177"}],"wp:attachment":[{"href":"https:\/\/nautical.store\/en\/wp-json\/wp\/v2\/media?parent=97115"}],"wp:term":[{"taxonomy":"pwb-brand","embeddable":true,"href":"https:\/\/nautical.store\/en\/wp-json\/wp\/v2\/pwb-brand?post=97115"},{"taxonomy":"product_brand","embeddable":true,"href":"https:\/\/nautical.store\/en\/wp-json\/wp\/v2\/product_brand?post=97115"},{"taxonomy":"product_cat","embeddable":true,"href":"https:\/\/nautical.store\/en\/wp-json\/wp\/v2\/product_cat?post=97115"},{"taxonomy":"product_tag","embeddable":true,"href":"https:\/\/nautical.store\/en\/wp-json\/wp\/v2\/product_tag?post=97115"},{"taxonomy":"woo-feed-brand","embeddable":true,"href":"https:\/\/nautical.store\/en\/wp-json\/wp\/v2\/woo-feed-brand?post=97115"}],"curies":[{"name":"wp","href":"https:\/\/api.w.org\/{rel}","templated":true}]}}