{"id":97408,"date":"2026-04-26T14:41:47","date_gmt":"2026-04-26T11:41:47","guid":{"rendered":"https:\/\/nautical.store\/?post_type=product&#038;p=97408"},"modified":"2026-04-27T01:00:04","modified_gmt":"2026-04-26T22:00:04","slug":"marie-top","status":"publish","type":"product","link":"https:\/\/nautical.store\/en\/product\/marie-top\/","title":{"rendered":"Marie Topp"},"content":{"rendered":"<p data-start=\"0\" data-end=\"318\">Varrukateta topp kvaliteetsest puuvillasest popliinkangast. A-l\u00f5ikeline l\u00f5ige ning all\u00e4\u00e4res n\u00f6\u00f6r, millega saad istuvust ja v\u00e4limust h\u00f5lpsasti kohandada. Sirge l\u00f5ikega, k\u00fclgedel v\u00e4ikesed l\u00f5hikud. Sobita kokku Marie l\u00fchikeste p\u00fckste, Marie p\u00fckste v\u00f5i Marie seelikuga, et luua komplekt. J\u00e4tkusuutlikult toodetud Euroopas.<\/p>\n<p data-start=\"320\" data-end=\"461\" data-is-last-node=\"\" data-is-only-node=\"\">\u2022 Sirge l\u00f5ige<br data-start=\"333\" data-end=\"336\" \/>\u2022 N\u00f6\u00f6r all\u00e4\u00e4res<br data-start=\"351\" data-end=\"354\" \/>\u2022 K\u00fclgedel l\u00f5hikud<br data-start=\"372\" data-end=\"375\" \/>\u2022 \u00dcmar kaelus<br data-start=\"388\" data-end=\"391\" \/>\u2022 Toodetud Euroopas<br data-start=\"410\" data-end=\"413\" \/>\u2022 Artiklinumber: S62301<br data-start=\"436\" data-end=\"439\" \/>\u2022 Kangas: 100% puuvill<\/p>\n","protected":false},"excerpt":{"rendered":"<p>Varrukateta topp kvaliteetsest puuvillasest popliinkangast. A-l\u00f5ikeline l\u00f5ige ning all\u00e4\u00e4res n\u00f6\u00f6r, millega saad istuvust ja v\u00e4limust h\u00f5lpsasti kohandada. Sirge l\u00f5ikega, k\u00fclgedel v\u00e4ikesed l\u00f5hikud. Sobita kokku Marie l\u00fchikeste p\u00fckste, Marie p\u00fckste v\u00f5i Marie seelikuga, et luua komplekt. J\u00e4tkusuutlikult toodetud Euroopas. \u2022 Sirge l\u00f5ige\u2022 N\u00f6\u00f6r all\u00e4\u00e4res\u2022 K\u00fclgedel l\u00f5hikud\u2022 \u00dcmar kaelus\u2022 Toodetud Euroopas\u2022 Artiklinumber: S62301\u2022 Kangas: 100% puuvill<\/p>\n","protected":false},"featured_media":97545,"template":"","meta":{"_acf_changed":false},"pwb-brand":[60],"product_brand":[],"product_cat":[62,102,76],"product_tag":[],"woo-feed-brand":[],"class_list":{"0":"post-97408","1":"product","2":"type-product","3":"status-publish","4":"has-post-thumbnail","6":"pwb-brand-holebrook","7":"product_cat-naised","8":"product_cat-pluusid","9":"product_cat-uued-tooted","11":"first","12":"instock","13":"taxable","14":"shipping-taxable","15":"purchasable","16":"product-type-variable","17":"wvs-archive-product-wrapper"},"acf":[],"brands":[{"id":60,"name":"Holebrook","slug":"holebrook"}],"_links":{"self":[{"href":"https:\/\/nautical.store\/en\/wp-json\/wp\/v2\/product\/97408","targetHints":{"allow":["GET"]}}],"collection":[{"href":"https:\/\/nautical.store\/en\/wp-json\/wp\/v2\/product"}],"about":[{"href":"https:\/\/nautical.store\/en\/wp-json\/wp\/v2\/types\/product"}],"wp:featuredmedia":[{"embeddable":true,"href":"https:\/\/nautical.store\/en\/wp-json\/wp\/v2\/media\/97545"}],"wp:attachment":[{"href":"https:\/\/nautical.store\/en\/wp-json\/wp\/v2\/media?parent=97408"}],"wp:term":[{"taxonomy":"pwb-brand","embeddable":true,"href":"https:\/\/nautical.store\/en\/wp-json\/wp\/v2\/pwb-brand?post=97408"},{"taxonomy":"product_brand","embeddable":true,"href":"https:\/\/nautical.store\/en\/wp-json\/wp\/v2\/product_brand?post=97408"},{"taxonomy":"product_cat","embeddable":true,"href":"https:\/\/nautical.store\/en\/wp-json\/wp\/v2\/product_cat?post=97408"},{"taxonomy":"product_tag","embeddable":true,"href":"https:\/\/nautical.store\/en\/wp-json\/wp\/v2\/product_tag?post=97408"},{"taxonomy":"woo-feed-brand","embeddable":true,"href":"https:\/\/nautical.store\/en\/wp-json\/wp\/v2\/woo-feed-brand?post=97408"}],"curies":[{"name":"wp","href":"https:\/\/api.w.org\/{rel}","templated":true}]}}