{"id":97416,"date":"2026-04-26T14:45:08","date_gmt":"2026-04-26T11:45:08","guid":{"rendered":"https:\/\/nautical.store\/?post_type=product&#038;p=97416"},"modified":"2026-04-27T01:00:04","modified_gmt":"2026-04-26T22:00:04","slug":"marie-shirt","status":"publish","type":"product","link":"https:\/\/nautical.store\/en\/product\/marie-shirt\/","title":{"rendered":"Marie Pluus"},"content":{"rendered":"<p data-start=\"0\" data-end=\"286\">Marie pluus kvaliteetsest puuvillasest popliinkangast. Vaba l\u00f5ikega. V-kaelus eest n\u00f6\u00f6pidega. Laiad varrukad, mida saab reguleerida n\u00f6\u00f6riga. Seljal passe ja voldidetail. Sobita kokku Marie p\u00fckste v\u00f5i\u00a0 seelikuga, et luua komplekt. J\u00e4tkusuutlikult toodetud Euroopas.<\/p>\n<p data-start=\"288\" data-end=\"446\" data-is-last-node=\"\" data-is-only-node=\"\">\u2022 Vaba l\u00f5ige<br data-start=\"300\" data-end=\"303\" \/>\u2022 V-kaelus n\u00f6\u00f6pidega<br data-start=\"323\" data-end=\"326\" \/>\u2022 Laiad varrukad n\u00f6\u00f6riga<br data-start=\"350\" data-end=\"353\" \/>\u2022 Voldidetail seljal<br data-start=\"373\" data-end=\"376\" \/>\u2022 Toodetud Euroopas<br data-start=\"421\" data-end=\"424\" \/>\u2022 Kangas: 100% puuvill<\/p>\n","protected":false},"excerpt":{"rendered":"<p>Marie pluus kvaliteetsest puuvillasest popliinkangast. Vaba l\u00f5ikega. V-kaelus eest n\u00f6\u00f6pidega. Laiad varrukad, mida saab reguleerida n\u00f6\u00f6riga. Seljal passe ja voldidetail. Sobita kokku Marie p\u00fckste v\u00f5i\u00a0 seelikuga, et luua komplekt. J\u00e4tkusuutlikult toodetud Euroopas. \u2022 Vaba l\u00f5ige\u2022 V-kaelus n\u00f6\u00f6pidega\u2022 Laiad varrukad n\u00f6\u00f6riga\u2022 Voldidetail seljal\u2022 Toodetud Euroopas\u2022 Kangas: 100% puuvill<\/p>\n","protected":false},"featured_media":97592,"template":"","meta":{"_acf_changed":false},"pwb-brand":[60],"product_brand":[],"product_cat":[62,102,76],"product_tag":[],"woo-feed-brand":[],"class_list":{"0":"post-97416","1":"product","2":"type-product","3":"status-publish","4":"has-post-thumbnail","6":"pwb-brand-holebrook","7":"product_cat-naised","8":"product_cat-pluusid","9":"product_cat-uued-tooted","11":"first","12":"instock","13":"taxable","14":"shipping-taxable","15":"purchasable","16":"product-type-variable","17":"wvs-archive-product-wrapper"},"acf":[],"brands":[{"id":60,"name":"Holebrook","slug":"holebrook"}],"_links":{"self":[{"href":"https:\/\/nautical.store\/en\/wp-json\/wp\/v2\/product\/97416","targetHints":{"allow":["GET"]}}],"collection":[{"href":"https:\/\/nautical.store\/en\/wp-json\/wp\/v2\/product"}],"about":[{"href":"https:\/\/nautical.store\/en\/wp-json\/wp\/v2\/types\/product"}],"wp:featuredmedia":[{"embeddable":true,"href":"https:\/\/nautical.store\/en\/wp-json\/wp\/v2\/media\/97592"}],"wp:attachment":[{"href":"https:\/\/nautical.store\/en\/wp-json\/wp\/v2\/media?parent=97416"}],"wp:term":[{"taxonomy":"pwb-brand","embeddable":true,"href":"https:\/\/nautical.store\/en\/wp-json\/wp\/v2\/pwb-brand?post=97416"},{"taxonomy":"product_brand","embeddable":true,"href":"https:\/\/nautical.store\/en\/wp-json\/wp\/v2\/product_brand?post=97416"},{"taxonomy":"product_cat","embeddable":true,"href":"https:\/\/nautical.store\/en\/wp-json\/wp\/v2\/product_cat?post=97416"},{"taxonomy":"product_tag","embeddable":true,"href":"https:\/\/nautical.store\/en\/wp-json\/wp\/v2\/product_tag?post=97416"},{"taxonomy":"woo-feed-brand","embeddable":true,"href":"https:\/\/nautical.store\/en\/wp-json\/wp\/v2\/woo-feed-brand?post=97416"}],"curies":[{"name":"wp","href":"https:\/\/api.w.org\/{rel}","templated":true}]}}