{"id":14287,"date":"2021-10-20T08:59:17","date_gmt":"2021-10-20T05:59:17","guid":{"rendered":"https:\/\/www.nautical.store\/myyntiehdot\/"},"modified":"2025-03-07T16:37:02","modified_gmt":"2025-03-07T14:37:02","slug":"myyntiehdot","status":"publish","type":"page","link":"https:\/\/nautical.store\/fi\/myyntiehdot\/","title":{"rendered":"Myyntiehdot"},"content":{"rendered":"\t\t<div data-elementor-type=\"wp-page\" data-elementor-id=\"14287\" class=\"elementor elementor-14287 elementor-12\" data-elementor-post-type=\"page\">\n\t\t\t\t\t\t<section class=\"elementor-section elementor-top-section elementor-element elementor-element-eb6cf4 elementor-section-boxed elementor-section-height-default elementor-section-height-default\" data-id=\"eb6cf4\" data-element_type=\"section\" data-e-type=\"section\">\n\t\t\t\t\t\t<div class=\"elementor-container elementor-column-gap-default\">\n\t\t\t\t\t<div class=\"elementor-column elementor-col-100 elementor-top-column elementor-element elementor-element-25ba3287\" data-id=\"25ba3287\" data-element_type=\"column\" data-e-type=\"column\">\n\t\t\t<div class=\"elementor-widget-wrap elementor-element-populated\">\n\t\t\t\t\t\t<div class=\"elementor-element elementor-element-7550bae4 elementor-widget elementor-widget-heading\" data-id=\"7550bae4\" data-element_type=\"widget\" data-e-type=\"widget\" data-widget_type=\"heading.default\">\n\t\t\t\t<div class=\"elementor-widget-container\">\n\t\t\t\t\t<span class=\"elementor-heading-title elementor-size-default\">Hyv\u00e4 tiet\u00e4\u00e4<\/span>\t\t\t\t<\/div>\n\t\t\t\t<\/div>\n\t\t\t\t<div class=\"elementor-element elementor-element-29b912 elementor-widget elementor-widget-text-editor\" data-id=\"29b912\" data-element_type=\"widget\" data-e-type=\"widget\" data-widget_type=\"text-editor.default\">\n\t\t\t\t<div class=\"elementor-widget-container\">\n\t\t\t\t\t\t\t\t\t<p>Verkkokaupan Nautical Store (j\u00e4ljemp\u00e4n\u00e4 Verkkokauppa) omistaja on Ragenford O\u00dc (Viron kaupparekisterinumero 14474374), osoite Nooda tee 8, 13516 Tallinna.<\/p>\n\t\t\t\t\t\t\t\t<\/div>\n\t\t\t\t<\/div>\n\t\t\t\t<div class=\"elementor-element elementor-element-2c36ee15 elementor-widget elementor-widget-toggle\" data-id=\"2c36ee15\" data-element_type=\"widget\" data-e-type=\"widget\" data-widget_type=\"toggle.default\">\n\t\t\t\t<div class=\"elementor-widget-container\">\n\t\t\t\t\t\t\t<div class=\"elementor-toggle\">\n\t\t\t\t\t\t\t<div class=\"elementor-toggle-item\">\n\t\t\t\t\t<div id=\"elementor-tab-title-7411\" class=\"elementor-tab-title\" data-tab=\"1\" role=\"button\" aria-controls=\"elementor-tab-content-7411\" aria-expanded=\"false\">\n\t\t\t\t\t\t\t\t\t\t\t\t<span class=\"elementor-toggle-icon elementor-toggle-icon-right\" aria-hidden=\"true\">\n\t\t\t\t\t\t\t\t\t\t\t\t\t\t\t<span class=\"elementor-toggle-icon-closed\"><i class=\"fas fa-plus\"><\/i><\/span>\n\t\t\t\t\t\t\t\t<span class=\"elementor-toggle-icon-opened\"><i class=\"elementor-toggle-icon-opened fas fa-plus\"><\/i><\/span>\n\t\t\t\t\t\t\t\t\t\t\t\t\t<\/span>\n\t\t\t\t\t\t\t\t\t\t\t\t<a class=\"elementor-toggle-title\" tabindex=\"0\">Myyntisopimuksen voimassaolo, tavara- ja hintatiedot<\/a>\n\t\t\t\t\t<\/div>\n\n\t\t\t\t\t<div id=\"elementor-tab-content-7411\" class=\"elementor-tab-content elementor-clearfix\" data-tab=\"1\" role=\"region\" aria-labelledby=\"elementor-tab-title-7411\"><p>Myyntisopimukset koskevat tuotteiden ostoa Verkkokaupasta. Verkkokaupan hinnat on merkitty tuotteiden yhteyteen. Ne ilmoitetaan euroina ja sis\u00e4lt\u00e4v\u00e4t arvonlis\u00e4veron. Hinnan lis\u00e4ksi ostajalta veloitetaan toimituskulut. Toimituskulut riippuvat ostajan osoitteesta ja toimitustavasta. Toimituskulut n\u00e4kyv\u00e4t ostajalle tilauksen tekemisen yhteydess\u00e4.<\/p><p>Tuotetiedot on esitetty Verkkokaupassa suoraan tuotteen yhteydess\u00e4. Verkkokaupan tuotteiden hinnat ja alennukset voivat poiketa Yritt\u00e4j\u00e4n v\u00e4hitt\u00e4ismyym\u00e4l\u00e4n tuotevalikoimasta, hinnoista ja alennuksista. \u00a0Verkkokaupassa kuvatut Tuotteet ovat yleens\u00e4 olemassa varastossa \/ myyj\u00e4n myym\u00e4l\u00e4ss\u00e4. Mainittujen Tuotteiden saatavuutta ei taata, koska se voi olla erehdytt\u00e4v\u00e4\u00e4 ohjelmissa esiintyvien mahdollisten teknisten ongelmien vuoksi.<br \/>Jos Asiakas tekee tilauksen, mutta k\u00e4y ilmi, ettei Myyj\u00e4ll\u00e4 ole kyseist\u00e4 Tuotetta, ei Verkkokauppa pysty t\u00e4ytt\u00e4m\u00e4\u00e4n annettua tilausta. T\u00e4ss\u00e4 tapauksessa Asiakkaalle palautetaan koko ostosumma heti tuotteen puuttumisen selvi\u00e4misen j\u00e4lkeen.<\/p><p>Verkkokaupassa esitetyt kuvat ovat Tuotteiden kuvituskuvia ja voivat jossain m\u00e4\u00e4rin poiketa Tuotteen todellisesta ulkon\u00e4\u00f6st\u00e4.<\/p><\/div>\n\t\t\t\t<\/div>\n\t\t\t\t\t\t\t<div class=\"elementor-toggle-item\">\n\t\t\t\t\t<div id=\"elementor-tab-title-7412\" class=\"elementor-tab-title\" data-tab=\"2\" role=\"button\" aria-controls=\"elementor-tab-content-7412\" aria-expanded=\"false\">\n\t\t\t\t\t\t\t\t\t\t\t\t<span class=\"elementor-toggle-icon elementor-toggle-icon-right\" aria-hidden=\"true\">\n\t\t\t\t\t\t\t\t\t\t\t\t\t\t\t<span class=\"elementor-toggle-icon-closed\"><i class=\"fas fa-plus\"><\/i><\/span>\n\t\t\t\t\t\t\t\t<span class=\"elementor-toggle-icon-opened\"><i class=\"elementor-toggle-icon-opened fas fa-plus\"><\/i><\/span>\n\t\t\t\t\t\t\t\t\t\t\t\t\t<\/span>\n\t\t\t\t\t\t\t\t\t\t\t\t<a class=\"elementor-toggle-title\" tabindex=\"0\">Tilauksen tekeminen<\/a>\n\t\t\t\t\t<\/div>\n\n\t\t\t\t\t<div id=\"elementor-tab-content-7412\" class=\"elementor-tab-content elementor-clearfix\" data-tab=\"2\" role=\"region\" aria-labelledby=\"elementor-tab-title-7412\"><p>Tuotteet tilataan lis\u00e4\u00e4m\u00e4ll\u00e4 ne ostoskoriin. Tilauksen tekemist\u00e4 varten t\u00e4ytet\u00e4\u00e4n vaaditut tietokent\u00e4t ja valitaan sopiva tuotteiden toimitustapa. Sen j\u00e4lkeen n\u00e4yt\u00f6ll\u00e4 n\u00e4kyy maksettava raham\u00e4\u00e4r\u00e4, joka voidaan suorittaa turvallisesti seuraavilla maksutavoilla:<\/p><ul><li>Tilisiirrot Virossa: Swedbank, SEB, Luminor, LHV, Coop Pank, Citadele, Revolut<\/li><li>Verkkomaksut Suomessa: Danske, Nordea, OP Pankki, Revolut<\/li><li>Tilisiirrot Latviassa: Swedbank, SEB, Citadele, Revolut ja Luminor<\/li><li>Tilisiirrot Liettuassa: Swedbank, SEB, Citadele, \u0160iauliu, Luminor, Medicinos Bankas ja Revolut<\/li><li>Visa\/Mastercard korttimaksut<\/li><\/ul><p>Huom.! Muista painaa pankin sivulla Tagasi kaupmehe juurde (Takaisin kauppiaan luo) -painiketta maksettuasi verkkopankissa.<\/p><p>Maksujen v\u00e4litt\u00e4j\u00e4 on Montonio Finance UAB. Maksaminen tapahtuu Verkkokaupan ulkopuolella turvallisessa ymp\u00e4rist\u00f6ss\u00e4 \u2013 verkkopankilla maksettaessa kyseisen pankin turvallisessa ymp\u00e4rist\u00f6ss\u00e4 ja luottokortilla maksettaessa Montonio Finance UAB:n turvallisessa ymp\u00e4rist\u00f6ss\u00e4. Myyj\u00e4ll\u00e4 ei ole p\u00e4\u00e4sy\u00e4 asiakkaan pankki- ja luottokorttitietoihin. Sopimus tulee voimaan maksettavan raham\u00e4\u00e4r\u00e4n saavuttua Verkkokaupan pankkitilille.<\/p><p>Verkkokaupan omistaja on rekisterinpit\u00e4j\u00e4, joka l\u00e4hett\u00e4\u00e4 maksujen suorittamiseksi tarvittavat henkil\u00f6tiedot henkil\u00f6tietojen k\u00e4sittelij\u00e4lle, joka on Montonio Finance UAB.<\/p><p>Jos tilattua tuotetta ei voida toimittaa tuotteen loppumisen vuoksi tai muusta syyst\u00e4, siit\u00e4 tiedotetaan ostajalle mahdollisimman pian, ja maksetut rahat (ml. toimituskulut) palautetaan viipym\u00e4tt\u00e4, kuitenkin viimeist\u00e4\u00e4n 14 p\u00e4iv\u00e4n kuluttua viestin l\u00e4hett\u00e4misest\u00e4.<\/p><\/div>\n\t\t\t\t<\/div>\n\t\t\t\t\t\t\t<div class=\"elementor-toggle-item\">\n\t\t\t\t\t<div id=\"elementor-tab-title-7413\" class=\"elementor-tab-title\" data-tab=\"3\" role=\"button\" aria-controls=\"elementor-tab-content-7413\" aria-expanded=\"false\">\n\t\t\t\t\t\t\t\t\t\t\t\t<span class=\"elementor-toggle-icon elementor-toggle-icon-right\" aria-hidden=\"true\">\n\t\t\t\t\t\t\t\t\t\t\t\t\t\t\t<span class=\"elementor-toggle-icon-closed\"><i class=\"fas fa-plus\"><\/i><\/span>\n\t\t\t\t\t\t\t\t<span class=\"elementor-toggle-icon-opened\"><i class=\"elementor-toggle-icon-opened fas fa-plus\"><\/i><\/span>\n\t\t\t\t\t\t\t\t\t\t\t\t\t<\/span>\n\t\t\t\t\t\t\t\t\t\t\t\t<a class=\"elementor-toggle-title\" tabindex=\"0\">Toimitus<\/a>\n\t\t\t\t\t<\/div>\n\n\t\t\t\t\t<div id=\"elementor-tab-content-7413\" class=\"elementor-tab-content elementor-clearfix\" data-tab=\"3\" role=\"region\" aria-labelledby=\"elementor-tab-title-7413\"><p>Tuotteita toimitetaan seuraaviin maihin: Viro, Latvia, Liettua, Suomi ja Ruotsi.<\/p><p>Ostajalla on seuraavat vaihtoehdot vastaanottaa Tavara:<\/p><ul><li>Noutaa tilaus osoitteesta Nooda tee 8, Tallinna<\/li><li>DPD Pickup -piste<\/li><li>DPD:n kuriiripalvelu<\/li><li>Omnivan kuriiri<\/li><li>Omnivan pakettiautomaatti<\/li><li>SmartPostin noutopaikka<\/li><li>SmartPostin kuriiri<\/li><\/ul><p>Tuotteen toimituskulut maksaa ostaja, ja asianmukaiset hintatiedot n\u00e4kyv\u00e4t toimitustavan yhteydess\u00e4.<\/p><p>Viron sis\u00e4iset l\u00e4hetykset saapuvat yleens\u00e4 ostajan m\u00e4\u00e4r\u00e4\u00e4m\u00e4\u00e4n paikkaan 1\u20135 arkip\u00e4iv\u00e4n kuluessa myyntisopimuksen voimaantulosta. Viron ulkopuolelle tuotteet toimitetaan 10 vuorokauden kuluessa.<\/p><p>Poikkeustapauksissa verkkokaupalla on oikeus toimittaa tuote enint\u00e4\u00e4n 45 vuorokauden kuluessa.<\/p><\/div>\n\t\t\t\t<\/div>\n\t\t\t\t\t\t\t<div class=\"elementor-toggle-item\">\n\t\t\t\t\t<div id=\"elementor-tab-title-7414\" class=\"elementor-tab-title\" data-tab=\"4\" role=\"button\" aria-controls=\"elementor-tab-content-7414\" aria-expanded=\"false\">\n\t\t\t\t\t\t\t\t\t\t\t\t<span class=\"elementor-toggle-icon elementor-toggle-icon-right\" aria-hidden=\"true\">\n\t\t\t\t\t\t\t\t\t\t\t\t\t\t\t<span class=\"elementor-toggle-icon-closed\"><i class=\"fas fa-plus\"><\/i><\/span>\n\t\t\t\t\t\t\t\t<span class=\"elementor-toggle-icon-opened\"><i class=\"elementor-toggle-icon-opened fas fa-plus\"><\/i><\/span>\n\t\t\t\t\t\t\t\t\t\t\t\t\t<\/span>\n\t\t\t\t\t\t\t\t\t\t\t\t<a class=\"elementor-toggle-title\" tabindex=\"0\">Peruutusoikeus<\/a>\n\t\t\t\t\t<\/div>\n\n\t\t\t\t\t<div id=\"elementor-tab-content-7414\" class=\"elementor-tab-content elementor-clearfix\" data-tab=\"4\" role=\"region\" aria-labelledby=\"elementor-tab-title-7414\"><p>Ostajalla on oikeus peruuttaa verkkokaupassa tehty sopimus 14 p\u00e4iv\u00e4n kuluessa tilatun Tuotteen vastaanottamisesta lukien.<\/p><p>Peruuttamisoikeutta ei sovelleta, jos ostaja on oikeushenkil\u00f6.<\/p><p>14 p\u00e4iv\u00e4n peruuttamisoikeuden k\u00e4ytt\u00f6 edellytt\u00e4\u00e4, ett\u00e4 tilattua tuotetta ei k\u00e4ytet\u00e4 muulla tavalla kuin mik\u00e4 on tarpeen tuotteen olemuksen, ominaisuuksien ja toimivuuden toteamiseksi samalla tavalla kuin tuotetta saa kokeilla fyysisess\u00e4 kaupassa.<\/p><p>Jos tuotetta on k\u00e4ytetty muuhun tarkoitukseen kuin sen olemuksen, ominaisuuksien ja toimivuuden toteamiseen, tai tuotteessa on k\u00e4yt\u00f6n tai kulumisen merkkej\u00e4, verkkokaupalla on oikeus v\u00e4hent\u00e4\u00e4 palautettavaa raham\u00e4\u00e4r\u00e4\u00e4 tuotteen arvon aleneman mukaisesti.<\/p><p>K\u00e4ytt\u00e4k\u00e4\u00e4 Omnivan kautta l\u00e4hetett\u00e4ess\u00e4 tekstiviestiss\u00e4 ilmoitettua 14 p\u00e4iv\u00e4\u00e4 voimassa olevaa ilmaista palautuskoodia. K\u00e4ytt\u00e4k\u00e4\u00e4 SmartPostilla ilmaiseksi palauttamiseksi 14 p\u00e4iv\u00e4n aikana samaa koodia, jolla vastaanotitte paketin. Tuotetta palauttaessa t\u00e4ytet\u00e4\u00e4n <strong><a href=\"https:\/\/www.nautical.store\/wp-content\/uploads\/2022\/01\/tagastuslehtnps.docx\" target=\"_blank\" rel=\"noopener\">kaupan peruuttamishakemus<\/a><\/strong>\u00a0ja se l\u00e4hetet\u00e4\u00e4n s\u00e4hk\u00f6postiosoitteeseen <a href=\"mailto:info@nauticalpartners.ee\">info@nauticalpartners.ee<\/a> viimeist\u00e4\u00e4n 14 p\u00e4iv\u00e4n kuluttua tuotteen vastaanottamisesta.<\/p><p>Palautetun tuotteen saatuaan verkkokauppa palauttaa ostajalle mahdollisimman pian, kuitenkin viimeist\u00e4\u00e4n 14 p\u00e4iv\u00e4n kuluttua peruuttamishakemuksen saapumisesta, kaikki ostajalta sopimuksen mukaan saadut maksut.<\/p><p>Verkkokauppa voi kielt\u00e4yty\u00e4 palauttamasta rahoja, kunnes se on saanut takaisin sopimuksen kohteena olevan tuotteen tai kunnes ostaja on n\u00e4ytt\u00e4nyt toteen, ett\u00e4 h\u00e4n on l\u00e4hett\u00e4nyt tuotteen takaisin riippuen siit\u00e4, kumpi tapahtuu aikaisemmin.<\/p><p>Jos ostaja on valinnut selv\u00e4sanaisesti muun kuin Verkkokaupan ehdottaman halvimman normaalin toimitustavan, Verkkokaupan ei tarvitse korvata kuluttajalle kulua, joka ylitt\u00e4\u00e4 normaaliin toimitustapaan liittyv\u00e4n kulun.<\/p><p>Verkkokaupalla on oikeus peruuttaa kauppa ja vaatia ostajalta tuotteen palauttamista, jos tuotteen hinta on verkkokaupassa vahingossa ilmoitettu huomattavasti markkinahintaa pienemp\u00e4n\u00e4.<\/p><\/div>\n\t\t\t\t<\/div>\n\t\t\t\t\t\t\t<div class=\"elementor-toggle-item\">\n\t\t\t\t\t<div id=\"elementor-tab-title-7415\" class=\"elementor-tab-title\" data-tab=\"5\" role=\"button\" aria-controls=\"elementor-tab-content-7415\" aria-expanded=\"false\">\n\t\t\t\t\t\t\t\t\t\t\t\t<span class=\"elementor-toggle-icon elementor-toggle-icon-right\" aria-hidden=\"true\">\n\t\t\t\t\t\t\t\t\t\t\t\t\t\t\t<span class=\"elementor-toggle-icon-closed\"><i class=\"fas fa-plus\"><\/i><\/span>\n\t\t\t\t\t\t\t\t<span class=\"elementor-toggle-icon-opened\"><i class=\"elementor-toggle-icon-opened fas fa-plus\"><\/i><\/span>\n\t\t\t\t\t\t\t\t\t\t\t\t\t<\/span>\n\t\t\t\t\t\t\t\t\t\t\t\t<a class=\"elementor-toggle-title\" tabindex=\"0\">Reklamointioikeus<\/a>\n\t\t\t\t\t<\/div>\n\n\t\t\t\t\t<div id=\"elementor-tab-content-7415\" class=\"elementor-tab-content elementor-clearfix\" data-tab=\"5\" role=\"region\" aria-labelledby=\"elementor-tab-title-7415\"><p>Verkkokauppa vastaa myym\u00e4ns\u00e4 tuotteen sellaisesta ep\u00e4asianmukaisuudesta tai puutteesta, joka oli olemassa jo tuotteen luovutushetkell\u00e4 tai joka ilmenee kahden vuoden kuluessa tuotteen luovutuksesta ostajalle. T\u00e4st\u00e4 ensimm\u00e4isen vuoden kuluessa tuotteen luovutuksesta ostajalle edellytet\u00e4\u00e4n, ett\u00e4 puute oli olemassa jo esineen luovutusaikana. T\u00e4m\u00e4n oletuksen kumoaminen on Verkkokaupan velvollisuus.<\/p><p>Tuotteen puutteen ilmetty\u00e4 ostajalla on oikeus ottaa kahden kuukauden kuluessa yhteytt\u00e4 verkkokauppaan l\u00e4hett\u00e4m\u00e4ll\u00e4 s\u00e4hk\u00f6postia osoitteeseen <a href=\"mailto:info@nauticalpartners.ee\">info@nauticalpartners.ee<\/a> tai soittamalla numeroon: <a href=\"tel:+37255523133\">+372 5552 3133<\/a>.<\/p><p>Verkkokauppa ei vastaa puutteista, jotka ovat syntyneet sen j\u00e4lkeen kun tuote on luovutettu ostajalle.<\/p><p>Jos verkkokaupasta ostetussa tuotteessa on puutteita, joista verkkokauppa vastaa, Verkkokauppa korjaa tai vaihtaa viallisen tuotteen. Ellei tuotetta ole mahdollista korjata tai vaihtaa, Verkkokauppa palauttaa ostajalle kaikki kauppaan liittyv\u00e4t maksut.<\/p><p>Verkkokauppa vastaa kuluttajan reklamaatioon kirjallisesti tai muulla tavalla, josta j\u00e4\u00e4 kirjallinen todiste, 15 p\u00e4iv\u00e4n kuluessa.<\/p><\/div>\n\t\t\t\t<\/div>\n\t\t\t\t\t\t\t<div class=\"elementor-toggle-item\">\n\t\t\t\t\t<div id=\"elementor-tab-title-7416\" class=\"elementor-tab-title\" data-tab=\"6\" role=\"button\" aria-controls=\"elementor-tab-content-7416\" aria-expanded=\"false\">\n\t\t\t\t\t\t\t\t\t\t\t\t<span class=\"elementor-toggle-icon elementor-toggle-icon-right\" aria-hidden=\"true\">\n\t\t\t\t\t\t\t\t\t\t\t\t\t\t\t<span class=\"elementor-toggle-icon-closed\"><i class=\"fas fa-plus\"><\/i><\/span>\n\t\t\t\t\t\t\t\t<span class=\"elementor-toggle-icon-opened\"><i class=\"elementor-toggle-icon-opened fas fa-plus\"><\/i><\/span>\n\t\t\t\t\t\t\t\t\t\t\t\t\t<\/span>\n\t\t\t\t\t\t\t\t\t\t\t\t<a class=\"elementor-toggle-title\" tabindex=\"0\">Suoramarkkinointi ja henkil\u00f6tietojen k\u00e4sittely<\/a>\n\t\t\t\t\t<\/div>\n\n\t\t\t\t\t<div id=\"elementor-tab-content-7416\" class=\"elementor-tab-content elementor-clearfix\" data-tab=\"6\" role=\"region\" aria-labelledby=\"elementor-tab-title-7416\"><p>Verkkokauppa k\u00e4ytt\u00e4\u00e4 ostajan ilmoittamia henkil\u00f6tietoja vain tilauksen k\u00e4sittelyyn ja tuotteiden l\u00e4hett\u00e4miseen ostajalle. Verkkokauppa luovuttaa ostajan henkil\u00f6tiedot kuljetuspalvelun tarjoajalle tuotteiden toimittamista varten.<\/p><p>Verkkokauppa l\u00e4hett\u00e4\u00e4 uutiskirjeit\u00e4 ja tarjouksia ostajan s\u00e4hk\u00f6postiosoitteeseen vain silloin, kun ostaja on antanut verkkosivuilla s\u00e4hk\u00f6postiosoitteensa ja ilmoittanut haluavansa suoramainontaa.<\/p><p>Ostaja voi milloin tahansa luopua s\u00e4hk\u00f6postitse l\u00e4hetett\u00e4vist\u00e4 tarjouksista ja uutiskirjeist\u00e4 ilmoittamalla siit\u00e4 meille s\u00e4hk\u00f6postitse tai noudattamalla tarjouksia sis\u00e4lt\u00e4v\u00e4ss\u00e4 s\u00e4hk\u00f6postiviestiss\u00e4 annettuja ohjeita.<\/p><\/div>\n\t\t\t\t<\/div>\n\t\t\t\t\t\t\t<div class=\"elementor-toggle-item\">\n\t\t\t\t\t<div id=\"elementor-tab-title-7417\" class=\"elementor-tab-title\" data-tab=\"7\" role=\"button\" aria-controls=\"elementor-tab-content-7417\" aria-expanded=\"false\">\n\t\t\t\t\t\t\t\t\t\t\t\t<span class=\"elementor-toggle-icon elementor-toggle-icon-right\" aria-hidden=\"true\">\n\t\t\t\t\t\t\t\t\t\t\t\t\t\t\t<span class=\"elementor-toggle-icon-closed\"><i class=\"fas fa-plus\"><\/i><\/span>\n\t\t\t\t\t\t\t\t<span class=\"elementor-toggle-icon-opened\"><i class=\"elementor-toggle-icon-opened fas fa-plus\"><\/i><\/span>\n\t\t\t\t\t\t\t\t\t\t\t\t\t<\/span>\n\t\t\t\t\t\t\t\t\t\t\t\t<a class=\"elementor-toggle-title\" tabindex=\"0\">Erimielisyyksien ratkaiseminen<\/a>\n\t\t\t\t\t<\/div>\n\n\t\t\t\t\t<div id=\"elementor-tab-content-7417\" class=\"elementor-tab-content elementor-clearfix\" data-tab=\"7\" role=\"region\" aria-labelledby=\"elementor-tab-title-7417\"><p>Jos ostajalla on Verkkokauppaa koskevia valituksia, ne l\u00e4hetet\u00e4\u00e4n s\u00e4hk\u00f6postiosoitteeseen <a href=\"mailto:info@nauticalpartners.ee\">info@nauticalpartners.ee<\/a> tai soittaa numeroon <a href=\"tel:+37255523133\">+372 5552 3133<\/a>.<\/p><p>Elleiv\u00e4t ostaja ja Verkkokauppa pysty ratkaisemaan riitaa neuvotteluteitse, ostaja voi valittaa asiasta Viron kuluttajariitalautakunnalle. Menettelyihin voi tutustua ja hakemuksen voi j\u00e4tt\u00e4\u00e4\u00a0<strong><a href=\"https:\/\/komisjon.ee\/et\/avalduse-esitamine\">t\u00e4ss\u00e4<\/a><\/strong>. Kuluttajariitalautakunta on toimivaltainen ratkaisemaan ostajan ja Verkkokaupan v\u00e4lisest\u00e4 sopimuksesta aiheutuvia riitoja. Ostajan valituksen k\u00e4sittely lautakunnassa on maksutonta.<\/p><p>Ostaja voi ottaa yhteytt\u00e4\u00a0<strong><a href=\"https:\/\/ec.europa.eu\/consumers\/odr\/main\/index.cfm?event=main.home2.show&amp;lng=ET\">Euroopan kuluttajakeskukseen<\/a><\/strong>.<\/p><\/div>\n\t\t\t\t<\/div>\n\t\t\t\t\t\t\t\t<\/div>\n\t\t\t\t\t\t<\/div>\n\t\t\t\t<\/div>\n\t\t\t\t\t<\/div>\n\t\t<\/div>\n\t\t\t\t\t<\/div>\n\t\t<\/section>\n\t\t\t\t<\/div>\n\t\t","protected":false},"excerpt":{"rendered":"<p>Hyv\u00e4 tiet\u00e4\u00e4 Verkkokaupan Nautical Store (j\u00e4ljemp\u00e4n\u00e4 Verkkokauppa) omistaja on Ragenford O\u00dc (Viron kaupparekisterinumero 14474374), osoite Nooda tee 8, 13516 Tallinna. Myyntisopimuksen voimassaolo, tavara- ja hintatiedot Myyntisopimukset koskevat tuotteiden ostoa Verkkokaupasta. Verkkokaupan hinnat on merkitty tuotteiden yhteyteen. Ne ilmoitetaan euroina ja sis\u00e4lt\u00e4v\u00e4t arvonlis\u00e4veron. Hinnan lis\u00e4ksi ostajalta veloitetaan toimituskulut. Toimituskulut riippuvat ostajan osoitteesta ja toimitustavasta. Toimituskulut n\u00e4kyv\u00e4t [&hellip;]<\/p>\n","protected":false},"author":2,"featured_media":0,"parent":0,"menu_order":0,"comment_status":"closed","ping_status":"closed","template":"","meta":{"_acf_changed":false,"footnotes":""},"class_list":["post-14287","page","type-page","status-publish","hentry"],"acf":[],"_links":{"self":[{"href":"https:\/\/nautical.store\/fi\/wp-json\/wp\/v2\/pages\/14287","targetHints":{"allow":["GET"]}}],"collection":[{"href":"https:\/\/nautical.store\/fi\/wp-json\/wp\/v2\/pages"}],"about":[{"href":"https:\/\/nautical.store\/fi\/wp-json\/wp\/v2\/types\/page"}],"author":[{"embeddable":true,"href":"https:\/\/nautical.store\/fi\/wp-json\/wp\/v2\/users\/2"}],"replies":[{"embeddable":true,"href":"https:\/\/nautical.store\/fi\/wp-json\/wp\/v2\/comments?post=14287"}],"version-history":[{"count":5,"href":"https:\/\/nautical.store\/fi\/wp-json\/wp\/v2\/pages\/14287\/revisions"}],"predecessor-version":[{"id":72466,"href":"https:\/\/nautical.store\/fi\/wp-json\/wp\/v2\/pages\/14287\/revisions\/72466"}],"wp:attachment":[{"href":"https:\/\/nautical.store\/fi\/wp-json\/wp\/v2\/media?parent=14287"}],"curies":[{"name":"wp","href":"https:\/\/api.w.org\/{rel}","templated":true}]}}