{"id":14297,"date":"2021-10-20T08:42:25","date_gmt":"2021-10-20T05:42:25","guid":{"rendered":"https:\/\/www.nautical.store\/tietosuojakaytanto\/"},"modified":"2023-10-12T09:56:48","modified_gmt":"2023-10-12T06:56:48","slug":"tietosuojakaytanto","status":"publish","type":"page","link":"https:\/\/nautical.store\/fi\/tietosuojakaytanto\/","title":{"rendered":"Tietosuojak\u00e4yt\u00e4nt\u00f6"},"content":{"rendered":"\t\t<div data-elementor-type=\"wp-page\" data-elementor-id=\"14297\" class=\"elementor elementor-14297 elementor-3\" data-elementor-post-type=\"page\">\n\t\t\t\t\t\t<section class=\"elementor-section elementor-top-section elementor-element elementor-element-29a5af7a elementor-section-boxed elementor-section-height-default elementor-section-height-default\" data-id=\"29a5af7a\" data-element_type=\"section\" data-e-type=\"section\">\n\t\t\t\t\t\t<div class=\"elementor-container elementor-column-gap-default\">\n\t\t\t\t\t<div class=\"elementor-column elementor-col-100 elementor-top-column elementor-element elementor-element-48dffc96\" data-id=\"48dffc96\" data-element_type=\"column\" data-e-type=\"column\">\n\t\t\t<div class=\"elementor-widget-wrap elementor-element-populated\">\n\t\t\t\t\t\t<div class=\"elementor-element elementor-element-3bf59d07 elementor-widget elementor-widget-heading\" data-id=\"3bf59d07\" data-element_type=\"widget\" data-e-type=\"widget\" data-widget_type=\"heading.default\">\n\t\t\t\t<div class=\"elementor-widget-container\">\n\t\t\t\t\t<span class=\"elementor-heading-title elementor-size-default\">Hyv\u00e4 tiet\u00e4\u00e4<\/span>\t\t\t\t<\/div>\n\t\t\t\t<\/div>\n\t\t\t\t<div class=\"elementor-element elementor-element-7bfb9b34 elementor-widget elementor-widget-toggle\" data-id=\"7bfb9b34\" data-element_type=\"widget\" data-e-type=\"widget\" data-widget_type=\"toggle.default\">\n\t\t\t\t<div class=\"elementor-widget-container\">\n\t\t\t\t\t\t\t<div class=\"elementor-toggle\">\n\t\t\t\t\t\t\t<div class=\"elementor-toggle-item\">\n\t\t\t\t\t<div id=\"elementor-tab-title-2081\" class=\"elementor-tab-title\" data-tab=\"1\" role=\"button\" aria-controls=\"elementor-tab-content-2081\" aria-expanded=\"false\">\n\t\t\t\t\t\t\t\t\t\t\t\t<span class=\"elementor-toggle-icon elementor-toggle-icon-right\" aria-hidden=\"true\">\n\t\t\t\t\t\t\t\t\t\t\t\t\t\t\t<span class=\"elementor-toggle-icon-closed\"><i class=\"fas fa-plus\"><\/i><\/span>\n\t\t\t\t\t\t\t\t<span class=\"elementor-toggle-icon-opened\"><i class=\"elementor-toggle-icon-opened fas fa-minus\"><\/i><\/span>\n\t\t\t\t\t\t\t\t\t\t\t\t\t<\/span>\n\t\t\t\t\t\t\t\t\t\t\t\t<a class=\"elementor-toggle-title\" tabindex=\"0\">Yleiset s\u00e4\u00e4nn\u00f6kset<\/a>\n\t\t\t\t\t<\/div>\n\n\t\t\t\t\t<div id=\"elementor-tab-content-2081\" class=\"elementor-tab-content elementor-clearfix\" data-tab=\"1\" role=\"region\" aria-labelledby=\"elementor-tab-title-2081\"><p>1.1. N\u00e4iss\u00e4 tietosuojaehdoissa s\u00e4\u00e4det\u00e4\u00e4n henkil\u00f6tietojen ker\u00e4\u00e4mist\u00e4, k\u00e4sittely\u00e4 ja s\u00e4ilytt\u00e4mist\u00e4 k\u00e4sittelev\u00e4t periaatteet. Henkil\u00f6tietoja ker\u00e4\u00e4, k\u00e4sittelee ja s\u00e4ilytt\u00e4\u00e4 henkil\u00f6tiedoista vastaava k\u00e4sittelij\u00e4 Ragenford O\u00dc (J\u00e4ljemp\u00e4n\u00e4 Rekisterinpit\u00e4j\u00e4).<\/p>\n<p>1.2. Rekister\u00f6ity on tietosuojak\u00e4yt\u00e4nteiden merkityksess\u00e4 asiakas tai muu luonnollinen henkil\u00f6, jonka tietoja Rekisterinpit\u00e4j\u00e4 k\u00e4sittelee.<\/p>\n<p>1.3. Asiakas on tietosuojak\u00e4yt\u00e4nteiden merkityksess\u00e4 jokainen, joka ostaa Rekisterinpit\u00e4j\u00e4n verkkosivulta tuotteita tai palveluita.<\/p>\n<p>1.4. Rekisterinpit\u00e4j\u00e4 noudattaa s\u00e4\u00e4d\u00f6ksiss\u00e4 s\u00e4\u00e4dettyjen tietojenk\u00e4sittelyn periaatteita. Rekisterinpit\u00e4j\u00e4 muun muassa k\u00e4sittelee henkil\u00f6tietoja lainmukaisesti, oikein ja turvallisesti. Rekisterinpit\u00e4j\u00e4 pystyy vahvistamaan, ett\u00e4 henkil\u00f6tietoja on k\u00e4sitelty lains\u00e4\u00e4d\u00e4nn\u00f6n mukaisesti.<\/p>\n<\/div>\n\t\t\t\t<\/div>\n\t\t\t\t\t\t\t<div class=\"elementor-toggle-item\">\n\t\t\t\t\t<div id=\"elementor-tab-title-2082\" class=\"elementor-tab-title\" data-tab=\"2\" role=\"button\" aria-controls=\"elementor-tab-content-2082\" aria-expanded=\"false\">\n\t\t\t\t\t\t\t\t\t\t\t\t<span class=\"elementor-toggle-icon elementor-toggle-icon-right\" aria-hidden=\"true\">\n\t\t\t\t\t\t\t\t\t\t\t\t\t\t\t<span class=\"elementor-toggle-icon-closed\"><i class=\"fas fa-plus\"><\/i><\/span>\n\t\t\t\t\t\t\t\t<span class=\"elementor-toggle-icon-opened\"><i class=\"elementor-toggle-icon-opened fas fa-minus\"><\/i><\/span>\n\t\t\t\t\t\t\t\t\t\t\t\t\t<\/span>\n\t\t\t\t\t\t\t\t\t\t\t\t<a class=\"elementor-toggle-title\" tabindex=\"0\">Henkil\u00f6tietojen ker\u00e4\u00e4minen, k\u00e4sittely ja s\u00e4ilytys<\/a>\n\t\t\t\t\t<\/div>\n\n\t\t\t\t\t<div id=\"elementor-tab-content-2082\" class=\"elementor-tab-content elementor-clearfix\" data-tab=\"2\" role=\"region\" aria-labelledby=\"elementor-tab-title-2082\"><p>2.1. Henkil\u00f6tiedot, joita Rekisterinpit\u00e4j\u00e4 ker\u00e4\u00e4, k\u00e4sittelee ja s\u00e4ilytt\u00e4\u00e4, on ker\u00e4tty s\u00e4hk\u00f6isesti, l\u00e4hinn\u00e4 verkkosivun ja s\u00e4hk\u00f6postin kautta.<\/p>\n<p>2.2. Omat henkil\u00f6tiedot jakaessaan Rekister\u00f6ity antaa Rekisterinpit\u00e4j\u00e4lle oikeuden ker\u00e4t\u00e4, j\u00e4rjest\u00e4\u00e4, k\u00e4ytt\u00e4\u00e4 ja hallinnoida tietosuojaehdoissa m\u00e4\u00e4ritellyss\u00e4 tavoitteessa henkil\u00f6tietoja, jotka Rekister\u00f6ity jakaa suoraan tai v\u00e4lillisesti verkkosivulta tuotteita tai palveluita ostaessaan Rekisterinpit\u00e4j\u00e4lle.<\/p>\n<p>2.3. Rekister\u00f6ity vastaa siit\u00e4, ett\u00e4 h\u00e4nen esitt\u00e4m\u00e4ns\u00e4 tiedot olisivat t\u00e4sm\u00e4llisi\u00e4, oikeita ja kokonaisia. Tietoisesti v\u00e4\u00e4rien tietojen esitt\u00e4mist\u00e4 pidet\u00e4\u00e4n tietosuojaehtojen rikkomisena. Rekister\u00f6ity on velvollinen ilmoittamaan Rekisterinpit\u00e4j\u00e4lle v\u00e4litt\u00f6m\u00e4sti esitt\u00e4miens\u00e4 tietojen muuttumisesta.<\/p>\n<p>2.4. Rekisterinpit\u00e4j\u00e4 ei vastaa Rekister\u00f6idyn esitt\u00e4mist\u00e4 v\u00e4\u00e4rist\u00e4 tiedoista aiheutuneista vahingoista Rekister\u00f6idylle tai kolmansille osapuolille.<\/p>\n<\/div>\n\t\t\t\t<\/div>\n\t\t\t\t\t\t\t<div class=\"elementor-toggle-item\">\n\t\t\t\t\t<div id=\"elementor-tab-title-2083\" class=\"elementor-tab-title\" data-tab=\"3\" role=\"button\" aria-controls=\"elementor-tab-content-2083\" aria-expanded=\"false\">\n\t\t\t\t\t\t\t\t\t\t\t\t<span class=\"elementor-toggle-icon elementor-toggle-icon-right\" aria-hidden=\"true\">\n\t\t\t\t\t\t\t\t\t\t\t\t\t\t\t<span class=\"elementor-toggle-icon-closed\"><i class=\"fas fa-plus\"><\/i><\/span>\n\t\t\t\t\t\t\t\t<span class=\"elementor-toggle-icon-opened\"><i class=\"elementor-toggle-icon-opened fas fa-minus\"><\/i><\/span>\n\t\t\t\t\t\t\t\t\t\t\t\t\t<\/span>\n\t\t\t\t\t\t\t\t\t\t\t\t<a class=\"elementor-toggle-title\" tabindex=\"0\">Asiakkaiden Henkil\u00f6tietojen k\u00e4sittely<\/a>\n\t\t\t\t\t<\/div>\n\n\t\t\t\t\t<div id=\"elementor-tab-content-2083\" class=\"elementor-tab-content elementor-clearfix\" data-tab=\"3\" role=\"region\" aria-labelledby=\"elementor-tab-title-2083\"><p>3.1. Rekisterinpit\u00e4j\u00e4 voi k\u00e4sitell\u00e4 seuraavia Rekister\u00f6idyn henkil\u00f6tietoja:<\/p>\n<p>3.1.1. Etu- ja sukunimi, puhelinnumero ja s\u00e4hk\u00f6postiosoite<\/p>\n<p>3.1.2. Syntym\u00e4aika<\/p>\n<p>3.1.3. Toimitusosoite<\/p>\n<p>3.1.4. Tilinumero<\/p>\n<p>3.1.5. Maksukortin tiedot<\/p>\n<p>3.1.6. Tuotteiden ja palvelujen hinta- ja maksutiedot (ostohistoria)<\/p>\n<p>3.1.7. Asiakastukea koskevat tiedot<\/p>\n<p>3.2. Edell\u00e4 mainitun lis\u00e4ksi Rekisterinpit\u00e4j\u00e4ll\u00e4 on oikeus ker\u00e4t\u00e4 asiakkaasta tietoja, jotka ovat saatavana julkisissa rekistereiss\u00e4.<\/p>\n<p>3.3. Henkil\u00f6tietojen oikeudellinen peruste on henkil\u00f6tietosuojan yleism\u00e4\u00e4r\u00e4yksen 6 \u00a7 1 mom kohdat a), b), c) ja f):<\/p>\n<p>a) Rekister\u00f6ity on antanut suostumuksen k\u00e4sitell\u00e4 henkil\u00f6tietojaan yhdess\u00e4 tai useammassa konkreettisessa tavoitteessa<\/p>\n<p>b) henkil\u00f6tietojen k\u00e4sittely on tarpeen Rekister\u00f6idyn kanssa solmitun sopimuksen t\u00e4ytt\u00e4miseksi tai sopimusten solmimista edelt\u00e4vien keinojen k\u00e4ytt\u00f6\u00f6n ottamiseksi Rekister\u00f6idyn hakemuksen mukaisesti<\/p>\n<p>henkil\u00f6tietojen k\u00e4sittely on tarpeen vastaavan k\u00e4sittelij\u00e4n juridisten velvoitteiden t\u00e4ytt\u00e4miseksi<\/p>\n<p>f) henkil\u00f6tietojen k\u00e4sittely on tarpeen vastaavan k\u00e4sittelij\u00e4n tai kolmannen osapuolen oikeutetun edun kannalta, paitsi siin\u00e4 tapauksessa, ett\u00e4 Rekister\u00f6idyn edut, perusoikeudet ja -tarpeet ylitt\u00e4v\u00e4t t\u00e4m\u00e4n, jolloin on suojattava henkil\u00f6tietoja, erityisesti jos Rekister\u00f6ity on lapsi.<\/p>\n<p>3.4. Henkil\u00f6tietojen k\u00e4sittely k\u00e4sittelyn tavoitteen mukaisesti:<\/p>\n<p>3.4.1. K\u00e4sittelyn tavoite \u2013 turvallisuus<br \/>Henkil\u00f6tietojen s\u00e4ilytt\u00e4misen enimm\u00e4isaika \u2013 laissa mainittujen m\u00e4\u00e4r\u00e4aikojen mukaisesti<\/p>\n<p>3.4.2. K\u00e4sittelyn tarkoitus \u2013 tilauksen k\u00e4sittely<br \/>Henkil\u00f6tietojen s\u00e4ilytt\u00e4misen enimm\u00e4isaika \u2013<strong>&nbsp;<\/strong>kolme vuotta<\/p>\n<p>3.4.3. K\u00e4sittelyn tavoite \u2013 verkkokaupan palveluiden toimimisen takaaminen<br \/>Henkil\u00f6tietojen s\u00e4ilytt\u00e4misen enimm\u00e4isaika \u2013&nbsp;kolme vuotta<\/p>\n<p>3.4.4. K\u00e4sittelyn tarkoitus \u2013 asiakashallinta<br \/>Henkil\u00f6tietojen s\u00e4ilytt\u00e4misen enimm\u00e4isaika \u2013&nbsp;Kun verkkokaupan k\u00e4ytt\u00e4j\u00e4tili poistetaan, my\u00f6s henkil\u00f6tiedot poistetaan, paitsi jos niiden s\u00e4ilytt\u00e4minen on v\u00e4ltt\u00e4m\u00e4t\u00f6nt\u00e4 kirjanpitoa tai kuluttajariidan ratkaisua varten.<\/p>\n<p>3.4.5. K\u00e4sittelyn tarkoitus \u2013 liiketoiminta, kirjanpito<br \/>Henkil\u00f6tietojen s\u00e4ilytt\u00e4misen enimm\u00e4isaika \u2013 laissa mainittujen m\u00e4\u00e4r\u00e4aikojen mukaisesti<\/p>\n<p>3.4.6. K\u00e4sittelyn tarkoitus \u2013 markkinointi<br \/>Henkil\u00f6tietojen s\u00e4ilytt\u00e4misen enimm\u00e4isaika on kolme vuotta<\/p>\n<p>3.5. Rekisterinpit\u00e4j\u00e4ll\u00e4 on oikeus luovuttaa asiakkaiden henkil\u00f6tietoja kolmansille osapuolille, joita ovat esimerkiksi valtuutetut tietojenk\u00e4sittelij\u00e4t, kirjanpit\u00e4j\u00e4t, kuljetus- ja kuriiriyritykset ja maksunsiirtopalveluja tarjoavat yritykset. Rekisterinpit\u00e4j\u00e4 on henkil\u00f6tietojen vastaava k\u00e4sittelij\u00e4. Rekisterinpit\u00e4j\u00e4 l\u00e4hett\u00e4\u00e4 maksujen suorittamiseksi tarvittavat henkil\u00f6tiedot valtuutetulle k\u00e4sittelij\u00e4lle, Montonio Finance OU\u0308:lle.<\/p>\n<p>3.6. Rekister\u00f6idyn henkil\u00f6tietojen k\u00e4sittelyss\u00e4 ja s\u00e4ilytt\u00e4misess\u00e4 rekisterinpit\u00e4j\u00e4 k\u00e4ytt\u00e4\u00e4 organisatorisia ja teknisi\u00e4 menetelmi\u00e4, jotka takaavat henkil\u00f6tietosuojan vahingossa tapahtuneen tai laittoman tuhoamisen, muuttamisen, julkistamisen tai mink\u00e4 tahansa muun laittoman k\u00e4sittelyn.<\/p>\n<p>3.7. Rekisterinpit\u00e4j\u00e4 s\u00e4ilytt\u00e4\u00e4 rekister\u00f6idyn tietoja k\u00e4sittelyn tarkoituksen mukaisesti, mutta kuitenkin enint\u00e4\u00e4n&nbsp;kolme&nbsp;vuotta.<\/p>\n<\/div>\n\t\t\t\t<\/div>\n\t\t\t\t\t\t\t<div class=\"elementor-toggle-item\">\n\t\t\t\t\t<div id=\"elementor-tab-title-2084\" class=\"elementor-tab-title\" data-tab=\"4\" role=\"button\" aria-controls=\"elementor-tab-content-2084\" aria-expanded=\"false\">\n\t\t\t\t\t\t\t\t\t\t\t\t<span class=\"elementor-toggle-icon elementor-toggle-icon-right\" aria-hidden=\"true\">\n\t\t\t\t\t\t\t\t\t\t\t\t\t\t\t<span class=\"elementor-toggle-icon-closed\"><i class=\"fas fa-plus\"><\/i><\/span>\n\t\t\t\t\t\t\t\t<span class=\"elementor-toggle-icon-opened\"><i class=\"elementor-toggle-icon-opened fas fa-minus\"><\/i><\/span>\n\t\t\t\t\t\t\t\t\t\t\t\t\t<\/span>\n\t\t\t\t\t\t\t\t\t\t\t\t<a class=\"elementor-toggle-title\" tabindex=\"0\">Rekister\u00f6idyn oikeudet<\/a>\n\t\t\t\t\t<\/div>\n\n\t\t\t\t\t<div id=\"elementor-tab-content-2084\" class=\"elementor-tab-content elementor-clearfix\" data-tab=\"4\" role=\"region\" aria-labelledby=\"elementor-tab-title-2084\"><p>4.1. Rekister\u00f6idyll\u00e4 on oikeus saada p\u00e4\u00e4sy omiin henkil\u00f6tietoihinsa ja tutustua niihin.<\/p>\n<p>4.2. Rekister\u00f6idyll\u00e4 on oikeus saada tietoja omien henkil\u00f6tietojensa k\u00e4sittelyst\u00e4.<\/p>\n<p>4.3. Rekister\u00f6idyll\u00e4 on oikeus t\u00e4ydent\u00e4\u00e4 tai korjata ep\u00e4tarkkoja tietoja.<\/p>\n<p>4.4. Jos rekisterinpit\u00e4j\u00e4 k\u00e4sittelee rekister\u00f6idyn henkil\u00f6tietoja rekister\u00f6idyn suostumuksen perusteella, on rekister\u00f6idyll\u00e4 oikeus perua suostumuksensa milloin tahansa.<\/p>\n<p>4.5. Rekister\u00f6ity voi k\u00e4\u00e4nty\u00e4 oikeuksiensa k\u00e4ytt\u00e4miseksi verkkokaupan asiakastuen puoleen osoitteessa&nbsp;<a href=\"mailto:info@nauticalpartners.ee\">info@nauticalpartners.ee<\/a>.<\/p>\n<p>4.6. Rekister\u00f6idyll\u00e4 on mahdollisuus esitt\u00e4\u00e4 oikeuksiensa puolustamiseksi valitus Tietosuojavirastolle.<\/p>\n<\/div>\n\t\t\t\t<\/div>\n\t\t\t\t\t\t\t<div class=\"elementor-toggle-item\">\n\t\t\t\t\t<div id=\"elementor-tab-title-2085\" class=\"elementor-tab-title\" data-tab=\"5\" role=\"button\" aria-controls=\"elementor-tab-content-2085\" aria-expanded=\"false\">\n\t\t\t\t\t\t\t\t\t\t\t\t<span class=\"elementor-toggle-icon elementor-toggle-icon-right\" aria-hidden=\"true\">\n\t\t\t\t\t\t\t\t\t\t\t\t\t\t\t<span class=\"elementor-toggle-icon-closed\"><i class=\"fas fa-plus\"><\/i><\/span>\n\t\t\t\t\t\t\t\t<span class=\"elementor-toggle-icon-opened\"><i class=\"elementor-toggle-icon-opened fas fa-minus\"><\/i><\/span>\n\t\t\t\t\t\t\t\t\t\t\t\t\t<\/span>\n\t\t\t\t\t\t\t\t\t\t\t\t<a class=\"elementor-toggle-title\" tabindex=\"0\">Muut s\u00e4\u00e4nn\u00f6kset<\/a>\n\t\t\t\t\t<\/div>\n\n\t\t\t\t\t<div id=\"elementor-tab-content-2085\" class=\"elementor-tab-content elementor-clearfix\" data-tab=\"5\" role=\"region\" aria-labelledby=\"elementor-tab-title-2085\"><p>5.1. T\u00e4m\u00e4 tietosuojaehdot on laadittu Euroopan parlamentin ja neuvoston m\u00e4\u00e4r\u00e4yksen (EU) nro 2016\/679 mukaisesti luonnollisen henkil\u00f6iden suojasta henkil\u00f6tietoja k\u00e4sitelt\u00e4ess\u00e4 ja tietojen vapaasta liikkumisesta, sek\u00e4 direktiivin 95\/46\/EY mit\u00e4t\u00f6imisest\u00e4 \/ EY (henkil\u00f6tietojen suojan yleism\u00e4\u00e4r\u00e4ys), Viron tasavallan henkil\u00f6tietosuojalain sek\u00e4 Viron tasavallan ja EU:n lains\u00e4\u00e4d\u00e4nn\u00f6n mukaisesti.<\/p>\n<p>5.2. Rekisterinpit\u00e4j\u00e4ll\u00e4 on oikeus muuttaa tietosuojaehtoja osittain tai t\u00e4ysin ilmoittamalla rekister\u00f6idylle muutoksista verkkosivun&nbsp;<a href=\"\/\">nauticalpartners.ee<\/a><strong>&nbsp;<\/strong>kautta.<\/p>\n<\/div>\n\t\t\t\t<\/div>\n\t\t\t\t\t\t\t\t<\/div>\n\t\t\t\t\t\t<\/div>\n\t\t\t\t<\/div>\n\t\t\t\t\t<\/div>\n\t\t<\/div>\n\t\t\t\t\t<\/div>\n\t\t<\/section>\n\t\t\t\t<\/div>\n\t\t","protected":false},"excerpt":{"rendered":"<p>Hyv\u00e4 tiet\u00e4\u00e4 Yleiset s\u00e4\u00e4nn\u00f6kset 1.1. N\u00e4iss\u00e4 tietosuojaehdoissa s\u00e4\u00e4det\u00e4\u00e4n henkil\u00f6tietojen ker\u00e4\u00e4mist\u00e4, k\u00e4sittely\u00e4 ja s\u00e4ilytt\u00e4mist\u00e4 k\u00e4sittelev\u00e4t periaatteet. Henkil\u00f6tietoja ker\u00e4\u00e4, k\u00e4sittelee ja s\u00e4ilytt\u00e4\u00e4 henkil\u00f6tiedoista vastaava k\u00e4sittelij\u00e4 Ragenford O\u00dc (J\u00e4ljemp\u00e4n\u00e4 Rekisterinpit\u00e4j\u00e4). 1.2. Rekister\u00f6ity on tietosuojak\u00e4yt\u00e4nteiden merkityksess\u00e4 asiakas tai muu luonnollinen henkil\u00f6, jonka tietoja Rekisterinpit\u00e4j\u00e4 k\u00e4sittelee. 1.3. Asiakas on tietosuojak\u00e4yt\u00e4nteiden merkityksess\u00e4 jokainen, joka ostaa Rekisterinpit\u00e4j\u00e4n verkkosivulta tuotteita tai palveluita. 1.4. [&hellip;]<\/p>\n","protected":false},"author":2,"featured_media":0,"parent":0,"menu_order":0,"comment_status":"closed","ping_status":"closed","template":"","meta":{"_acf_changed":false,"footnotes":""},"class_list":["post-14297","page","type-page","status-publish","hentry"],"acf":[],"_links":{"self":[{"href":"https:\/\/nautical.store\/fi\/wp-json\/wp\/v2\/pages\/14297","targetHints":{"allow":["GET"]}}],"collection":[{"href":"https:\/\/nautical.store\/fi\/wp-json\/wp\/v2\/pages"}],"about":[{"href":"https:\/\/nautical.store\/fi\/wp-json\/wp\/v2\/types\/page"}],"author":[{"embeddable":true,"href":"https:\/\/nautical.store\/fi\/wp-json\/wp\/v2\/users\/2"}],"replies":[{"embeddable":true,"href":"https:\/\/nautical.store\/fi\/wp-json\/wp\/v2\/comments?post=14297"}],"version-history":[{"count":3,"href":"https:\/\/nautical.store\/fi\/wp-json\/wp\/v2\/pages\/14297\/revisions"}],"predecessor-version":[{"id":53977,"href":"https:\/\/nautical.store\/fi\/wp-json\/wp\/v2\/pages\/14297\/revisions\/53977"}],"wp:attachment":[{"href":"https:\/\/nautical.store\/fi\/wp-json\/wp\/v2\/media?parent=14297"}],"curies":[{"name":"wp","href":"https:\/\/api.w.org\/{rel}","templated":true}]}}