{"id":22749,"date":"2022-02-07T15:58:08","date_gmt":"2022-02-07T13:58:08","guid":{"rendered":"https:\/\/www.nautical.store\/yrityksesta\/"},"modified":"2025-12-11T10:49:16","modified_gmt":"2025-12-11T08:49:16","slug":"yrityksesta","status":"publish","type":"page","link":"https:\/\/nautical.store\/fi\/yrityksesta\/","title":{"rendered":"Yrityksest\u00e4"},"content":{"rendered":"\t\t<div data-elementor-type=\"wp-page\" data-elementor-id=\"22749\" class=\"elementor elementor-22749 elementor-10268\" data-elementor-post-type=\"page\">\n\t\t\t\t\t\t<section class=\"elementor-section elementor-top-section elementor-element elementor-element-3ea7cae2 elementor-section-boxed elementor-section-height-default elementor-section-height-default\" data-id=\"3ea7cae2\" data-element_type=\"section\" data-e-type=\"section\">\n\t\t\t\t\t\t<div class=\"elementor-container elementor-column-gap-default\">\n\t\t\t\t\t<div class=\"elementor-column elementor-col-100 elementor-top-column elementor-element elementor-element-7eca3d29\" data-id=\"7eca3d29\" data-element_type=\"column\" data-e-type=\"column\">\n\t\t\t<div class=\"elementor-widget-wrap elementor-element-populated\">\n\t\t\t\t\t\t<div class=\"elementor-element elementor-element-d784a2b elementor-widget elementor-widget-text-editor\" data-id=\"d784a2b\" data-element_type=\"widget\" data-e-type=\"widget\" data-widget_type=\"text-editor.default\">\n\t\t\t\t<div class=\"elementor-widget-container\">\n\t\t\t\t\t\t\t\t\t<h5><strong>Nautical Store \u2013 Pohjoismainen laatu, joka kest\u00e4\u00e4<\/strong><\/h5><p>Nautical Store on perheyritys, joka tuo Viron markkinoille huolellisesti valittuja vaate- ja jalkinemerkkej\u00e4, joissa yhdistyv\u00e4t mukavuus, kest\u00e4vyys ja ajaton estetiikka. Valikoimassamme on br\u00e4ndej\u00e4, joilla on vahvat juuret joko merenkulun perinteess\u00e4, pohjoismaisissa s\u00e4\u00e4olosuhteissa tai laadukkaan k\u00e4sity\u00f6n traditiossa.<\/p><p>Lis\u00e4lukemista: <a href=\"https:\/\/www.aripaev.ee\/sisuturundus\/2025\/10\/31\/riietus-mis-ei-vali-sihtkohta-kust-leida-praktiline-pohjamaine-stiil-eestis?_gl=1*i356i7*_ga*MTczOTI2MjIzNC4xNzY1Mjg2MzI4*_ga_E3MGTD307B*czE3NjUyODYzMjckbzEkZzAkdDE3NjUyODYzMjkkajYwJGwwJGgw\">\u00c4rip\u00e4evan sis\u00e4lt\u00f6markkinointiartikkeli: \u201cVaatetus, joka ei valitse kohdetta \u2013 mist\u00e4 l\u00f6yt\u00e4\u00e4 k\u00e4yt\u00e4nn\u00f6llinen pohjoismainen tyyli Virossa?\u201d<\/a><\/p><h5><strong>Skandinaavinen filosofia \u2013 v\u00e4hemm\u00e4n on enemm\u00e4n<\/strong><\/h5><p>Arvomme perustuvat Pohjoismaiseen pukeutumiskulttuuriin, jossa yksi hyvin valittu vaatekappale korvaa viisi keskinkertaista. Skandinaviassa on tavallista investoida laatuun, joka kest\u00e4\u00e4 vuosia \u2013 vaatekaappi ei vaihdu joka kaudella, vaan kehittyy harkitusti ajan my\u00f6t\u00e4.<\/p><p>T\u00e4llainen l\u00e4hestymistapa sopii erinomaisesti my\u00f6s Viroon: ilmastomme on suurimman osan vuodesta samanlainen kuin Ruotsissa ja Suomessa, joten pohjoismainen k\u00e4yt\u00e4nn\u00f6llinen tyyli on t\u00e4\u00e4ll\u00e4 luonnollinen valinta. Yksinkertaiset leikkaukset, laadukkaat materiaalit, mukavuus ja s\u00e4\u00e4nkest\u00e4vyys ovat avainsanoja, jotka m\u00e4\u00e4rittelev\u00e4t Nautical Store\u2019n valikoiman.<\/p><p>Filosofiamme on yksinkertainen \u2013 tyyli ja vastuullisuus voivat kulkea k\u00e4si k\u00e4dess\u00e4. Siksi tarjoamme vain br\u00e4ndej\u00e4, jotka panostavat tietoisesti tuotantoprosesseihin, kest\u00e4viin materiaaleihin ja harkittuun muotoiluun.<\/p><h5><strong>Br\u00e4ndimme<\/strong><\/h5><p><b>Henri-Lloyd<\/b>\u00a0<br \/>Teknisten purjehdus- ja s\u00e4\u00e4nkest\u00e4vien vaatteiden edell\u00e4k\u00e4vij\u00e4, perustettu 1963. Tunnettu innovatiivisista materiaaleista ja ratkaisuista, yhdist\u00e4\u00e4 nyky\u00e4\u00e4n brittil\u00e4isen merenkulun perinn\u00f6n, modernin urheilumuodin ja ajattomasti viimeistellyn designin.<\/p><p><b>Pelle P<\/b>\u00a0<br \/>Tekniset vaatteet, jotka on suunniteltu selviytym\u00e4\u00e4n niin merell\u00e4, vuorilla kuin kaupunkiymp\u00e4rist\u00f6ss\u00e4. Keski\u00f6ss\u00e4 toiminnallisuus, kest\u00e4v\u00e4t materiaalit ja mukava istuvuus.<\/p><p><b>Holebrook<\/b>\u00a0<br \/>Ruotsalainen br\u00e4ndi, jonka vaatteet sopivat t\u00e4ydellisesti kaikenlaisiin s\u00e4\u00e4olosuhteisiin. Klassinen pohjoismainen tyyli ja k\u00e4yt\u00e4nn\u00f6llinen k\u00e4ytt\u00f6mukavuus mahdollistavat luonnosta ja arjesta nauttimisen ilman rajoituksia.<\/p><p><b>Orca Bay<\/b>\u00a0<br \/>Premium-jalkineet, jotka valmistetaan k\u00e4sity\u00f6n\u00e4 mestarien toimesta. Korkealaatuiset nahat ja materiaalit hankitaan ymp\u00e4ri maailmaa, ja jokainen pari yhdist\u00e4\u00e4 eleganssin, mukavuuden ja kest\u00e4vyyden.<\/p><p><b>LeDD<\/b>\u00a0<br \/>Italialaisen muotoilun ja k\u00e4yt\u00e4nn\u00f6llisen mukavuuden yhdistelm\u00e4. Eritt\u00e4in kevyet jalkineet, jotka tarjoavat paljain jaloin k\u00e4velemisen tunteen, mutta takaavat silti suojan ja tuen. Sopii tietoiselle kuluttajalle, joka arvostaa estetiikkaa ja liikkumisvapautta.<\/p><h5><b>Arvomme<\/b><\/h5><p class=\"pd-MsoNormal\">Nautical Store\u2019n ajattelutapa perustuu vakaumukseen, ett\u00e4 laadukas vaatetus ei valitse kohdetta \u2013 se sopii niin kaupunkip\u00e4iviin, luonnossa liikkumiseen kuin vapaahetkiin. Jokainen vaatekappale valitaan sen mukaan, kest\u00e4\u00e4k\u00f6 se aikaa, s\u00e4\u00e4t\u00e4 ja k\u00e4ytt\u00f6\u00e4.<\/p><p class=\"pd-MsoNormal\">Tavoitteemme on tarjota vaatteita ja jalkineita, joissa tunnet olosi hyv\u00e4ksi joka p\u00e4iv\u00e4 ja jotka palvelevat sinua vuosia, eiv\u00e4t vain kausia.<\/p><p class=\"pd-MsoNormal\"><b>Nautical Store \u2013 k\u00e4yt\u00e4nn\u00f6llinen pohjoismainen tyyli, joka ei mene pois muodista.<\/b><\/p>\t\t\t\t\t\t\t\t<\/div>\n\t\t\t\t<\/div>\n\t\t\t\t\t<\/div>\n\t\t<\/div>\n\t\t\t\t\t<\/div>\n\t\t<\/section>\n\t\t\t\t<\/div>\n\t\t","protected":false},"excerpt":{"rendered":"<p>Nautical Store \u2013 Pohjoismainen laatu, joka kest\u00e4\u00e4 Nautical Store on perheyritys, joka tuo Viron markkinoille huolellisesti valittuja vaate- ja jalkinemerkkej\u00e4, joissa yhdistyv\u00e4t mukavuus, kest\u00e4vyys ja ajaton estetiikka. Valikoimassamme on br\u00e4ndej\u00e4, joilla on vahvat juuret joko merenkulun perinteess\u00e4, pohjoismaisissa s\u00e4\u00e4olosuhteissa tai laadukkaan k\u00e4sity\u00f6n traditiossa. Lis\u00e4lukemista: \u00c4rip\u00e4evan sis\u00e4lt\u00f6markkinointiartikkeli: \u201cVaatetus, joka ei valitse kohdetta \u2013 mist\u00e4 l\u00f6yt\u00e4\u00e4 k\u00e4yt\u00e4nn\u00f6llinen [&hellip;]<\/p>\n","protected":false},"author":2,"featured_media":0,"parent":0,"menu_order":0,"comment_status":"closed","ping_status":"closed","template":"","meta":{"_acf_changed":false,"footnotes":""},"class_list":["post-22749","page","type-page","status-publish","hentry"],"acf":[],"_links":{"self":[{"href":"https:\/\/nautical.store\/fi\/wp-json\/wp\/v2\/pages\/22749","targetHints":{"allow":["GET"]}}],"collection":[{"href":"https:\/\/nautical.store\/fi\/wp-json\/wp\/v2\/pages"}],"about":[{"href":"https:\/\/nautical.store\/fi\/wp-json\/wp\/v2\/types\/page"}],"author":[{"embeddable":true,"href":"https:\/\/nautical.store\/fi\/wp-json\/wp\/v2\/users\/2"}],"replies":[{"embeddable":true,"href":"https:\/\/nautical.store\/fi\/wp-json\/wp\/v2\/comments?post=22749"}],"version-history":[{"count":5,"href":"https:\/\/nautical.store\/fi\/wp-json\/wp\/v2\/pages\/22749\/revisions"}],"predecessor-version":[{"id":90198,"href":"https:\/\/nautical.store\/fi\/wp-json\/wp\/v2\/pages\/22749\/revisions\/90198"}],"wp:attachment":[{"href":"https:\/\/nautical.store\/fi\/wp-json\/wp\/v2\/media?parent=22749"}],"curies":[{"name":"wp","href":"https:\/\/api.w.org\/{rel}","templated":true}]}}