{"id":16054,"date":"2022-01-04T14:38:17","date_gmt":"2022-01-04T12:38:17","guid":{"rendered":"https:\/\/www.nautical.store\/toode\/n-pitka-pellavapaita\/"},"modified":"2026-03-20T22:59:06","modified_gmt":"2026-03-20T20:59:06","slug":"pitka-pellavapaita","status":"publish","type":"product","link":"https:\/\/nautical.store\/fi\/tuote\/pitka-pellavapaita\/","title":{"rendered":"PelleP pitk\u00e4 pellavapaita"},"content":{"rendered":"<p>PelleP pitk\u00e4 pellavapaita on kevyt ja hengitt\u00e4v\u00e4 100 % paita, jossa on pehme\u00e4 tekstuuri. Hihat voi k\u00e4\u00e4r\u00e4ist\u00e4 yl\u00f6s ja kiinnitt\u00e4\u00e4 nappihihnalla. Muotoillut saumat edess\u00e4 ja takana tuovat kauniin istuvuuden, ja mukana tuleva vy\u00f6 antaa mahdollisuuden s\u00e4\u00e4t\u00e4\u00e4 tyyli\u00e4 \u2013 voit k\u00e4ytt\u00e4\u00e4 sit\u00e4 tai pit\u00e4\u00e4 mekon rennosti ilman vy\u00f6t\u00e4. Monik\u00e4ytt\u00f6inen ja ajaton vaate, joka sopii t\u00e4ydellisesti niin arkeen kuin kes\u00e4p\u00e4iviin!<\/p>\n","protected":false},"excerpt":{"rendered":"<p>Vy\u00f6llinen pellavapaita<\/p>\n","protected":false},"featured_media":9157,"template":"","meta":{"_acf_changed":false},"pwb-brand":[838],"product_brand":[],"product_cat":[593,827,590],"product_tag":[],"woo-feed-brand":[],"class_list":{"0":"post-16054","1":"product","2":"type-product","3":"status-publish","4":"has-post-thumbnail","6":"pwb-brand-pelle-petterson-fi","7":"product_cat-mekot","8":"product_cat-naiset","9":"product_cat-paidat","11":"first","12":"instock","13":"sale","14":"taxable","15":"shipping-taxable","16":"purchasable","17":"product-type-variable","18":"wvs-archive-product-wrapper"},"acf":[],"brands":[{"id":838,"name":"Pelle Petterson","slug":"pelle-petterson-fi"}],"_links":{"self":[{"href":"https:\/\/nautical.store\/fi\/wp-json\/wp\/v2\/product\/16054","targetHints":{"allow":["GET"]}}],"collection":[{"href":"https:\/\/nautical.store\/fi\/wp-json\/wp\/v2\/product"}],"about":[{"href":"https:\/\/nautical.store\/fi\/wp-json\/wp\/v2\/types\/product"}],"wp:featuredmedia":[{"embeddable":true,"href":"https:\/\/nautical.store\/fi\/wp-json\/wp\/v2\/media\/9157"}],"wp:attachment":[{"href":"https:\/\/nautical.store\/fi\/wp-json\/wp\/v2\/media?parent=16054"}],"wp:term":[{"taxonomy":"pwb-brand","embeddable":true,"href":"https:\/\/nautical.store\/fi\/wp-json\/wp\/v2\/pwb-brand?post=16054"},{"taxonomy":"product_brand","embeddable":true,"href":"https:\/\/nautical.store\/fi\/wp-json\/wp\/v2\/product_brand?post=16054"},{"taxonomy":"product_cat","embeddable":true,"href":"https:\/\/nautical.store\/fi\/wp-json\/wp\/v2\/product_cat?post=16054"},{"taxonomy":"product_tag","embeddable":true,"href":"https:\/\/nautical.store\/fi\/wp-json\/wp\/v2\/product_tag?post=16054"},{"taxonomy":"woo-feed-brand","embeddable":true,"href":"https:\/\/nautical.store\/fi\/wp-json\/wp\/v2\/woo-feed-brand?post=16054"}],"curies":[{"name":"wp","href":"https:\/\/api.w.org\/{rel}","templated":true}]}}