{"id":16117,"date":"2021-12-30T12:40:53","date_gmt":"2021-12-30T10:40:53","guid":{"rendered":"https:\/\/www.nautical.store\/toode\/brommo-sukat\/"},"modified":"2025-11-24T11:14:43","modified_gmt":"2025-11-24T09:14:43","slug":"brommo-sokid","status":"publish","type":"product","link":"https:\/\/nautical.store\/fi\/tuote\/brommo-sokid\/","title":{"rendered":"Bromm\u00f6\u2011neulesukat"},"content":{"rendered":"<p><!--StartFragment --><\/p>\n<p>Jacquard\u2011neulotut villasekoitesukat. Yl\u00e4osa on joustinneuletta ja kuvio klassisen tyylinen. Lanka on sertifioitu GRS\u2011standardin mukaisesti, mik\u00e4 takaa suuremman v\u00e4himm\u00e4ism\u00e4\u00e4r\u00e4n kierr\u00e4tetty\u00e4 materiaalia, j\u00e4ljitett\u00e4vyyden sek\u00e4 lis\u00e4tyt sosiaaliset ja ymp\u00e4rist\u00f6vaatimukset. Valmistettu Euroopassa.<\/p>\n<p>Ominaisuudet:<\/p>\n<ul>\n<li>Materiaali: 50 % villa (GRS), 25 % akryyli, 23 % polyamidi, 2 % lycra<\/li>\n<li>Joustinneule yl\u00e4osassa<\/li>\n<li>Unisex<\/li>\n<li>GRS\u2011sertifioitu lanka<\/li>\n<li>Klassinen kuvio<\/li>\n<li>Valmistettu Euroopassa<\/li>\n<\/ul>\n<p><!--EndFragment --><\/p>\n","protected":false},"excerpt":{"rendered":"<p>Jacquard villasekoitesukat, unisex<\/p>\n","protected":false},"featured_media":85474,"template":"","meta":{"_acf_changed":false},"pwb-brand":[836],"product_brand":[],"product_cat":[628,629,777,827],"product_tag":[],"woo-feed-brand":[],"class_list":{"0":"post-16117","1":"product","2":"type-product","3":"status-publish","4":"has-post-thumbnail","6":"pwb-brand-holebrook-fi","7":"product_cat-asusteet","8":"product_cat-asusteet-naiset","9":"product_cat-miehet","10":"product_cat-naiset","12":"first","13":"instock","14":"taxable","15":"shipping-taxable","16":"purchasable","17":"product-type-variable","18":"wvs-archive-product-wrapper"},"acf":[],"brands":[{"id":836,"name":"Holebrook","slug":"holebrook-fi"}],"_links":{"self":[{"href":"https:\/\/nautical.store\/fi\/wp-json\/wp\/v2\/product\/16117","targetHints":{"allow":["GET"]}}],"collection":[{"href":"https:\/\/nautical.store\/fi\/wp-json\/wp\/v2\/product"}],"about":[{"href":"https:\/\/nautical.store\/fi\/wp-json\/wp\/v2\/types\/product"}],"wp:featuredmedia":[{"embeddable":true,"href":"https:\/\/nautical.store\/fi\/wp-json\/wp\/v2\/media\/85474"}],"wp:attachment":[{"href":"https:\/\/nautical.store\/fi\/wp-json\/wp\/v2\/media?parent=16117"}],"wp:term":[{"taxonomy":"pwb-brand","embeddable":true,"href":"https:\/\/nautical.store\/fi\/wp-json\/wp\/v2\/pwb-brand?post=16117"},{"taxonomy":"product_brand","embeddable":true,"href":"https:\/\/nautical.store\/fi\/wp-json\/wp\/v2\/product_brand?post=16117"},{"taxonomy":"product_cat","embeddable":true,"href":"https:\/\/nautical.store\/fi\/wp-json\/wp\/v2\/product_cat?post=16117"},{"taxonomy":"product_tag","embeddable":true,"href":"https:\/\/nautical.store\/fi\/wp-json\/wp\/v2\/product_tag?post=16117"},{"taxonomy":"woo-feed-brand","embeddable":true,"href":"https:\/\/nautical.store\/fi\/wp-json\/wp\/v2\/woo-feed-brand?post=16117"}],"curies":[{"name":"wp","href":"https:\/\/api.w.org\/{rel}","templated":true}]}}