{"id":16263,"date":"2021-12-21T15:51:35","date_gmt":"2021-12-21T13:51:35","guid":{"rendered":"https:\/\/www.nautical.store\/toode\/gavin-pusero\/"},"modified":"2025-11-10T22:45:14","modified_gmt":"2025-11-10T20:45:14","slug":"gavin-neule","status":"publish","type":"product","link":"https:\/\/nautical.store\/fi\/tuote\/gavin-neule\/","title":{"rendered":"Gavin Neule"},"content":{"rendered":"<p>Tyylik\u00e4s ja ajaton miesten neulepusero, valmistettu hengitt\u00e4v\u00e4st\u00e4 100 % puuvillasta. Suora leikkaus ja 3 cm halkio helmassa tuovat lis\u00e4mukavuutta. P\u00e4\u00e4ntie, helma ja hihansuut on viimeistelty sis\u00e4puolelta kontrastiv\u00e4rill\u00e4. Edess\u00e4 k\u00e4yt\u00e4nn\u00f6llinen rintatasku.<br \/>\nValmistettu Euroopassa.<\/p>\n","protected":false},"excerpt":{"rendered":"<p>Miesten klassinen neulepusero \u2013 100 % puuvillaa<\/p>\n","protected":false},"featured_media":8892,"template":"","meta":{"_acf_changed":false},"pwb-brand":[836],"product_brand":[],"product_cat":[876,777,619],"product_tag":[],"woo-feed-brand":[],"class_list":{"0":"post-16263","1":"product","2":"type-product","3":"status-publish","4":"has-post-thumbnail","6":"pwb-brand-holebrook-fi","7":"product_cat-edullinen-hinta-miehet-fi","8":"product_cat-miehet","9":"product_cat-neuleet-miehet","11":"first","12":"instock","13":"sale","14":"taxable","15":"shipping-taxable","16":"purchasable","17":"product-type-variable","18":"wvs-archive-product-wrapper"},"acf":[],"brands":[{"id":836,"name":"Holebrook","slug":"holebrook-fi"}],"_links":{"self":[{"href":"https:\/\/nautical.store\/fi\/wp-json\/wp\/v2\/product\/16263","targetHints":{"allow":["GET"]}}],"collection":[{"href":"https:\/\/nautical.store\/fi\/wp-json\/wp\/v2\/product"}],"about":[{"href":"https:\/\/nautical.store\/fi\/wp-json\/wp\/v2\/types\/product"}],"wp:featuredmedia":[{"embeddable":true,"href":"https:\/\/nautical.store\/fi\/wp-json\/wp\/v2\/media\/8892"}],"wp:attachment":[{"href":"https:\/\/nautical.store\/fi\/wp-json\/wp\/v2\/media?parent=16263"}],"wp:term":[{"taxonomy":"pwb-brand","embeddable":true,"href":"https:\/\/nautical.store\/fi\/wp-json\/wp\/v2\/pwb-brand?post=16263"},{"taxonomy":"product_brand","embeddable":true,"href":"https:\/\/nautical.store\/fi\/wp-json\/wp\/v2\/product_brand?post=16263"},{"taxonomy":"product_cat","embeddable":true,"href":"https:\/\/nautical.store\/fi\/wp-json\/wp\/v2\/product_cat?post=16263"},{"taxonomy":"product_tag","embeddable":true,"href":"https:\/\/nautical.store\/fi\/wp-json\/wp\/v2\/product_tag?post=16263"},{"taxonomy":"woo-feed-brand","embeddable":true,"href":"https:\/\/nautical.store\/fi\/wp-json\/wp\/v2\/woo-feed-brand?post=16263"}],"curies":[{"name":"wp","href":"https:\/\/api.w.org\/{rel}","templated":true}]}}