{"id":16304,"date":"2021-12-21T11:57:44","date_gmt":"2021-12-21T09:57:44","guid":{"rendered":"https:\/\/www.nautical.store\/toode\/barbro-hame\/"},"modified":"2025-12-09T22:45:21","modified_gmt":"2025-12-09T20:45:21","slug":"barbro-seelik","status":"publish","type":"product","link":"https:\/\/nautical.store\/fi\/tuote\/barbro-seelik\/","title":{"rendered":"Barbro-hame"},"content":{"rendered":"<p>Puuvillainen neulehame A-linjaisella leikkauksella. Edess\u00e4 suuret taskut ja py\u00f6ristetty helma tuovat ilmett\u00e4. Sopii t\u00e4ydellisesti yhteen Barbro-jakun tai Barbro-puseron kanssa.<br \/>\n\u2022 A-linjainen malli<br \/>\n\u2022 Suuret etutaskut<br \/>\n\u2022 Py\u00f6ristetty helma<br \/>\n\u2022 Koko M: helman pituus 77 cm<br \/>\n\u2022 100 % puuvillaa<\/p>\n","protected":false},"excerpt":{"rendered":"<p>Puuvillainen neulehame A\u2011linjaisella leikkauksella<\/p>\n","protected":false},"featured_media":8844,"template":"","meta":{"_acf_changed":false},"pwb-brand":[836],"product_brand":[],"product_cat":[877,639,827,601,2183],"product_tag":[],"woo-feed-brand":[],"class_list":{"0":"post-16304","1":"product","2":"type-product","3":"status-publish","4":"has-post-thumbnail","6":"pwb-brand-holebrook-fi","7":"product_cat-edullinen-hinta-naiset","8":"product_cat-hameet","9":"product_cat-naiset","10":"product_cat-neuleet","11":"product_cat-outlet-fi","13":"first","14":"instock","15":"sale","16":"taxable","17":"shipping-taxable","18":"purchasable","19":"product-type-variable","20":"wvs-archive-product-wrapper"},"acf":[],"brands":[{"id":836,"name":"Holebrook","slug":"holebrook-fi"}],"_links":{"self":[{"href":"https:\/\/nautical.store\/fi\/wp-json\/wp\/v2\/product\/16304","targetHints":{"allow":["GET"]}}],"collection":[{"href":"https:\/\/nautical.store\/fi\/wp-json\/wp\/v2\/product"}],"about":[{"href":"https:\/\/nautical.store\/fi\/wp-json\/wp\/v2\/types\/product"}],"wp:featuredmedia":[{"embeddable":true,"href":"https:\/\/nautical.store\/fi\/wp-json\/wp\/v2\/media\/8844"}],"wp:attachment":[{"href":"https:\/\/nautical.store\/fi\/wp-json\/wp\/v2\/media?parent=16304"}],"wp:term":[{"taxonomy":"pwb-brand","embeddable":true,"href":"https:\/\/nautical.store\/fi\/wp-json\/wp\/v2\/pwb-brand?post=16304"},{"taxonomy":"product_brand","embeddable":true,"href":"https:\/\/nautical.store\/fi\/wp-json\/wp\/v2\/product_brand?post=16304"},{"taxonomy":"product_cat","embeddable":true,"href":"https:\/\/nautical.store\/fi\/wp-json\/wp\/v2\/product_cat?post=16304"},{"taxonomy":"product_tag","embeddable":true,"href":"https:\/\/nautical.store\/fi\/wp-json\/wp\/v2\/product_tag?post=16304"},{"taxonomy":"woo-feed-brand","embeddable":true,"href":"https:\/\/nautical.store\/fi\/wp-json\/wp\/v2\/woo-feed-brand?post=16304"}],"curies":[{"name":"wp","href":"https:\/\/api.w.org\/{rel}","templated":true}]}}