{"id":16322,"date":"2021-12-20T15:38:54","date_gmt":"2021-12-20T13:38:54","guid":{"rendered":"https:\/\/www.nautical.store\/toode\/sofi-poncho\/"},"modified":"2025-12-01T13:38:58","modified_gmt":"2025-12-01T11:38:58","slug":"sofi-pontso","status":"publish","type":"product","link":"https:\/\/nautical.store\/fi\/tuote\/sofi-pontso\/","title":{"rendered":"Sofie\u2011poncho"},"content":{"rendered":"<p>Kudottu poncho eritt\u00e4in hienosta merinovillasta viimeistelem\u00e4tt\u00f6mill\u00e4 reunoilla. Ponchoa voi k\u00e4ytt\u00e4\u00e4 ja yhdistell\u00e4 monin eri tavoin. Lanka on varustettu Woolmark\u2011laatusertifikaatilla, joka takaa, ett\u00e4 tuote on valmistettu 100 % puhtaasta villasta ja t\u00e4ytt\u00e4\u00e4 korkeat laatuvaatimukset. Kest\u00e4v\u00e4sti tuotettu Euroopassa.<br \/>\nKudottu kangas: 100 % eritt\u00e4in hieno merinovilla<\/p>\n","protected":false},"excerpt":{"rendered":"<p>100 % merinovillainen poncho<\/p>\n","protected":false},"featured_media":77657,"template":"","meta":{"_acf_changed":false},"pwb-brand":[836],"product_brand":[],"product_cat":[629,827,601],"product_tag":[],"woo-feed-brand":[],"class_list":{"0":"post-16322","1":"product","2":"type-product","3":"status-publish","4":"has-post-thumbnail","6":"pwb-brand-holebrook-fi","7":"product_cat-asusteet-naiset","8":"product_cat-naiset","9":"product_cat-neuleet","11":"first","12":"instock","13":"taxable","14":"shipping-taxable","15":"purchasable","16":"product-type-variable","17":"wvs-archive-product-wrapper"},"acf":[],"brands":[{"id":836,"name":"Holebrook","slug":"holebrook-fi"}],"_links":{"self":[{"href":"https:\/\/nautical.store\/fi\/wp-json\/wp\/v2\/product\/16322","targetHints":{"allow":["GET"]}}],"collection":[{"href":"https:\/\/nautical.store\/fi\/wp-json\/wp\/v2\/product"}],"about":[{"href":"https:\/\/nautical.store\/fi\/wp-json\/wp\/v2\/types\/product"}],"wp:featuredmedia":[{"embeddable":true,"href":"https:\/\/nautical.store\/fi\/wp-json\/wp\/v2\/media\/77657"}],"wp:attachment":[{"href":"https:\/\/nautical.store\/fi\/wp-json\/wp\/v2\/media?parent=16322"}],"wp:term":[{"taxonomy":"pwb-brand","embeddable":true,"href":"https:\/\/nautical.store\/fi\/wp-json\/wp\/v2\/pwb-brand?post=16322"},{"taxonomy":"product_brand","embeddable":true,"href":"https:\/\/nautical.store\/fi\/wp-json\/wp\/v2\/product_brand?post=16322"},{"taxonomy":"product_cat","embeddable":true,"href":"https:\/\/nautical.store\/fi\/wp-json\/wp\/v2\/product_cat?post=16322"},{"taxonomy":"product_tag","embeddable":true,"href":"https:\/\/nautical.store\/fi\/wp-json\/wp\/v2\/product_tag?post=16322"},{"taxonomy":"woo-feed-brand","embeddable":true,"href":"https:\/\/nautical.store\/fi\/wp-json\/wp\/v2\/woo-feed-brand?post=16322"}],"curies":[{"name":"wp","href":"https:\/\/api.w.org\/{rel}","templated":true}]}}