{"id":16332,"date":"2021-12-20T14:45:02","date_gmt":"2021-12-20T12:45:02","guid":{"rendered":"https:\/\/www.nautical.store\/toode\/n-lyhyet-crew-bermuda-housut\/"},"modified":"2022-06-07T11:12:55","modified_gmt":"2022-06-07T08:12:55","slug":"w-crew-bermuda-luhikesed-puksid","status":"publish","type":"product","link":"https:\/\/nautical.store\/fi\/tuote\/w-crew-bermuda-luhikesed-puksid\/","title":{"rendered":"N Lyhyet Crew Bermuda -housut"},"content":{"rendered":"<p>Miellytt\u00e4v\u00e4st\u00e4 joustavasta materiaalista valmistetut lyhyet naisten housut Kaksi etutaskua ja kaksi vetoketjullista takataskua. Pelle P -vy\u00f6 sis\u00e4ltyy hintaan.<\/p>\n","protected":false},"excerpt":{"rendered":"<p>Miellytt\u00e4v\u00e4st\u00e4 joustavasta materiaalista valmistetut lyhyet naisten housut Kaksi etutaskua ja kaksi vetoketjullista takataskua. Pelle P -vy\u00f6 sis\u00e4ltyy hintaan.<\/p>\n","protected":false},"featured_media":83070,"template":"","meta":{"_acf_changed":false},"pwb-brand":[838],"product_brand":[],"product_cat":[877,640,827,1260],"product_tag":[],"woo-feed-brand":[],"class_list":{"0":"post-16332","1":"product","2":"type-product","3":"status-publish","4":"has-post-thumbnail","6":"pwb-brand-pelle-petterson-fi","7":"product_cat-edullinen-hinta-naiset","8":"product_cat-housut-fi","9":"product_cat-naiset","10":"product_cat-naisten-golfvaatteet","12":"first","13":"instock","14":"sale","15":"taxable","16":"shipping-taxable","17":"purchasable","18":"product-type-variable","19":"wvs-archive-product-wrapper"},"acf":[],"brands":[{"id":838,"name":"Pelle Petterson","slug":"pelle-petterson-fi"}],"_links":{"self":[{"href":"https:\/\/nautical.store\/fi\/wp-json\/wp\/v2\/product\/16332","targetHints":{"allow":["GET"]}}],"collection":[{"href":"https:\/\/nautical.store\/fi\/wp-json\/wp\/v2\/product"}],"about":[{"href":"https:\/\/nautical.store\/fi\/wp-json\/wp\/v2\/types\/product"}],"wp:featuredmedia":[{"embeddable":true,"href":"https:\/\/nautical.store\/fi\/wp-json\/wp\/v2\/media\/83070"}],"wp:attachment":[{"href":"https:\/\/nautical.store\/fi\/wp-json\/wp\/v2\/media?parent=16332"}],"wp:term":[{"taxonomy":"pwb-brand","embeddable":true,"href":"https:\/\/nautical.store\/fi\/wp-json\/wp\/v2\/pwb-brand?post=16332"},{"taxonomy":"product_brand","embeddable":true,"href":"https:\/\/nautical.store\/fi\/wp-json\/wp\/v2\/product_brand?post=16332"},{"taxonomy":"product_cat","embeddable":true,"href":"https:\/\/nautical.store\/fi\/wp-json\/wp\/v2\/product_cat?post=16332"},{"taxonomy":"product_tag","embeddable":true,"href":"https:\/\/nautical.store\/fi\/wp-json\/wp\/v2\/product_tag?post=16332"},{"taxonomy":"woo-feed-brand","embeddable":true,"href":"https:\/\/nautical.store\/fi\/wp-json\/wp\/v2\/woo-feed-brand?post=16332"}],"curies":[{"name":"wp","href":"https:\/\/api.w.org\/{rel}","templated":true}]}}