{"id":16405,"date":"2021-12-17T11:52:53","date_gmt":"2021-12-17T09:52:53","guid":{"rendered":"https:\/\/www.nautical.store\/toode\/n-1200-calor-housut\/"},"modified":"2025-12-01T21:34:01","modified_gmt":"2025-12-01T19:34:01","slug":"n-1200-calor-housut","status":"publish","type":"product","link":"https:\/\/nautical.store\/fi\/tuote\/n-1200-calor-housut\/","title":{"rendered":"PelleP Naisten 1200 Calor -housut"},"content":{"rendered":"<p><!--StartFragment --><\/p>\n<p>PelleP:n 1200-sarja on monen suosikki ja todellinen vaatekaapin luottotuote. 1200 Calor -housut ovat suositun 1200-mallin l\u00e4mpim\u00e4mpi versio \u2013 valmistettu vett\u00e4hylkiv\u00e4st\u00e4 ja nopeasti kuivuvasta joustavasta materiaalista, jonka sis\u00e4pinta on pehme\u00e4\u00e4 neulottua fleece\u00e4. Housut on vahvistettu Xyrplex-kankaalla juuri niiss\u00e4 kohdissa, joissa sit\u00e4 eniten tarvitaan. Oikeassa lahkeessa on k\u00e4yt\u00e4nn\u00f6llinen tasku, ja housuissa on leve\u00e4t vy\u00f6lenkit.<\/p>\n<ul>\n<li>Materiaali: 94 % polyesteri, 6 % elastaani<\/li>\n<li>Vahvistuskangas Xyrplex: 72 % nailon, 14 % polyesteri, 14 % elastaani<\/li>\n<li>Kontrastivahvikkeet \u2013 eritt\u00e4in kest\u00e4v\u00e4t ja joustavat, tarjoavat mukavan istuvuuden ja hyv\u00e4n liikkuvuuden<\/li>\n<li>Sis\u00e4pinta harjattua fleece\u00e4<\/li>\n<li>Melange-kangas<\/li>\n<li>YKK-vetoketju<\/li>\n<li>Kaksi etutaskua<\/li>\n<li>Kaksi takataskua piilotetulla nepparikiinnityksell\u00e4<\/li>\n<li>True Experience -nepparikiinnitys edess\u00e4<\/li>\n<li>P-logon niitit<\/li>\n<li>Pelle P -kirjonta vasemmassa lahkeessa ja vy\u00f6lenkiss\u00e4<\/li>\n<li>Normaali istuvuus<\/li>\n<\/ul>\n<p>Koko 28, lahkeen sis\u00e4pituus: 77 cm<\/p>\n<p>&nbsp;<\/p>\n<p>&nbsp;<\/p>\n<p><!--EndFragment --><\/p>\n","protected":false},"excerpt":{"rendered":"<p>S\u00e4\u00e4nkest\u00e4v\u00e4t naisten housut<\/p>\n","protected":false},"featured_media":89582,"template":"","meta":{"_acf_changed":false},"pwb-brand":[838],"product_brand":[],"product_cat":[640,827,1262,1269,726],"product_tag":[],"woo-feed-brand":[],"class_list":{"0":"post-16405","1":"product","2":"type-product","3":"status-publish","4":"has-post-thumbnail","6":"pwb-brand-pelle-petterson-fi","7":"product_cat-housut-fi","8":"product_cat-naiset","9":"product_cat-naisten-purjehdusvaatteet","10":"product_cat-purjehdus","11":"product_cat-tekniset-vaatteet-naiset","13":"first","14":"instock","15":"taxable","16":"shipping-taxable","17":"purchasable","18":"product-type-variable","19":"wvs-archive-product-wrapper"},"acf":[],"brands":[{"id":838,"name":"Pelle Petterson","slug":"pelle-petterson-fi"}],"_links":{"self":[{"href":"https:\/\/nautical.store\/fi\/wp-json\/wp\/v2\/product\/16405","targetHints":{"allow":["GET"]}}],"collection":[{"href":"https:\/\/nautical.store\/fi\/wp-json\/wp\/v2\/product"}],"about":[{"href":"https:\/\/nautical.store\/fi\/wp-json\/wp\/v2\/types\/product"}],"wp:featuredmedia":[{"embeddable":true,"href":"https:\/\/nautical.store\/fi\/wp-json\/wp\/v2\/media\/89582"}],"wp:attachment":[{"href":"https:\/\/nautical.store\/fi\/wp-json\/wp\/v2\/media?parent=16405"}],"wp:term":[{"taxonomy":"pwb-brand","embeddable":true,"href":"https:\/\/nautical.store\/fi\/wp-json\/wp\/v2\/pwb-brand?post=16405"},{"taxonomy":"product_brand","embeddable":true,"href":"https:\/\/nautical.store\/fi\/wp-json\/wp\/v2\/product_brand?post=16405"},{"taxonomy":"product_cat","embeddable":true,"href":"https:\/\/nautical.store\/fi\/wp-json\/wp\/v2\/product_cat?post=16405"},{"taxonomy":"product_tag","embeddable":true,"href":"https:\/\/nautical.store\/fi\/wp-json\/wp\/v2\/product_tag?post=16405"},{"taxonomy":"woo-feed-brand","embeddable":true,"href":"https:\/\/nautical.store\/fi\/wp-json\/wp\/v2\/woo-feed-brand?post=16405"}],"curies":[{"name":"wp","href":"https:\/\/api.w.org\/{rel}","templated":true}]}}