{"id":16414,"date":"2021-12-17T11:31:32","date_gmt":"2021-12-17T09:31:32","guid":{"rendered":"https:\/\/www.nautical.store\/toode\/norte-top-lampokerrasto\/"},"modified":"2023-10-22T12:32:41","modified_gmt":"2023-10-22T09:32:41","slug":"norte-paita-lampokerrasto","status":"publish","type":"product","link":"https:\/\/nautical.store\/fi\/tuote\/norte-paita-lampokerrasto\/","title":{"rendered":"Norte paita l\u00e4mp\u00f6kerrasto"},"content":{"rendered":"<p>L\u00e4mmin aluspaita, 100 % merinovillaa<\/p>\n","protected":false},"excerpt":{"rendered":"<p>L\u00e4mmin aluspaita, 100 % merinovillaa<\/p>\n","protected":false},"featured_media":8581,"template":"","meta":{"_acf_changed":false},"pwb-brand":[838],"product_brand":[],"product_cat":[876,1259,633,682],"product_tag":[],"woo-feed-brand":[],"class_list":{"0":"post-16414","1":"product","2":"type-product","3":"status-publish","4":"has-post-thumbnail","6":"pwb-brand-pelle-petterson-fi","7":"product_cat-edullinen-hinta-miehet-fi","8":"product_cat-miesten-golfvaatteet","9":"product_cat-paidat-fi","10":"product_cat-tekniset-vaatteet","12":"first","13":"outofstock","14":"taxable","15":"shipping-taxable","16":"product-type-variable","17":"wvs-archive-product-wrapper"},"acf":[],"brands":[{"id":838,"name":"Pelle Petterson","slug":"pelle-petterson-fi"}],"_links":{"self":[{"href":"https:\/\/nautical.store\/fi\/wp-json\/wp\/v2\/product\/16414","targetHints":{"allow":["GET"]}}],"collection":[{"href":"https:\/\/nautical.store\/fi\/wp-json\/wp\/v2\/product"}],"about":[{"href":"https:\/\/nautical.store\/fi\/wp-json\/wp\/v2\/types\/product"}],"wp:featuredmedia":[{"embeddable":true,"href":"https:\/\/nautical.store\/fi\/wp-json\/wp\/v2\/media\/8581"}],"wp:attachment":[{"href":"https:\/\/nautical.store\/fi\/wp-json\/wp\/v2\/media?parent=16414"}],"wp:term":[{"taxonomy":"pwb-brand","embeddable":true,"href":"https:\/\/nautical.store\/fi\/wp-json\/wp\/v2\/pwb-brand?post=16414"},{"taxonomy":"product_brand","embeddable":true,"href":"https:\/\/nautical.store\/fi\/wp-json\/wp\/v2\/product_brand?post=16414"},{"taxonomy":"product_cat","embeddable":true,"href":"https:\/\/nautical.store\/fi\/wp-json\/wp\/v2\/product_cat?post=16414"},{"taxonomy":"product_tag","embeddable":true,"href":"https:\/\/nautical.store\/fi\/wp-json\/wp\/v2\/product_tag?post=16414"},{"taxonomy":"woo-feed-brand","embeddable":true,"href":"https:\/\/nautical.store\/fi\/wp-json\/wp\/v2\/woo-feed-brand?post=16414"}],"curies":[{"name":"wp","href":"https:\/\/api.w.org\/{rel}","templated":true}]}}