{"id":16437,"date":"2021-12-17T10:29:35","date_gmt":"2021-12-17T08:29:35","guid":{"rendered":"https:\/\/www.nautical.store\/toode\/n-p-hoodie-huppari\/"},"modified":"2025-07-15T19:55:46","modified_gmt":"2025-07-15T16:55:46","slug":"n-p-collegepusero","status":"publish","type":"product","link":"https:\/\/nautical.store\/fi\/tuote\/n-p-collegepusero\/","title":{"rendered":"PelleP Collegepaita P-Hoodie"},"content":{"rendered":"<p><!--StartFragment --><\/p>\n<p>P-Hoodie \u2013 mukava ja monik\u00e4ytt\u00f6inen valinta arkeen.<\/p>\n<p>Asiakkaidemme suosikki collegepaita on valmistettu pehme\u00e4st\u00e4 ja miellytt\u00e4v\u00e4st\u00e4 puuvillaseoksesta. Huppari on varustettu trikookankaalla vuoratulla kiinte\u00e4ll\u00e4 hupulla, joka tuo lis\u00e4mukavuutta viile\u00e4mpiin p\u00e4iviin.<\/p>\n<p>T\u00e4ydellinen T-paidan p\u00e4\u00e4lle tai takin alle kerrospukeutumiseen \u2013 sopii mainiosti arkik\u00e4ytt\u00f6\u00f6n, vapaa-aikaan tai rennoksi oleiluun.<\/p>\n<p>Materiaalit ja yksityiskohdat:<\/p>\n<ul>\n<li>Materiaali: 80 % puuvilla, 20 % polyesteri<\/li>\n<li>Sis\u00e4pinta: pehme\u00e4, harjattu<\/li>\n<li>Ribbiyksityiskohdat: 1&#215;1 joustinneule helmassa ja hihansuissa<\/li>\n<li>Huppu: kiinte\u00e4, s\u00e4\u00e4dett\u00e4v\u00e4ll\u00e4 ny\u00f6rill\u00e4<\/li>\n<li>Vuori: trikookangas hupun sis\u00e4ll\u00e4<\/li>\n<li>Taskut: kaksi etupuolen kengurutyylist\u00e4 taskua<\/li>\n<li>Hihassa: vetoketjullinen tasku vasemmassa hihassa, 3-vaiheisella siksak-tikill\u00e4<\/li>\n<li>Etuvetoketju: 3-vaiheinen siksak-tikkaus<\/li>\n<li>Vetoketjun vedin: P-logolla<\/li>\n<li>Hupun ymp\u00e4rill\u00e4: 3-vaiheinen siksak-tikkaus<\/li>\n<li>Kontrastitikkaus: vahvikkeet n\u00e4kyviss\u00e4 kohdissa<\/li>\n<li>Logoyksityiskohdat: P-logo brodeerattuna rinnassa ja hupussa, P-logo-merkki vasemmassa hihassa<\/li>\n<\/ul>\n<p><!--EndFragment --><\/p>\n","protected":false},"excerpt":{"rendered":"<p>Pehme ja mukava collegepaita<\/p>\n","protected":false},"featured_media":8545,"template":"","meta":{"_acf_changed":false},"pwb-brand":[838],"product_brand":[],"product_cat":[688,827],"product_tag":[],"woo-feed-brand":[],"class_list":{"0":"post-16437","1":"product","2":"type-product","3":"status-publish","4":"has-post-thumbnail","6":"pwb-brand-pelle-petterson-fi","7":"product_cat-hupparit-ja-fleecet","8":"product_cat-naiset","10":"first","11":"outofstock","12":"taxable","13":"shipping-taxable","14":"product-type-variable","15":"wvs-archive-product-wrapper"},"acf":[],"brands":[{"id":838,"name":"Pelle Petterson","slug":"pelle-petterson-fi"}],"_links":{"self":[{"href":"https:\/\/nautical.store\/fi\/wp-json\/wp\/v2\/product\/16437","targetHints":{"allow":["GET"]}}],"collection":[{"href":"https:\/\/nautical.store\/fi\/wp-json\/wp\/v2\/product"}],"about":[{"href":"https:\/\/nautical.store\/fi\/wp-json\/wp\/v2\/types\/product"}],"wp:featuredmedia":[{"embeddable":true,"href":"https:\/\/nautical.store\/fi\/wp-json\/wp\/v2\/media\/8545"}],"wp:attachment":[{"href":"https:\/\/nautical.store\/fi\/wp-json\/wp\/v2\/media?parent=16437"}],"wp:term":[{"taxonomy":"pwb-brand","embeddable":true,"href":"https:\/\/nautical.store\/fi\/wp-json\/wp\/v2\/pwb-brand?post=16437"},{"taxonomy":"product_brand","embeddable":true,"href":"https:\/\/nautical.store\/fi\/wp-json\/wp\/v2\/product_brand?post=16437"},{"taxonomy":"product_cat","embeddable":true,"href":"https:\/\/nautical.store\/fi\/wp-json\/wp\/v2\/product_cat?post=16437"},{"taxonomy":"product_tag","embeddable":true,"href":"https:\/\/nautical.store\/fi\/wp-json\/wp\/v2\/product_tag?post=16437"},{"taxonomy":"woo-feed-brand","embeddable":true,"href":"https:\/\/nautical.store\/fi\/wp-json\/wp\/v2\/woo-feed-brand?post=16437"}],"curies":[{"name":"wp","href":"https:\/\/api.w.org\/{rel}","templated":true}]}}