{"id":16464,"date":"2021-12-17T10:03:09","date_gmt":"2021-12-17T08:03:09","guid":{"rendered":"https:\/\/www.nautical.store\/toode\/n-sirocco-takki\/"},"modified":"2026-03-11T20:44:28","modified_gmt":"2026-03-11T18:44:28","slug":"w-sirocco-jope","status":"publish","type":"product","link":"https:\/\/nautical.store\/fi\/tuote\/w-sirocco-jope\/","title":{"rendered":"PelleP naisten takki Sirocco"},"content":{"rendered":"<p>Kevyt, hengitt\u00e4v\u00e4 ja eritt\u00e4in l\u00e4mmin takki, valmistettu tuulenpit\u00e4v\u00e4st\u00e4 kankaasta.<br \/>\nThinsulate-polyesteritoppaus tarjoaa tehokkaan l\u00e4mm\u00f6neristyksen kylmiin olosuhteisiin.<br \/>\nIrrotettava huppu ja kaksi vetoketjullista etutaskua sek\u00e4 sis\u00e4tasku tuovat k\u00e4yt\u00e4nn\u00f6llisyytt\u00e4.<\/p>\n","protected":false},"excerpt":{"rendered":"<p>Naisten tuulenpit\u00e4v\u00e4 takki Thinsulate-toppaus<\/p>\n","protected":false},"featured_media":8523,"template":"","meta":{"_acf_changed":false},"pwb-brand":[838],"product_brand":[],"product_cat":[877,827,2183,617],"product_tag":[],"woo-feed-brand":[],"class_list":{"0":"post-16464","1":"product","2":"type-product","3":"status-publish","4":"has-post-thumbnail","6":"pwb-brand-pelle-petterson-fi","7":"product_cat-edullinen-hinta-naiset","8":"product_cat-naiset","9":"product_cat-outlet-fi","10":"product_cat-paallysvaatteet","12":"first","13":"instock","14":"sale","15":"taxable","16":"shipping-taxable","17":"purchasable","18":"product-type-variable","19":"wvs-archive-product-wrapper"},"acf":[],"brands":[{"id":838,"name":"Pelle Petterson","slug":"pelle-petterson-fi"}],"_links":{"self":[{"href":"https:\/\/nautical.store\/fi\/wp-json\/wp\/v2\/product\/16464","targetHints":{"allow":["GET"]}}],"collection":[{"href":"https:\/\/nautical.store\/fi\/wp-json\/wp\/v2\/product"}],"about":[{"href":"https:\/\/nautical.store\/fi\/wp-json\/wp\/v2\/types\/product"}],"wp:featuredmedia":[{"embeddable":true,"href":"https:\/\/nautical.store\/fi\/wp-json\/wp\/v2\/media\/8523"}],"wp:attachment":[{"href":"https:\/\/nautical.store\/fi\/wp-json\/wp\/v2\/media?parent=16464"}],"wp:term":[{"taxonomy":"pwb-brand","embeddable":true,"href":"https:\/\/nautical.store\/fi\/wp-json\/wp\/v2\/pwb-brand?post=16464"},{"taxonomy":"product_brand","embeddable":true,"href":"https:\/\/nautical.store\/fi\/wp-json\/wp\/v2\/product_brand?post=16464"},{"taxonomy":"product_cat","embeddable":true,"href":"https:\/\/nautical.store\/fi\/wp-json\/wp\/v2\/product_cat?post=16464"},{"taxonomy":"product_tag","embeddable":true,"href":"https:\/\/nautical.store\/fi\/wp-json\/wp\/v2\/product_tag?post=16464"},{"taxonomy":"woo-feed-brand","embeddable":true,"href":"https:\/\/nautical.store\/fi\/wp-json\/wp\/v2\/woo-feed-brand?post=16464"}],"curies":[{"name":"wp","href":"https:\/\/api.w.org\/{rel}","templated":true}]}}