{"id":16505,"date":"2021-12-16T15:09:15","date_gmt":"2021-12-16T13:09:15","guid":{"rendered":"https:\/\/www.nautical.store\/toode\/n-torno-parka\/"},"modified":"2023-10-18T14:43:41","modified_gmt":"2023-10-18T11:43:41","slug":"w-torno-parka","status":"publish","type":"product","link":"https:\/\/nautical.store\/fi\/tuote\/w-torno-parka\/","title":{"rendered":"N Torno parka"},"content":{"rendered":"<p>Naisten l\u00e4mminvuorinen parkatakki. Irrotettava huppu. Hupussa ja kauluksessa pehme\u00e4 ja kevyt polyesterivuori. Kaksi taskua edess\u00e4, kaksi sivutaskua. Metallisoljellinen vy\u00f6.<\/p>\n","protected":false},"excerpt":{"rendered":"<p>Naisten l\u00e4mminvuorinen parkatakki. Irrotettava huppu. Hupussa ja kauluksessa pehme\u00e4 ja kevyt polyesterivuori. Kaksi taskua edess\u00e4, kaksi sivutaskua. Metallisoljellinen vy\u00f6.<\/p>\n","protected":false},"featured_media":8493,"template":"","meta":{"_acf_changed":false},"pwb-brand":[838],"product_brand":[],"product_cat":[877,827,617],"product_tag":[],"woo-feed-brand":[],"class_list":{"0":"post-16505","1":"product","2":"type-product","3":"status-publish","4":"has-post-thumbnail","6":"pwb-brand-pelle-petterson-fi","7":"product_cat-edullinen-hinta-naiset","8":"product_cat-naiset","9":"product_cat-paallysvaatteet","11":"first","12":"instock","13":"sale","14":"taxable","15":"shipping-taxable","16":"purchasable","17":"product-type-variable","18":"wvs-archive-product-wrapper"},"acf":[],"brands":[{"id":838,"name":"Pelle Petterson","slug":"pelle-petterson-fi"}],"_links":{"self":[{"href":"https:\/\/nautical.store\/fi\/wp-json\/wp\/v2\/product\/16505","targetHints":{"allow":["GET"]}}],"collection":[{"href":"https:\/\/nautical.store\/fi\/wp-json\/wp\/v2\/product"}],"about":[{"href":"https:\/\/nautical.store\/fi\/wp-json\/wp\/v2\/types\/product"}],"wp:featuredmedia":[{"embeddable":true,"href":"https:\/\/nautical.store\/fi\/wp-json\/wp\/v2\/media\/8493"}],"wp:attachment":[{"href":"https:\/\/nautical.store\/fi\/wp-json\/wp\/v2\/media?parent=16505"}],"wp:term":[{"taxonomy":"pwb-brand","embeddable":true,"href":"https:\/\/nautical.store\/fi\/wp-json\/wp\/v2\/pwb-brand?post=16505"},{"taxonomy":"product_brand","embeddable":true,"href":"https:\/\/nautical.store\/fi\/wp-json\/wp\/v2\/product_brand?post=16505"},{"taxonomy":"product_cat","embeddable":true,"href":"https:\/\/nautical.store\/fi\/wp-json\/wp\/v2\/product_cat?post=16505"},{"taxonomy":"product_tag","embeddable":true,"href":"https:\/\/nautical.store\/fi\/wp-json\/wp\/v2\/product_tag?post=16505"},{"taxonomy":"woo-feed-brand","embeddable":true,"href":"https:\/\/nautical.store\/fi\/wp-json\/wp\/v2\/woo-feed-brand?post=16505"}],"curies":[{"name":"wp","href":"https:\/\/api.w.org\/{rel}","templated":true}]}}