{"id":16520,"date":"2021-12-16T13:17:21","date_gmt":"2021-12-16T11:17:21","guid":{"rendered":"https:\/\/www.nautical.store\/toode\/n-sherpa-fleece\/"},"modified":"2023-10-04T17:28:10","modified_gmt":"2023-10-04T14:28:10","slug":"n-sherpa-fleece","status":"publish","type":"product","link":"https:\/\/nautical.store\/fi\/tuote\/n-sherpa-fleece\/","title":{"rendered":"N Sherpa fleece"},"content":{"rendered":"<p>Pehme\u00e4 ja l\u00e4mmin fleece, kevytt\u00e4, 100 % polyesteri\u00e4. Fleecess\u00e4 on korkea, kolmella painonapilla suljettava kaulus sek\u00e4 rintatasku. Oikeanpuoleisessa saumassa on vetoketjullinen tasku.<\/p>\n","protected":false},"excerpt":{"rendered":"<p>Pehme\u00e4 ja l\u00e4mmin fleece, kevytt\u00e4, 100 % polyesteri\u00e4. Fleecess\u00e4 on korkea, kolmella painonapilla suljettava kaulus sek\u00e4 rintatasku. Oikeanpuoleisessa saumassa on vetoketjullinen tasku.<\/p>\n","protected":false},"featured_media":8468,"template":"","meta":{"_acf_changed":false},"pwb-brand":[838],"product_brand":[],"product_cat":[877,688,827],"product_tag":[],"woo-feed-brand":[],"class_list":{"0":"post-16520","1":"product","2":"type-product","3":"status-publish","4":"has-post-thumbnail","6":"pwb-brand-pelle-petterson-fi","7":"product_cat-edullinen-hinta-naiset","8":"product_cat-hupparit-ja-fleecet","9":"product_cat-naiset","11":"first","12":"outofstock","13":"taxable","14":"shipping-taxable","15":"product-type-variable","16":"wvs-archive-product-wrapper"},"acf":[],"brands":[{"id":838,"name":"Pelle Petterson","slug":"pelle-petterson-fi"}],"_links":{"self":[{"href":"https:\/\/nautical.store\/fi\/wp-json\/wp\/v2\/product\/16520","targetHints":{"allow":["GET"]}}],"collection":[{"href":"https:\/\/nautical.store\/fi\/wp-json\/wp\/v2\/product"}],"about":[{"href":"https:\/\/nautical.store\/fi\/wp-json\/wp\/v2\/types\/product"}],"wp:featuredmedia":[{"embeddable":true,"href":"https:\/\/nautical.store\/fi\/wp-json\/wp\/v2\/media\/8468"}],"wp:attachment":[{"href":"https:\/\/nautical.store\/fi\/wp-json\/wp\/v2\/media?parent=16520"}],"wp:term":[{"taxonomy":"pwb-brand","embeddable":true,"href":"https:\/\/nautical.store\/fi\/wp-json\/wp\/v2\/pwb-brand?post=16520"},{"taxonomy":"product_brand","embeddable":true,"href":"https:\/\/nautical.store\/fi\/wp-json\/wp\/v2\/product_brand?post=16520"},{"taxonomy":"product_cat","embeddable":true,"href":"https:\/\/nautical.store\/fi\/wp-json\/wp\/v2\/product_cat?post=16520"},{"taxonomy":"product_tag","embeddable":true,"href":"https:\/\/nautical.store\/fi\/wp-json\/wp\/v2\/product_tag?post=16520"},{"taxonomy":"woo-feed-brand","embeddable":true,"href":"https:\/\/nautical.store\/fi\/wp-json\/wp\/v2\/woo-feed-brand?post=16520"}],"curies":[{"name":"wp","href":"https:\/\/api.w.org\/{rel}","templated":true}]}}