{"id":16563,"date":"2021-12-16T12:10:58","date_gmt":"2021-12-16T10:10:58","guid":{"rendered":"https:\/\/www.nautical.store\/toode\/commodus-paallystakki\/"},"modified":"2025-05-14T20:45:44","modified_gmt":"2025-05-14T17:45:44","slug":"commodus-talvitakki","status":"publish","type":"product","link":"https:\/\/nautical.store\/fi\/tuote\/commodus-talvitakki\/","title":{"rendered":"Commodus Talvitakki"},"content":{"rendered":"<p>L\u00e4mmin naisten talvitakki.<\/p>\n<ul>\n<li>Vetoketjullinen povitasku<\/li>\n<li>Tarrakiinnityksellinen sis\u00e4tasku<\/li>\n<li>Kaksi fleecevuorattua etutaskua, joissa k\u00e4\u00e4nt\u00f6vetoketjut<\/li>\n<li>Vesipilariarvo 10 000mm<\/li>\n<li>Kiristett\u00e4v\u00e4 huppu, jossa ohut heijastinnauha<\/li>\n<li>Joustavat hihansuut<\/li>\n<li>YKK-kaksisuuntainen vetoketju<\/li>\n<li>Sorona\u202f\u00ae Dupont\u202fon synteettinen materiaali, joka ominaisuuksiltaan muisuttaa untuvaa. Materiaali on uskomattoman joustava ja se on 100% kierr\u00e4tett\u00e4v\u00e4\u00e4,nopeasti kuivuva ja l\u00e4mmin vaikka kastuisi<\/li>\n<li>Koko S sel\u00e4n pituus 102 cm.<\/li>\n<\/ul>\n","protected":false},"excerpt":{"rendered":"<p>L\u00e4mmin naisten talvitakki. Vetoketjullinen povitasku Tarrakiinnityksellinen sis\u00e4tasku Kaksi fleecevuorattua etutaskua, joissa k\u00e4\u00e4nt\u00f6vetoketjut Vesipilariarvo 10 000mm Kiristett\u00e4v\u00e4 huppu, jossa ohut heijastinnauha Joustavat hihansuut YKK-kaksisuuntainen vetoketju Sorona\u202f\u00ae Dupont\u202fon synteettinen materiaali, joka ominaisuuksiltaan muisuttaa untuvaa. Materiaali on uskomattoman joustava ja se on 100% kierr\u00e4tett\u00e4v\u00e4\u00e4,nopeasti kuivuva ja l\u00e4mmin vaikka kastuisi Koko S sel\u00e4n pituus 102 cm.<\/p>\n","protected":false},"featured_media":8449,"template":"","meta":{"_acf_changed":false},"pwb-brand":[838],"product_brand":[],"product_cat":[877,2183,617],"product_tag":[],"woo-feed-brand":[],"class_list":{"0":"post-16563","1":"product","2":"type-product","3":"status-publish","4":"has-post-thumbnail","6":"pwb-brand-pelle-petterson-fi","7":"product_cat-edullinen-hinta-naiset","8":"product_cat-outlet-fi","9":"product_cat-paallysvaatteet","11":"first","12":"instock","13":"sale","14":"taxable","15":"shipping-taxable","16":"purchasable","17":"product-type-variable","18":"wvs-archive-product-wrapper"},"acf":[],"brands":[{"id":838,"name":"Pelle Petterson","slug":"pelle-petterson-fi"}],"_links":{"self":[{"href":"https:\/\/nautical.store\/fi\/wp-json\/wp\/v2\/product\/16563","targetHints":{"allow":["GET"]}}],"collection":[{"href":"https:\/\/nautical.store\/fi\/wp-json\/wp\/v2\/product"}],"about":[{"href":"https:\/\/nautical.store\/fi\/wp-json\/wp\/v2\/types\/product"}],"wp:featuredmedia":[{"embeddable":true,"href":"https:\/\/nautical.store\/fi\/wp-json\/wp\/v2\/media\/8449"}],"wp:attachment":[{"href":"https:\/\/nautical.store\/fi\/wp-json\/wp\/v2\/media?parent=16563"}],"wp:term":[{"taxonomy":"pwb-brand","embeddable":true,"href":"https:\/\/nautical.store\/fi\/wp-json\/wp\/v2\/pwb-brand?post=16563"},{"taxonomy":"product_brand","embeddable":true,"href":"https:\/\/nautical.store\/fi\/wp-json\/wp\/v2\/product_brand?post=16563"},{"taxonomy":"product_cat","embeddable":true,"href":"https:\/\/nautical.store\/fi\/wp-json\/wp\/v2\/product_cat?post=16563"},{"taxonomy":"product_tag","embeddable":true,"href":"https:\/\/nautical.store\/fi\/wp-json\/wp\/v2\/product_tag?post=16563"},{"taxonomy":"woo-feed-brand","embeddable":true,"href":"https:\/\/nautical.store\/fi\/wp-json\/wp\/v2\/woo-feed-brand?post=16563"}],"curies":[{"name":"wp","href":"https:\/\/api.w.org\/{rel}","templated":true}]}}