{"id":16603,"date":"2021-12-16T10:03:53","date_gmt":"2021-12-16T08:03:53","guid":{"rendered":"https:\/\/www.nautical.store\/toode\/tiller-pipo\/"},"modified":"2025-11-05T22:20:11","modified_gmt":"2025-11-05T20:20:11","slug":"tiller-muts","status":"publish","type":"product","link":"https:\/\/nautical.store\/fi\/tuote\/tiller-muts\/","title":{"rendered":"PelleP Tiller Pipo"},"content":{"rendered":"<p>Tyylik\u00e4s neulepipo k\u00e4\u00e4nnett\u00e4v\u00e4ll\u00e4 reunalla, valmistettu villasekoitteesta. Edess\u00e4 keskell\u00e4 heijastava P-logo. T\u00e4ydellinen valinta sek\u00e4 kaupunkik\u00e4ytt\u00f6\u00f6n ett\u00e4 rinteeseen.<\/p>\n<ul>\n<li>Materiaali: 50 % villaa, 50 % akryyli\u00e4<\/li>\n<li>Neulos: 7gg<\/li>\n<li>Heijastava P-logo edess\u00e4, keskell\u00e4<\/li>\n<li>Unisex \u2013 sopii sek\u00e4 miehille ett\u00e4 naisille<\/li>\n<\/ul>\n","protected":false},"excerpt":{"rendered":"<p>L\u00e4mmin neulepipo<\/p>\n","protected":false},"featured_media":36641,"template":"","meta":{"_acf_changed":false},"pwb-brand":[838],"product_brand":[],"product_cat":[628,629,926,1259,1260],"product_tag":[],"woo-feed-brand":[],"class_list":{"0":"post-16603","1":"product","2":"type-product","3":"status-publish","4":"has-post-thumbnail","6":"pwb-brand-pelle-petterson-fi","7":"product_cat-asusteet","8":"product_cat-asusteet-naiset","9":"product_cat-asusteet-fi","10":"product_cat-miesten-golfvaatteet","11":"product_cat-naisten-golfvaatteet","13":"first","14":"instock","15":"taxable","16":"shipping-taxable","17":"purchasable","18":"product-type-variable","19":"wvs-archive-product-wrapper"},"acf":[],"brands":[{"id":838,"name":"Pelle Petterson","slug":"pelle-petterson-fi"}],"_links":{"self":[{"href":"https:\/\/nautical.store\/fi\/wp-json\/wp\/v2\/product\/16603","targetHints":{"allow":["GET"]}}],"collection":[{"href":"https:\/\/nautical.store\/fi\/wp-json\/wp\/v2\/product"}],"about":[{"href":"https:\/\/nautical.store\/fi\/wp-json\/wp\/v2\/types\/product"}],"wp:featuredmedia":[{"embeddable":true,"href":"https:\/\/nautical.store\/fi\/wp-json\/wp\/v2\/media\/36641"}],"wp:attachment":[{"href":"https:\/\/nautical.store\/fi\/wp-json\/wp\/v2\/media?parent=16603"}],"wp:term":[{"taxonomy":"pwb-brand","embeddable":true,"href":"https:\/\/nautical.store\/fi\/wp-json\/wp\/v2\/pwb-brand?post=16603"},{"taxonomy":"product_brand","embeddable":true,"href":"https:\/\/nautical.store\/fi\/wp-json\/wp\/v2\/product_brand?post=16603"},{"taxonomy":"product_cat","embeddable":true,"href":"https:\/\/nautical.store\/fi\/wp-json\/wp\/v2\/product_cat?post=16603"},{"taxonomy":"product_tag","embeddable":true,"href":"https:\/\/nautical.store\/fi\/wp-json\/wp\/v2\/product_tag?post=16603"},{"taxonomy":"woo-feed-brand","embeddable":true,"href":"https:\/\/nautical.store\/fi\/wp-json\/wp\/v2\/woo-feed-brand?post=16603"}],"curies":[{"name":"wp","href":"https:\/\/api.w.org\/{rel}","templated":true}]}}