{"id":16623,"date":"2021-12-15T16:19:22","date_gmt":"2021-12-15T14:19:22","guid":{"rendered":"https:\/\/www.nautical.store\/toode\/svante-windproof\/"},"modified":"2023-10-22T13:38:59","modified_gmt":"2023-10-22T10:38:59","slug":"svante-tuulenpitava","status":"publish","type":"product","link":"https:\/\/nautical.store\/fi\/tuote\/svante-tuulenpitava\/","title":{"rendered":"Svante Tuulenpit\u00e4v\u00e4"},"content":{"rendered":"<p>Tuulenpit\u00e4v\u00e4sti vuoritettu hupullinen villasekoitetakki. Tikatut yksityiskohdat, vett\u00e4 hylkiv\u00e4\u00e4 kangasta. Kaksisuuntainen vetoketju. Vetoketjulliset piilotaskut.<\/p>\n","protected":false},"excerpt":{"rendered":"<p>Tuulenpit\u00e4v\u00e4sti vuoritettu hupullinen villasekoitetakki. Tikatut yksityiskohdat, vett\u00e4 hylkiv\u00e4\u00e4 kangasta. Kaksisuuntainen vetoketju. Vetoketjulliset piilotaskut.<\/p>\n","protected":false},"featured_media":8382,"template":"","meta":{"_acf_changed":false},"pwb-brand":[836],"product_brand":[],"product_cat":[876,1267,706],"product_tag":[],"woo-feed-brand":[],"class_list":{"0":"post-16623","1":"product","2":"type-product","3":"status-publish","4":"has-post-thumbnail","6":"pwb-brand-holebrook-fi","7":"product_cat-edullinen-hinta-miehet-fi","8":"product_cat-tuulenkestava-miestentakki","9":"product_cat-tuulenpitavat-miehet","11":"first","12":"instock","13":"sale","14":"taxable","15":"shipping-taxable","16":"purchasable","17":"product-type-variable","18":"wvs-archive-product-wrapper"},"acf":[],"brands":[{"id":836,"name":"Holebrook","slug":"holebrook-fi"}],"_links":{"self":[{"href":"https:\/\/nautical.store\/fi\/wp-json\/wp\/v2\/product\/16623","targetHints":{"allow":["GET"]}}],"collection":[{"href":"https:\/\/nautical.store\/fi\/wp-json\/wp\/v2\/product"}],"about":[{"href":"https:\/\/nautical.store\/fi\/wp-json\/wp\/v2\/types\/product"}],"wp:featuredmedia":[{"embeddable":true,"href":"https:\/\/nautical.store\/fi\/wp-json\/wp\/v2\/media\/8382"}],"wp:attachment":[{"href":"https:\/\/nautical.store\/fi\/wp-json\/wp\/v2\/media?parent=16623"}],"wp:term":[{"taxonomy":"pwb-brand","embeddable":true,"href":"https:\/\/nautical.store\/fi\/wp-json\/wp\/v2\/pwb-brand?post=16623"},{"taxonomy":"product_brand","embeddable":true,"href":"https:\/\/nautical.store\/fi\/wp-json\/wp\/v2\/product_brand?post=16623"},{"taxonomy":"product_cat","embeddable":true,"href":"https:\/\/nautical.store\/fi\/wp-json\/wp\/v2\/product_cat?post=16623"},{"taxonomy":"product_tag","embeddable":true,"href":"https:\/\/nautical.store\/fi\/wp-json\/wp\/v2\/product_tag?post=16623"},{"taxonomy":"woo-feed-brand","embeddable":true,"href":"https:\/\/nautical.store\/fi\/wp-json\/wp\/v2\/woo-feed-brand?post=16623"}],"curies":[{"name":"wp","href":"https:\/\/api.w.org\/{rel}","templated":true}]}}