{"id":16636,"date":"2021-12-15T16:02:34","date_gmt":"2021-12-15T14:02:34","guid":{"rendered":"https:\/\/www.nautical.store\/toode\/stellan-windproof\/"},"modified":"2026-01-09T10:41:53","modified_gmt":"2026-01-09T08:41:53","slug":"stellan-tuulenpitava","status":"publish","type":"product","link":"https:\/\/nautical.store\/fi\/tuote\/stellan-tuulenpitava\/","title":{"rendered":"Stellan Tuulenpit\u00e4v\u00e4 Merinovillapaita"},"content":{"rendered":"<p><!--StartFragment --><\/p>\n<p>T\u00e4m\u00e4 neulepusero on valmistettu 100 % pehme\u00e4st\u00e4 extrafine\u2011merinovillasta, joka tuntuu miellytt\u00e4v\u00e4lt\u00e4 ihoa vasten ja tarjoaa luonnollista l\u00e4mp\u00f6\u00e4. Tuulenpit\u00e4v\u00e4 vuori suojaa kylm\u00e4lt\u00e4, ja ribbineulottu korkea kaulus vetoketjulla lis\u00e4\u00e4 sek\u00e4 mukavuutta ett\u00e4 modernia ilmett\u00e4. Viimeistellyt ribbineulotut reunat pit\u00e4v\u00e4t neuleen muodossaan ja tuovat klassista tyyli\u00e4.<\/p>\n<p>&nbsp;<\/p>\n<ul>\n<li>Normaali istuvuus<\/li>\n<li>Tuulenpit\u00e4v\u00e4 vuori<\/li>\n<li>Korkea kaulus ja ribbineulotut reunat<\/li>\n<li>Pehme\u00e4 hienoneulos<\/li>\n<li>Valmistettu Euroopassa<\/li>\n<li>Materiaali: 100 % extrafine merinovilla<\/li>\n<\/ul>\n<p>&nbsp;<\/p>\n<p>&nbsp;<\/p>\n<p><!--EndFragment --><\/p>\n","protected":false},"excerpt":{"rendered":"<p><!--StartFragment --><\/p>\n<p>Merinovillaneule tuulenpit\u00e4v\u00e4ll\u00e4 vuorilla<\/p>\n<p><!--EndFragment --><\/p>\n","protected":false},"featured_media":8373,"template":"","meta":{"_acf_changed":false},"pwb-brand":[836],"product_brand":[],"product_cat":[876,1259,2183,1267,706],"product_tag":[],"woo-feed-brand":[],"class_list":{"0":"post-16636","1":"product","2":"type-product","3":"status-publish","4":"has-post-thumbnail","6":"pwb-brand-holebrook-fi","7":"product_cat-edullinen-hinta-miehet-fi","8":"product_cat-miesten-golfvaatteet","9":"product_cat-outlet-fi","10":"product_cat-tuulenkestava-miestentakki","11":"product_cat-tuulenpitavat-miehet","13":"first","14":"instock","15":"sale","16":"taxable","17":"shipping-taxable","18":"purchasable","19":"product-type-variable","20":"wvs-archive-product-wrapper"},"acf":[],"brands":[{"id":836,"name":"Holebrook","slug":"holebrook-fi"}],"_links":{"self":[{"href":"https:\/\/nautical.store\/fi\/wp-json\/wp\/v2\/product\/16636","targetHints":{"allow":["GET"]}}],"collection":[{"href":"https:\/\/nautical.store\/fi\/wp-json\/wp\/v2\/product"}],"about":[{"href":"https:\/\/nautical.store\/fi\/wp-json\/wp\/v2\/types\/product"}],"wp:featuredmedia":[{"embeddable":true,"href":"https:\/\/nautical.store\/fi\/wp-json\/wp\/v2\/media\/8373"}],"wp:attachment":[{"href":"https:\/\/nautical.store\/fi\/wp-json\/wp\/v2\/media?parent=16636"}],"wp:term":[{"taxonomy":"pwb-brand","embeddable":true,"href":"https:\/\/nautical.store\/fi\/wp-json\/wp\/v2\/pwb-brand?post=16636"},{"taxonomy":"product_brand","embeddable":true,"href":"https:\/\/nautical.store\/fi\/wp-json\/wp\/v2\/product_brand?post=16636"},{"taxonomy":"product_cat","embeddable":true,"href":"https:\/\/nautical.store\/fi\/wp-json\/wp\/v2\/product_cat?post=16636"},{"taxonomy":"product_tag","embeddable":true,"href":"https:\/\/nautical.store\/fi\/wp-json\/wp\/v2\/product_tag?post=16636"},{"taxonomy":"woo-feed-brand","embeddable":true,"href":"https:\/\/nautical.store\/fi\/wp-json\/wp\/v2\/woo-feed-brand?post=16636"}],"curies":[{"name":"wp","href":"https:\/\/api.w.org\/{rel}","templated":true}]}}