{"id":16649,"date":"2021-12-15T15:44:07","date_gmt":"2021-12-15T13:44:07","guid":{"rendered":"https:\/\/www.nautical.store\/toode\/smogen-kasineet\/"},"modified":"2025-11-24T22:35:04","modified_gmt":"2025-11-24T20:35:04","slug":"smogen-kindad","status":"publish","type":"product","link":"https:\/\/nautical.store\/fi\/tuote\/smogen-kindad\/","title":{"rendered":"Sm\u00f6gen rannekkeet"},"content":{"rendered":"<p>L\u00e4mpim\u00e4t, sormettomat neulerannekkeet, 100 % merinovillaa. Yhdist\u00e4 Sm\u00f6gen\u2011huivin ja pipon kanssa.<\/p>\n","protected":false},"excerpt":{"rendered":"<p><!--StartFragment --><\/p>\n<p>Merinovillaiset rannekkeet<\/p>\n<p><!--EndFragment --><\/p>\n","protected":false},"featured_media":32684,"template":"","meta":{"_acf_changed":false},"pwb-brand":[836],"product_brand":[],"product_cat":[629,877,2183],"product_tag":[],"woo-feed-brand":[],"class_list":{"0":"post-16649","1":"product","2":"type-product","3":"status-publish","4":"has-post-thumbnail","6":"pwb-brand-holebrook-fi","7":"product_cat-asusteet-naiset","8":"product_cat-edullinen-hinta-naiset","9":"product_cat-outlet-fi","11":"first","12":"instock","13":"sale","14":"taxable","15":"shipping-taxable","16":"purchasable","17":"product-type-variable","18":"wvs-archive-product-wrapper"},"acf":[],"brands":[{"id":836,"name":"Holebrook","slug":"holebrook-fi"}],"_links":{"self":[{"href":"https:\/\/nautical.store\/fi\/wp-json\/wp\/v2\/product\/16649","targetHints":{"allow":["GET"]}}],"collection":[{"href":"https:\/\/nautical.store\/fi\/wp-json\/wp\/v2\/product"}],"about":[{"href":"https:\/\/nautical.store\/fi\/wp-json\/wp\/v2\/types\/product"}],"wp:featuredmedia":[{"embeddable":true,"href":"https:\/\/nautical.store\/fi\/wp-json\/wp\/v2\/media\/32684"}],"wp:attachment":[{"href":"https:\/\/nautical.store\/fi\/wp-json\/wp\/v2\/media?parent=16649"}],"wp:term":[{"taxonomy":"pwb-brand","embeddable":true,"href":"https:\/\/nautical.store\/fi\/wp-json\/wp\/v2\/pwb-brand?post=16649"},{"taxonomy":"product_brand","embeddable":true,"href":"https:\/\/nautical.store\/fi\/wp-json\/wp\/v2\/product_brand?post=16649"},{"taxonomy":"product_cat","embeddable":true,"href":"https:\/\/nautical.store\/fi\/wp-json\/wp\/v2\/product_cat?post=16649"},{"taxonomy":"product_tag","embeddable":true,"href":"https:\/\/nautical.store\/fi\/wp-json\/wp\/v2\/product_tag?post=16649"},{"taxonomy":"woo-feed-brand","embeddable":true,"href":"https:\/\/nautical.store\/fi\/wp-json\/wp\/v2\/woo-feed-brand?post=16649"}],"curies":[{"name":"wp","href":"https:\/\/api.w.org\/{rel}","templated":true}]}}