{"id":16657,"date":"2021-12-15T14:40:05","date_gmt":"2021-12-15T12:40:05","guid":{"rendered":"https:\/\/www.nautical.store\/toode\/siv-windproof\/"},"modified":"2023-10-03T12:39:10","modified_gmt":"2023-10-03T09:39:10","slug":"siv-tuulenpitava","status":"publish","type":"product","link":"https:\/\/nautical.store\/fi\/tuote\/siv-tuulenpitava\/","title":{"rendered":"Siv Tuulenpit\u00e4v\u00e4"},"content":{"rendered":"<p>Tuulenpit\u00e4v\u00e4ksi vuoritettu neulepusero. Korkeampi metallivetoketjullinen kaulus. Peukalonaukolliset pidennetyt hihat.<\/p>\n","protected":false},"excerpt":{"rendered":"<p>Tuulenpit\u00e4v\u00e4ksi vuoritettu neulepusero. Korkeampi metallivetoketjullinen kaulus. Peukalonaukolliset pidennetyt hihat.<\/p>\n","protected":false},"featured_media":8344,"template":"","meta":{"_acf_changed":false},"pwb-brand":[836],"product_brand":[],"product_cat":[877,827,1263,710],"product_tag":[],"woo-feed-brand":[],"class_list":{"0":"post-16657","1":"product","2":"type-product","3":"status-publish","4":"has-post-thumbnail","6":"pwb-brand-holebrook-fi","7":"product_cat-edullinen-hinta-naiset","8":"product_cat-naiset","9":"product_cat-naisten-tuulenkestava-takki","10":"product_cat-tuulenpitavat-naiset","12":"first","13":"instock","14":"sale","15":"taxable","16":"shipping-taxable","17":"purchasable","18":"product-type-variable","19":"wvs-archive-product-wrapper"},"acf":[],"brands":[{"id":836,"name":"Holebrook","slug":"holebrook-fi"}],"_links":{"self":[{"href":"https:\/\/nautical.store\/fi\/wp-json\/wp\/v2\/product\/16657","targetHints":{"allow":["GET"]}}],"collection":[{"href":"https:\/\/nautical.store\/fi\/wp-json\/wp\/v2\/product"}],"about":[{"href":"https:\/\/nautical.store\/fi\/wp-json\/wp\/v2\/types\/product"}],"wp:featuredmedia":[{"embeddable":true,"href":"https:\/\/nautical.store\/fi\/wp-json\/wp\/v2\/media\/8344"}],"wp:attachment":[{"href":"https:\/\/nautical.store\/fi\/wp-json\/wp\/v2\/media?parent=16657"}],"wp:term":[{"taxonomy":"pwb-brand","embeddable":true,"href":"https:\/\/nautical.store\/fi\/wp-json\/wp\/v2\/pwb-brand?post=16657"},{"taxonomy":"product_brand","embeddable":true,"href":"https:\/\/nautical.store\/fi\/wp-json\/wp\/v2\/product_brand?post=16657"},{"taxonomy":"product_cat","embeddable":true,"href":"https:\/\/nautical.store\/fi\/wp-json\/wp\/v2\/product_cat?post=16657"},{"taxonomy":"product_tag","embeddable":true,"href":"https:\/\/nautical.store\/fi\/wp-json\/wp\/v2\/product_tag?post=16657"},{"taxonomy":"woo-feed-brand","embeddable":true,"href":"https:\/\/nautical.store\/fi\/wp-json\/wp\/v2\/woo-feed-brand?post=16657"}],"curies":[{"name":"wp","href":"https:\/\/api.w.org\/{rel}","templated":true}]}}