{"id":16666,"date":"2021-12-15T14:29:07","date_gmt":"2021-12-15T12:29:07","guid":{"rendered":"https:\/\/www.nautical.store\/toode\/sirocco-liivi\/"},"modified":"2026-03-11T20:14:01","modified_gmt":"2026-03-11T18:14:01","slug":"sirocco-liivi","status":"publish","type":"product","link":"https:\/\/nautical.store\/fi\/tuote\/sirocco-liivi\/","title":{"rendered":"PelleP Sirocco liivi"},"content":{"rendered":"<p><!--StartFragment --><\/p>\n<p><!--StartFragment --><\/p>\n<p>Tuulenpit\u00e4v\u00e4, tikattu miesten liivi. Kevyt ja hengitt\u00e4v\u00e4 Thinsulate\u2011eriste pit\u00e4\u00e4 l\u00e4mpim\u00e4n\u00e4 ilman ylim\u00e4\u00e4r\u00e4ist\u00e4 painoa. Liiviss\u00e4 on kaksi vetoketjullista etutaskua sek\u00e4 sis\u00e4tasku. Vasemman rinnan kuminen P\u2011logomerkki viimeistelee tyylikk\u00e4\u00e4n ilmeen.<\/p>\n<p>&nbsp;<\/p>\n<p>&nbsp;<\/p>\n<p><!--EndFragment --><br \/>\n<!--EndFragment --><\/p>\n","protected":false},"excerpt":{"rendered":"<p><!--StartFragment --><\/p>\n<p>Tuulenpit\u00e4v\u00e4 tikattu liivi<\/p>\n<p><!--EndFragment --><\/p>\n","protected":false},"featured_media":8337,"template":"","meta":{"_acf_changed":false},"pwb-brand":[838],"product_brand":[],"product_cat":[876,2183,702],"product_tag":[],"woo-feed-brand":[],"class_list":{"0":"post-16666","1":"product","2":"type-product","3":"status-publish","4":"has-post-thumbnail","6":"pwb-brand-pelle-petterson-fi","7":"product_cat-edullinen-hinta-miehet-fi","8":"product_cat-outlet-fi","9":"product_cat-paallysvaatteet-miehet","11":"first","12":"instock","13":"sale","14":"taxable","15":"shipping-taxable","16":"purchasable","17":"product-type-variable","18":"wvs-archive-product-wrapper"},"acf":[],"brands":[{"id":838,"name":"Pelle Petterson","slug":"pelle-petterson-fi"}],"_links":{"self":[{"href":"https:\/\/nautical.store\/fi\/wp-json\/wp\/v2\/product\/16666","targetHints":{"allow":["GET"]}}],"collection":[{"href":"https:\/\/nautical.store\/fi\/wp-json\/wp\/v2\/product"}],"about":[{"href":"https:\/\/nautical.store\/fi\/wp-json\/wp\/v2\/types\/product"}],"wp:featuredmedia":[{"embeddable":true,"href":"https:\/\/nautical.store\/fi\/wp-json\/wp\/v2\/media\/8337"}],"wp:attachment":[{"href":"https:\/\/nautical.store\/fi\/wp-json\/wp\/v2\/media?parent=16666"}],"wp:term":[{"taxonomy":"pwb-brand","embeddable":true,"href":"https:\/\/nautical.store\/fi\/wp-json\/wp\/v2\/pwb-brand?post=16666"},{"taxonomy":"product_brand","embeddable":true,"href":"https:\/\/nautical.store\/fi\/wp-json\/wp\/v2\/product_brand?post=16666"},{"taxonomy":"product_cat","embeddable":true,"href":"https:\/\/nautical.store\/fi\/wp-json\/wp\/v2\/product_cat?post=16666"},{"taxonomy":"product_tag","embeddable":true,"href":"https:\/\/nautical.store\/fi\/wp-json\/wp\/v2\/product_tag?post=16666"},{"taxonomy":"woo-feed-brand","embeddable":true,"href":"https:\/\/nautical.store\/fi\/wp-json\/wp\/v2\/woo-feed-brand?post=16666"}],"curies":[{"name":"wp","href":"https:\/\/api.w.org\/{rel}","templated":true}]}}