{"id":16680,"date":"2021-12-15T13:43:56","date_gmt":"2021-12-15T11:43:56","guid":{"rendered":"https:\/\/www.nautical.store\/toode\/classic-stripe-paita\/"},"modified":"2025-06-11T22:55:48","modified_gmt":"2025-06-11T19:55:48","slug":"classic-stripe-paita","status":"publish","type":"product","link":"https:\/\/nautical.store\/fi\/tuote\/classic-stripe-paita\/","title":{"rendered":"PelleP Classic Stripe T-paita"},"content":{"rendered":"<p><!--StartFragment --><\/p>\n<p>Puuvillainen pitk\u00e4hihainen raidallinen T-paita, jonka kest\u00e4v\u00e4 kangas tuntuu miellytt\u00e4v\u00e4lt\u00e4 p\u00e4\u00e4ll\u00e4. Sivuille on lis\u00e4tty tyylikk\u00e4\u00e4t pystysuorat raidat koristeeksi.<\/p>\n<p>Materiaali: 95 % puuvillaa, 5 % elastaania<\/p>\n<p><!--EndFragment --><\/p>\n","protected":false},"excerpt":{"rendered":"<p>Pitk\u00e4hihainen T-paita<\/p>\n","protected":false},"featured_media":9220,"template":"","meta":{"_acf_changed":false},"pwb-brand":[838],"product_brand":[],"product_cat":[876,2183,633],"product_tag":[],"woo-feed-brand":[],"class_list":{"0":"post-16680","1":"product","2":"type-product","3":"status-publish","4":"has-post-thumbnail","6":"pwb-brand-pelle-petterson-fi","7":"product_cat-edullinen-hinta-miehet-fi","8":"product_cat-outlet-fi","9":"product_cat-paidat-fi","11":"first","12":"instock","13":"sale","14":"taxable","15":"shipping-taxable","16":"purchasable","17":"product-type-variable","18":"wvs-archive-product-wrapper"},"acf":[],"brands":[{"id":838,"name":"Pelle Petterson","slug":"pelle-petterson-fi"}],"_links":{"self":[{"href":"https:\/\/nautical.store\/fi\/wp-json\/wp\/v2\/product\/16680","targetHints":{"allow":["GET"]}}],"collection":[{"href":"https:\/\/nautical.store\/fi\/wp-json\/wp\/v2\/product"}],"about":[{"href":"https:\/\/nautical.store\/fi\/wp-json\/wp\/v2\/types\/product"}],"wp:featuredmedia":[{"embeddable":true,"href":"https:\/\/nautical.store\/fi\/wp-json\/wp\/v2\/media\/9220"}],"wp:attachment":[{"href":"https:\/\/nautical.store\/fi\/wp-json\/wp\/v2\/media?parent=16680"}],"wp:term":[{"taxonomy":"pwb-brand","embeddable":true,"href":"https:\/\/nautical.store\/fi\/wp-json\/wp\/v2\/pwb-brand?post=16680"},{"taxonomy":"product_brand","embeddable":true,"href":"https:\/\/nautical.store\/fi\/wp-json\/wp\/v2\/product_brand?post=16680"},{"taxonomy":"product_cat","embeddable":true,"href":"https:\/\/nautical.store\/fi\/wp-json\/wp\/v2\/product_cat?post=16680"},{"taxonomy":"product_tag","embeddable":true,"href":"https:\/\/nautical.store\/fi\/wp-json\/wp\/v2\/product_tag?post=16680"},{"taxonomy":"woo-feed-brand","embeddable":true,"href":"https:\/\/nautical.store\/fi\/wp-json\/wp\/v2\/woo-feed-brand?post=16680"}],"curies":[{"name":"wp","href":"https:\/\/api.w.org\/{rel}","templated":true}]}}