{"id":16712,"date":"2021-12-15T13:29:26","date_gmt":"2021-12-15T11:29:26","guid":{"rendered":"https:\/\/www.nautical.store\/toode\/sirocco-takki\/"},"modified":"2026-03-11T20:12:09","modified_gmt":"2026-03-11T18:12:09","slug":"sirocco-takki","status":"publish","type":"product","link":"https:\/\/nautical.store\/fi\/tuote\/sirocco-takki\/","title":{"rendered":"Sirocco takki"},"content":{"rendered":"<p>Tuulenpit\u00e4v\u00e4st\u00e4 kankaasta valmistettu miesten takki. Liiviss\u00e4 on kevyt, hengitt\u00e4v\u00e4 ja eritt\u00e4in l\u00e4mmin Thinsulate-toppaus. Takissa on irrotettava huppu sek\u00e4 kaksi vetoketjullista etu- ja sis\u00e4taskua.<\/p>\n","protected":false},"excerpt":{"rendered":"<p>Tuulenpit\u00e4v\u00e4st\u00e4 kankaasta valmistettu miesten takki. Liiviss\u00e4 on kevyt, hengitt\u00e4v\u00e4 ja eritt\u00e4in l\u00e4mmin Thinsulate-toppaus. Takissa on irrotettava huppu sek\u00e4 kaksi vetoketjullista etu- ja sis\u00e4taskua.<\/p>\n","protected":false},"featured_media":8319,"template":"","meta":{"_acf_changed":false},"pwb-brand":[838],"product_brand":[],"product_cat":[876,702],"product_tag":[],"woo-feed-brand":[],"class_list":{"0":"post-16712","1":"product","2":"type-product","3":"status-publish","4":"has-post-thumbnail","6":"pwb-brand-pelle-petterson-fi","7":"product_cat-edullinen-hinta-miehet-fi","8":"product_cat-paallysvaatteet-miehet","10":"first","11":"instock","12":"sale","13":"taxable","14":"shipping-taxable","15":"purchasable","16":"product-type-variable","17":"wvs-archive-product-wrapper"},"acf":[],"brands":[{"id":838,"name":"Pelle Petterson","slug":"pelle-petterson-fi"}],"_links":{"self":[{"href":"https:\/\/nautical.store\/fi\/wp-json\/wp\/v2\/product\/16712","targetHints":{"allow":["GET"]}}],"collection":[{"href":"https:\/\/nautical.store\/fi\/wp-json\/wp\/v2\/product"}],"about":[{"href":"https:\/\/nautical.store\/fi\/wp-json\/wp\/v2\/types\/product"}],"wp:featuredmedia":[{"embeddable":true,"href":"https:\/\/nautical.store\/fi\/wp-json\/wp\/v2\/media\/8319"}],"wp:attachment":[{"href":"https:\/\/nautical.store\/fi\/wp-json\/wp\/v2\/media?parent=16712"}],"wp:term":[{"taxonomy":"pwb-brand","embeddable":true,"href":"https:\/\/nautical.store\/fi\/wp-json\/wp\/v2\/pwb-brand?post=16712"},{"taxonomy":"product_brand","embeddable":true,"href":"https:\/\/nautical.store\/fi\/wp-json\/wp\/v2\/product_brand?post=16712"},{"taxonomy":"product_cat","embeddable":true,"href":"https:\/\/nautical.store\/fi\/wp-json\/wp\/v2\/product_cat?post=16712"},{"taxonomy":"product_tag","embeddable":true,"href":"https:\/\/nautical.store\/fi\/wp-json\/wp\/v2\/product_tag?post=16712"},{"taxonomy":"woo-feed-brand","embeddable":true,"href":"https:\/\/nautical.store\/fi\/wp-json\/wp\/v2\/woo-feed-brand?post=16712"}],"curies":[{"name":"wp","href":"https:\/\/api.w.org\/{rel}","templated":true}]}}