{"id":16824,"date":"2021-12-14T16:41:36","date_gmt":"2021-12-14T14:41:36","guid":{"rendered":"https:\/\/www.nautical.store\/toode\/peter-windproof\/"},"modified":"2026-04-25T17:02:22","modified_gmt":"2026-04-25T14:02:22","slug":"peter-tuulenpitava","status":"publish","type":"product","link":"https:\/\/nautical.store\/fi\/tuote\/peter-tuulenpitava\/","title":{"rendered":"Peter Tuulenpit\u00e4v\u00e4 Takki"},"content":{"rendered":"<p data-start=\"0\" data-end=\"321\">Tyylik\u00e4s neulottu puuvillatakki, jossa yhdistyv\u00e4t mukavuus ja k\u00e4yt\u00e4nn\u00f6llisyys. Vett\u00e4 hylkiv\u00e4t, tikatut yksityiskohdat on valmistettu ruotsalaisesta villasta kehitetyst\u00e4 tuulelta suojaavasta materiaalista. Takissa on kaksisuuntainen vetoketju, joustava helma sek\u00e4 k\u00e4yt\u00e4nn\u00f6lliset taskut. Normaali istuvuus sopii useimmille.<\/p>\n<p data-start=\"323\" data-end=\"618\" data-is-last-node=\"\" data-is-only-node=\"\">\u2022 Tuulenpit\u00e4v\u00e4 vuori: 96 % polyesteri, 4 % elastaani<br data-start=\"375\" data-end=\"378\" \/>\u2022 Tuulensuoja ilman kemikaaleja \u2013 erityinen kudontatekniikka tekee kankaasta tiiviin ja hengitt\u00e4v\u00e4n<br data-start=\"477\" data-end=\"480\" \/>\u2022 Elastaani lis\u00e4\u00e4 joustavuutta ja liikkumismukavuutta<br data-start=\"533\" data-end=\"536\" \/>\u2022 OEKO-TEX\u00ae Standard 100 -sertifioitu \u2013 ei sis\u00e4ll\u00e4 terveydelle haitallisia aineita<\/p>\n","protected":false},"excerpt":{"rendered":"<p><!--StartFragment --><\/p>\n<p>Tuulenpit\u00e4v\u00e4 neulepuuvillatakki<\/p>\n<p><!--EndFragment --><\/p>\n","protected":false},"featured_media":96968,"template":"","meta":{"_acf_changed":false},"pwb-brand":[836],"product_brand":[],"product_cat":[1180,777,1259,1267,706,1187],"product_tag":[],"woo-feed-brand":[],"class_list":{"0":"post-16824","1":"product","2":"type-product","3":"status-publish","4":"has-post-thumbnail","6":"pwb-brand-holebrook-fi","7":"product_cat-golf-fi","8":"product_cat-miehet","9":"product_cat-miesten-golfvaatteet","10":"product_cat-tuulenkestava-miestentakki","11":"product_cat-tuulenpitavat-miehet","12":"product_cat-tuulenpitavat-fi","14":"first","15":"instock","16":"sale","17":"taxable","18":"shipping-taxable","19":"purchasable","20":"product-type-variable","21":"wvs-archive-product-wrapper"},"acf":[],"brands":[{"id":836,"name":"Holebrook","slug":"holebrook-fi"}],"_links":{"self":[{"href":"https:\/\/nautical.store\/fi\/wp-json\/wp\/v2\/product\/16824","targetHints":{"allow":["GET"]}}],"collection":[{"href":"https:\/\/nautical.store\/fi\/wp-json\/wp\/v2\/product"}],"about":[{"href":"https:\/\/nautical.store\/fi\/wp-json\/wp\/v2\/types\/product"}],"wp:featuredmedia":[{"embeddable":true,"href":"https:\/\/nautical.store\/fi\/wp-json\/wp\/v2\/media\/96968"}],"wp:attachment":[{"href":"https:\/\/nautical.store\/fi\/wp-json\/wp\/v2\/media?parent=16824"}],"wp:term":[{"taxonomy":"pwb-brand","embeddable":true,"href":"https:\/\/nautical.store\/fi\/wp-json\/wp\/v2\/pwb-brand?post=16824"},{"taxonomy":"product_brand","embeddable":true,"href":"https:\/\/nautical.store\/fi\/wp-json\/wp\/v2\/product_brand?post=16824"},{"taxonomy":"product_cat","embeddable":true,"href":"https:\/\/nautical.store\/fi\/wp-json\/wp\/v2\/product_cat?post=16824"},{"taxonomy":"product_tag","embeddable":true,"href":"https:\/\/nautical.store\/fi\/wp-json\/wp\/v2\/product_tag?post=16824"},{"taxonomy":"woo-feed-brand","embeddable":true,"href":"https:\/\/nautical.store\/fi\/wp-json\/wp\/v2\/woo-feed-brand?post=16824"}],"curies":[{"name":"wp","href":"https:\/\/api.w.org\/{rel}","templated":true}]}}