{"id":16895,"date":"2021-12-14T14:04:12","date_gmt":"2021-12-14T12:04:12","guid":{"rendered":"https:\/\/www.nautical.store\/toode\/mimmi-windproof\/"},"modified":"2025-07-21T23:21:39","modified_gmt":"2025-07-21T20:21:39","slug":"mimmi-tuulenpitava","status":"publish","type":"product","link":"https:\/\/nautical.store\/fi\/tuote\/mimmi-tuulenpitava\/","title":{"rendered":"Mimmi Tuulenpit\u00e4v\u00e4 Takki"},"content":{"rendered":"<p>Mukava ja ajaton puuvillatakki, joka sopii monenlaiseen s\u00e4\u00e4h\u00e4n ja tyyliin. Takki on neulottua kangasta ja siin\u00e4 on vett\u00e4 hylkiv\u00e4t, tikatut yksityiskohdat \u2013 tuulensuojaa tuo laadukas ruotsalaisesta villasta tehty kangas. Kaksisuuntainen vetoketju ja joustavat helmaosat tekev\u00e4t k\u00e4yt\u00f6st\u00e4 helppoa. Taskuja l\u00f6ytyy ja istuvuus on mukavan suora.<br \/>\n\u2022 Vuori on tuulenpit\u00e4v\u00e4 (96 % polyesteri, 4 % elastaani)<br \/>\n\u2022 Ei kemikaaleja \u2013 erikoiskudonta tekee kankaasta eritt\u00e4in tiiviin ja samalla hengitt\u00e4v\u00e4n<br \/>\n\u2022 Elastaani tuo joustavuutta \u2013 kangas pys\u00e4ytt\u00e4\u00e4 tuulen, mutta ei rajoita liikett\u00e4<br \/>\n\u2022 \u00d6KO-tex\u00ae Standard 100 -merkint\u00e4 \u2013 kangas on terveydelle turvallinen<\/p>\n<p>\u2022 Tuulenpit\u00e4v\u00e4 vuori: 96 % polyesteri\u00e4, 4 % elastaania<br \/>\n\u2022 Tuulensuoja saavutettu ilman kemikaaleja \u2013 erityinen kudontatekniikka tekee kankaasta eritt\u00e4in tiiviin ja hengitt\u00e4v\u00e4n<br \/>\n\u2022 Eritt\u00e4in tiiviisti kudottu kangas takaa tuulensuojan, mutta on samalla hengitt\u00e4v\u00e4<br \/>\n\u2022 Elastaani tekee kankaasta joustavan \u2013 pys\u00e4ytt\u00e4\u00e4 tuulen, muttei est\u00e4 liikett\u00e4<br \/>\n\u2022 \u00d6KO-tex\u00ae Standard 100 -sertifikaatti \u2013 kangas ei sis\u00e4ll\u00e4 terveydelle haitallisia aineita<br \/>\n\u2022 Vett\u00e4 hylkiv\u00e4t yksityiskohdat<br \/>\n\u2022 Suora\/klassinen leikkaus<br \/>\n\u2022 Pehmuste ruotsalaisesta villasta<br \/>\n\u2022 Valmistettu Euroopassa<\/p>\n","protected":false},"excerpt":{"rendered":"<p>Neulottu tuulenpit\u00e4v\u00e4 puuvillatakki<\/p>\n","protected":false},"featured_media":82615,"template":"","meta":{"_acf_changed":false},"pwb-brand":[836],"product_brand":[],"product_cat":[827,1260,1263,710],"product_tag":[],"woo-feed-brand":[],"class_list":{"0":"post-16895","1":"product","2":"type-product","3":"status-publish","4":"has-post-thumbnail","6":"pwb-brand-holebrook-fi","7":"product_cat-naiset","8":"product_cat-naisten-golfvaatteet","9":"product_cat-naisten-tuulenkestava-takki","10":"product_cat-tuulenpitavat-naiset","12":"first","13":"instock","14":"sale","15":"taxable","16":"shipping-taxable","17":"purchasable","18":"product-type-variable","19":"wvs-archive-product-wrapper"},"acf":[],"brands":[{"id":836,"name":"Holebrook","slug":"holebrook-fi"}],"_links":{"self":[{"href":"https:\/\/nautical.store\/fi\/wp-json\/wp\/v2\/product\/16895","targetHints":{"allow":["GET"]}}],"collection":[{"href":"https:\/\/nautical.store\/fi\/wp-json\/wp\/v2\/product"}],"about":[{"href":"https:\/\/nautical.store\/fi\/wp-json\/wp\/v2\/types\/product"}],"wp:featuredmedia":[{"embeddable":true,"href":"https:\/\/nautical.store\/fi\/wp-json\/wp\/v2\/media\/82615"}],"wp:attachment":[{"href":"https:\/\/nautical.store\/fi\/wp-json\/wp\/v2\/media?parent=16895"}],"wp:term":[{"taxonomy":"pwb-brand","embeddable":true,"href":"https:\/\/nautical.store\/fi\/wp-json\/wp\/v2\/pwb-brand?post=16895"},{"taxonomy":"product_brand","embeddable":true,"href":"https:\/\/nautical.store\/fi\/wp-json\/wp\/v2\/product_brand?post=16895"},{"taxonomy":"product_cat","embeddable":true,"href":"https:\/\/nautical.store\/fi\/wp-json\/wp\/v2\/product_cat?post=16895"},{"taxonomy":"product_tag","embeddable":true,"href":"https:\/\/nautical.store\/fi\/wp-json\/wp\/v2\/product_tag?post=16895"},{"taxonomy":"woo-feed-brand","embeddable":true,"href":"https:\/\/nautical.store\/fi\/wp-json\/wp\/v2\/woo-feed-brand?post=16895"}],"curies":[{"name":"wp","href":"https:\/\/api.w.org\/{rel}","templated":true}]}}