{"id":16913,"date":"2021-12-14T13:09:11","date_gmt":"2021-12-14T11:09:11","guid":{"rendered":"https:\/\/www.nautical.store\/toode\/martina-windproof\/"},"modified":"2025-04-11T00:03:50","modified_gmt":"2025-04-10T21:03:50","slug":"martina-tuulenpitava","status":"publish","type":"product","link":"https:\/\/nautical.store\/fi\/tuote\/martina-tuulenpitava\/","title":{"rendered":"Martina Tuulenpit\u00e4v\u00e4"},"content":{"rendered":"<p>Villainen tuulenpit\u00e4v\u00e4ksi vuoritettu neulepusero. Korkea vetoketjullinen kaulus. Pidennetyt peukaloaukolliset hihansuut, kiristysny\u00f6ri helmassa. Suuri valikoima eri v\u00e4rej\u00e4. Kevyt ja l\u00e4mmin.<\/p>\n","protected":false},"excerpt":{"rendered":"<p>Villainen tuulenpit\u00e4v\u00e4ksi vuoritettu neulepusero. Korkea vetoketjullinen kaulus. Pidennetyt peukaloaukolliset hihansuut, kiristysny\u00f6ri helmassa. Suuri valikoima eri v\u00e4rej\u00e4. Kevyt ja l\u00e4mmin.<\/p>\n","protected":false},"featured_media":60064,"template":"","meta":{"_acf_changed":false},"pwb-brand":[836],"product_brand":[],"product_cat":[877,827,1263,1187,710],"product_tag":[],"woo-feed-brand":[],"class_list":{"0":"post-16913","1":"product","2":"type-product","3":"status-publish","4":"has-post-thumbnail","6":"pwb-brand-holebrook-fi","7":"product_cat-edullinen-hinta-naiset","8":"product_cat-naiset","9":"product_cat-naisten-tuulenkestava-takki","10":"product_cat-tuulenpitavat-fi","11":"product_cat-tuulenpitavat-naiset","13":"first","14":"instock","15":"sale","16":"taxable","17":"shipping-taxable","18":"purchasable","19":"product-type-variable","20":"wvs-archive-product-wrapper"},"acf":[],"brands":[{"id":836,"name":"Holebrook","slug":"holebrook-fi"}],"_links":{"self":[{"href":"https:\/\/nautical.store\/fi\/wp-json\/wp\/v2\/product\/16913","targetHints":{"allow":["GET"]}}],"collection":[{"href":"https:\/\/nautical.store\/fi\/wp-json\/wp\/v2\/product"}],"about":[{"href":"https:\/\/nautical.store\/fi\/wp-json\/wp\/v2\/types\/product"}],"wp:featuredmedia":[{"embeddable":true,"href":"https:\/\/nautical.store\/fi\/wp-json\/wp\/v2\/media\/60064"}],"wp:attachment":[{"href":"https:\/\/nautical.store\/fi\/wp-json\/wp\/v2\/media?parent=16913"}],"wp:term":[{"taxonomy":"pwb-brand","embeddable":true,"href":"https:\/\/nautical.store\/fi\/wp-json\/wp\/v2\/pwb-brand?post=16913"},{"taxonomy":"product_brand","embeddable":true,"href":"https:\/\/nautical.store\/fi\/wp-json\/wp\/v2\/product_brand?post=16913"},{"taxonomy":"product_cat","embeddable":true,"href":"https:\/\/nautical.store\/fi\/wp-json\/wp\/v2\/product_cat?post=16913"},{"taxonomy":"product_tag","embeddable":true,"href":"https:\/\/nautical.store\/fi\/wp-json\/wp\/v2\/product_tag?post=16913"},{"taxonomy":"woo-feed-brand","embeddable":true,"href":"https:\/\/nautical.store\/fi\/wp-json\/wp\/v2\/woo-feed-brand?post=16913"}],"curies":[{"name":"wp","href":"https:\/\/api.w.org\/{rel}","templated":true}]}}