{"id":16966,"date":"2021-12-14T12:08:04","date_gmt":"2021-12-14T10:08:04","guid":{"rendered":"https:\/\/www.nautical.store\/toode\/lilly-paita\/"},"modified":"2025-06-09T14:21:53","modified_gmt":"2025-06-09T11:21:53","slug":"lilly-paita","status":"publish","type":"product","link":"https:\/\/nautical.store\/fi\/tuote\/lilly-paita\/","title":{"rendered":"Lilly paita"},"content":{"rendered":"<p>Klassinen kauluspaita ihanasta pellavasekoitteesta. Suora helma ja pienet halkiot sivuilla. Tyylikk\u00e4\u00e4t helmi\u00e4isnapit viimeistelev\u00e4t ilmeen.<\/p>\n<p>Silit\u00e4 nurjalta puolelta.<br \/>\nMuotoile kosteana venytt\u00e4m\u00e4ll\u00e4. \u00c4l\u00e4 kuivata kuivausrummussa.<br \/>\nKemiallinen pesu oikeilla pesuaineilla.<br \/>\n\u00c4l\u00e4 k\u00e4yt\u00e4 valkaisuainetta.<br \/>\nPese samanv\u00e4risten kanssa nurjalta puolelta. Maksimikutistuminen 5 %.<\/p>\n","protected":false},"excerpt":{"rendered":"<p>Klassinen kauluspaita ihanasta pellavasekoitteesta. Suora helma ja pienet halkiot sivuilla. Tyylikk\u00e4\u00e4t helmi\u00e4isnapit viimeistelev\u00e4t ilmeen. Silit\u00e4 nurjalta puolelta. Muotoile kosteana venytt\u00e4m\u00e4ll\u00e4. \u00c4l\u00e4 kuivata kuivausrummussa. Kemiallinen pesu oikeilla pesuaineilla. \u00c4l\u00e4 k\u00e4yt\u00e4 valkaisuainetta. Pese samanv\u00e4risten kanssa nurjalta puolelta. Maksimikutistuminen 5 %.<\/p>\n","protected":false},"featured_media":44296,"template":"","meta":{"_acf_changed":false},"pwb-brand":[836],"product_brand":[],"product_cat":[877,827,590],"product_tag":[],"woo-feed-brand":[],"class_list":{"0":"post-16966","1":"product","2":"type-product","3":"status-publish","4":"has-post-thumbnail","6":"pwb-brand-holebrook-fi","7":"product_cat-edullinen-hinta-naiset","8":"product_cat-naiset","9":"product_cat-paidat","11":"first","12":"instock","13":"sale","14":"taxable","15":"shipping-taxable","16":"purchasable","17":"product-type-variable","18":"wvs-archive-product-wrapper"},"acf":[],"brands":[{"id":836,"name":"Holebrook","slug":"holebrook-fi"}],"_links":{"self":[{"href":"https:\/\/nautical.store\/fi\/wp-json\/wp\/v2\/product\/16966","targetHints":{"allow":["GET"]}}],"collection":[{"href":"https:\/\/nautical.store\/fi\/wp-json\/wp\/v2\/product"}],"about":[{"href":"https:\/\/nautical.store\/fi\/wp-json\/wp\/v2\/types\/product"}],"wp:featuredmedia":[{"embeddable":true,"href":"https:\/\/nautical.store\/fi\/wp-json\/wp\/v2\/media\/44296"}],"wp:attachment":[{"href":"https:\/\/nautical.store\/fi\/wp-json\/wp\/v2\/media?parent=16966"}],"wp:term":[{"taxonomy":"pwb-brand","embeddable":true,"href":"https:\/\/nautical.store\/fi\/wp-json\/wp\/v2\/pwb-brand?post=16966"},{"taxonomy":"product_brand","embeddable":true,"href":"https:\/\/nautical.store\/fi\/wp-json\/wp\/v2\/product_brand?post=16966"},{"taxonomy":"product_cat","embeddable":true,"href":"https:\/\/nautical.store\/fi\/wp-json\/wp\/v2\/product_cat?post=16966"},{"taxonomy":"product_tag","embeddable":true,"href":"https:\/\/nautical.store\/fi\/wp-json\/wp\/v2\/product_tag?post=16966"},{"taxonomy":"woo-feed-brand","embeddable":true,"href":"https:\/\/nautical.store\/fi\/wp-json\/wp\/v2\/woo-feed-brand?post=16966"}],"curies":[{"name":"wp","href":"https:\/\/api.w.org\/{rel}","templated":true}]}}