{"id":16987,"date":"2021-12-14T11:10:09","date_gmt":"2021-12-14T09:10:09","guid":{"rendered":"https:\/\/www.nautical.store\/toode\/marta-hame\/"},"modified":"2026-03-19T16:54:16","modified_gmt":"2026-03-19T14:54:16","slug":"marta-seelik","status":"publish","type":"product","link":"https:\/\/nautical.store\/fi\/tuote\/marta-seelik\/","title":{"rendered":"M\u00e4rta-hame"},"content":{"rendered":"<p>Neulottu hame 100 % extra fine merinovillasta. Ribbineulos luo laskostetun vaikutelman, ja joustava vy\u00f6t\u00e4r\u00f6 lis\u00e4\u00e4 k\u00e4ytt\u00f6mukavuutta.<br \/>\n\u2022 Ribbineulottu laskosmainen pinta<br \/>\n\u2022 Joustava vy\u00f6t\u00e4r\u00f6nauha<br \/>\n\u2022 Koko M: pituus 89 cm<br \/>\n\u2022 100 % extra fine merinovillaa<\/p>\n","protected":false},"excerpt":{"rendered":"<p>L\u00e4mmin merinovillainen hame<\/p>\n","protected":false},"featured_media":8090,"template":"","meta":{"_acf_changed":false},"pwb-brand":[836],"product_brand":[],"product_cat":[877,639,827,601,2183],"product_tag":[],"woo-feed-brand":[],"class_list":{"0":"post-16987","1":"product","2":"type-product","3":"status-publish","4":"has-post-thumbnail","6":"pwb-brand-holebrook-fi","7":"product_cat-edullinen-hinta-naiset","8":"product_cat-hameet","9":"product_cat-naiset","10":"product_cat-neuleet","11":"product_cat-outlet-fi","13":"first","14":"instock","15":"sale","16":"taxable","17":"shipping-taxable","18":"purchasable","19":"product-type-variable","20":"wvs-archive-product-wrapper"},"acf":[],"brands":[{"id":836,"name":"Holebrook","slug":"holebrook-fi"}],"_links":{"self":[{"href":"https:\/\/nautical.store\/fi\/wp-json\/wp\/v2\/product\/16987","targetHints":{"allow":["GET"]}}],"collection":[{"href":"https:\/\/nautical.store\/fi\/wp-json\/wp\/v2\/product"}],"about":[{"href":"https:\/\/nautical.store\/fi\/wp-json\/wp\/v2\/types\/product"}],"wp:featuredmedia":[{"embeddable":true,"href":"https:\/\/nautical.store\/fi\/wp-json\/wp\/v2\/media\/8090"}],"wp:attachment":[{"href":"https:\/\/nautical.store\/fi\/wp-json\/wp\/v2\/media?parent=16987"}],"wp:term":[{"taxonomy":"pwb-brand","embeddable":true,"href":"https:\/\/nautical.store\/fi\/wp-json\/wp\/v2\/pwb-brand?post=16987"},{"taxonomy":"product_brand","embeddable":true,"href":"https:\/\/nautical.store\/fi\/wp-json\/wp\/v2\/product_brand?post=16987"},{"taxonomy":"product_cat","embeddable":true,"href":"https:\/\/nautical.store\/fi\/wp-json\/wp\/v2\/product_cat?post=16987"},{"taxonomy":"product_tag","embeddable":true,"href":"https:\/\/nautical.store\/fi\/wp-json\/wp\/v2\/product_tag?post=16987"},{"taxonomy":"woo-feed-brand","embeddable":true,"href":"https:\/\/nautical.store\/fi\/wp-json\/wp\/v2\/woo-feed-brand?post=16987"}],"curies":[{"name":"wp","href":"https:\/\/api.w.org\/{rel}","templated":true}]}}