{"id":16998,"date":"2021-12-14T10:54:55","date_gmt":"2021-12-14T08:54:55","guid":{"rendered":"https:\/\/www.nautical.store\/toode\/manuela-neulepusero\/"},"modified":"2025-06-02T09:20:58","modified_gmt":"2025-06-02T06:20:58","slug":"manuela-neulepusero","status":"publish","type":"product","link":"https:\/\/nautical.store\/fi\/tuote\/manuela-neulepusero\/","title":{"rendered":"Manuela neulepusero"},"content":{"rendered":"<p>Kevyt puuvillaneulepusero. Pitk\u00e4n selk\u00e4kappaleen l\u00e4pi kulkeva halkio.<\/p>\n","protected":false},"excerpt":{"rendered":"<p>Kevyt puuvillaneulepusero. Pitk\u00e4n selk\u00e4kappaleen l\u00e4pi kulkeva halkio.<\/p>\n","protected":false},"featured_media":8074,"template":"","meta":{"_acf_changed":false},"pwb-brand":[836],"product_brand":[],"product_cat":[2183],"product_tag":[],"woo-feed-brand":[],"class_list":{"0":"post-16998","1":"product","2":"type-product","3":"status-publish","4":"has-post-thumbnail","6":"pwb-brand-holebrook-fi","7":"product_cat-outlet-fi","9":"first","10":"instock","11":"sale","12":"taxable","13":"shipping-taxable","14":"purchasable","15":"product-type-variable","16":"wvs-archive-product-wrapper"},"acf":[],"brands":[{"id":836,"name":"Holebrook","slug":"holebrook-fi"}],"_links":{"self":[{"href":"https:\/\/nautical.store\/fi\/wp-json\/wp\/v2\/product\/16998","targetHints":{"allow":["GET"]}}],"collection":[{"href":"https:\/\/nautical.store\/fi\/wp-json\/wp\/v2\/product"}],"about":[{"href":"https:\/\/nautical.store\/fi\/wp-json\/wp\/v2\/types\/product"}],"wp:featuredmedia":[{"embeddable":true,"href":"https:\/\/nautical.store\/fi\/wp-json\/wp\/v2\/media\/8074"}],"wp:attachment":[{"href":"https:\/\/nautical.store\/fi\/wp-json\/wp\/v2\/media?parent=16998"}],"wp:term":[{"taxonomy":"pwb-brand","embeddable":true,"href":"https:\/\/nautical.store\/fi\/wp-json\/wp\/v2\/pwb-brand?post=16998"},{"taxonomy":"product_brand","embeddable":true,"href":"https:\/\/nautical.store\/fi\/wp-json\/wp\/v2\/product_brand?post=16998"},{"taxonomy":"product_cat","embeddable":true,"href":"https:\/\/nautical.store\/fi\/wp-json\/wp\/v2\/product_cat?post=16998"},{"taxonomy":"product_tag","embeddable":true,"href":"https:\/\/nautical.store\/fi\/wp-json\/wp\/v2\/product_tag?post=16998"},{"taxonomy":"woo-feed-brand","embeddable":true,"href":"https:\/\/nautical.store\/fi\/wp-json\/wp\/v2\/woo-feed-brand?post=16998"}],"curies":[{"name":"wp","href":"https:\/\/api.w.org\/{rel}","templated":true}]}}