{"id":17015,"date":"2021-12-14T10:33:21","date_gmt":"2021-12-14T08:33:21","guid":{"rendered":"https:\/\/www.nautical.store\/toode\/mans-windproof\/"},"modified":"2026-01-08T22:00:31","modified_gmt":"2026-01-08T20:00:31","slug":"mans-tuulenpitava","status":"publish","type":"product","link":"https:\/\/nautical.store\/fi\/tuote\/mans-tuulenpitava\/","title":{"rendered":"M\u00e5ns Tuulenpit\u00e4v\u00e4"},"content":{"rendered":"<p><!--StartFragment --><\/p>\n<p>Vahva kaksisuuntainen vetoketju ja vetoketjulliset taskut. Korkea joustinneulekaulus, jonka sis\u00e4puoli on puuvillalangasta neulottu lis\u00e4mukavuuden takaamiseksi. Klassinen istuvuus. Neuletakissa on tuulenpit\u00e4v\u00e4 vuori.\u00a0Tuulenpit\u00e4vyys on saavutettu ilman kemikaaleja \u2013 vuori on valmistettu erityisell\u00e4 kudontatekniikalla, joka tekee kankaasta eritt\u00e4in tiiviin ja siten tuulenpit\u00e4v\u00e4n, samalla kuitenkin hengitt\u00e4v\u00e4n. Elastaanin ansiosta kangas joustaa, mik\u00e4 pys\u00e4ytt\u00e4\u00e4 tuulen mutta ei rajoita liikkumista.<\/p>\n<p>Kangas t\u00e4ytt\u00e4\u00e4 \u00d6KO\u2011tex\u00ae Standard 100 \u2011sertifikaatin vaatimukset, mik\u00e4 takaa, ettei se sis\u00e4ll\u00e4 terveydelle haitallisia aineita.<\/p>\n<ul>\n<li>Tuulenpit\u00e4v\u00e4<\/li>\n<li>Regular\u2011mitoitus<\/li>\n<li>Kaksisuuntainen vetoketju ja sivutaskut<\/li>\n<li>Joustinneulekaulus puuvillaisella sis\u00e4pinnalla<\/li>\n<li>Valmistettu Euroopassa<\/li>\n<\/ul>\n<p>Materiaali:<\/p>\n<ul>\n<li>Neulottu kangas: 80% villa, 20% polyamidi<\/li>\n<li>Tuulenpit\u00e4v\u00e4 vuori: 96% polyesteri, 4% elastaani<\/li>\n<li>Kudottu kangas: 65% polyesteri, 35% puuvilla<\/li>\n<\/ul>\n<p><!--EndFragment --><\/p>\n","protected":false},"excerpt":{"rendered":"<p>Neulottu, tuulenpit\u00e4v\u00e4 villasekoite\u00adneuletakki<\/p>\n","protected":false},"featured_media":78842,"template":"","meta":{"_acf_changed":false},"pwb-brand":[836],"product_brand":[],"product_cat":[876,777,2183,1267,706],"product_tag":[],"woo-feed-brand":[],"class_list":{"0":"post-17015","1":"product","2":"type-product","3":"status-publish","4":"has-post-thumbnail","6":"pwb-brand-holebrook-fi","7":"product_cat-edullinen-hinta-miehet-fi","8":"product_cat-miehet","9":"product_cat-outlet-fi","10":"product_cat-tuulenkestava-miestentakki","11":"product_cat-tuulenpitavat-miehet","13":"first","14":"instock","15":"sale","16":"taxable","17":"shipping-taxable","18":"purchasable","19":"product-type-variable","20":"wvs-archive-product-wrapper"},"acf":[],"brands":[{"id":836,"name":"Holebrook","slug":"holebrook-fi"}],"_links":{"self":[{"href":"https:\/\/nautical.store\/fi\/wp-json\/wp\/v2\/product\/17015","targetHints":{"allow":["GET"]}}],"collection":[{"href":"https:\/\/nautical.store\/fi\/wp-json\/wp\/v2\/product"}],"about":[{"href":"https:\/\/nautical.store\/fi\/wp-json\/wp\/v2\/types\/product"}],"wp:featuredmedia":[{"embeddable":true,"href":"https:\/\/nautical.store\/fi\/wp-json\/wp\/v2\/media\/78842"}],"wp:attachment":[{"href":"https:\/\/nautical.store\/fi\/wp-json\/wp\/v2\/media?parent=17015"}],"wp:term":[{"taxonomy":"pwb-brand","embeddable":true,"href":"https:\/\/nautical.store\/fi\/wp-json\/wp\/v2\/pwb-brand?post=17015"},{"taxonomy":"product_brand","embeddable":true,"href":"https:\/\/nautical.store\/fi\/wp-json\/wp\/v2\/product_brand?post=17015"},{"taxonomy":"product_cat","embeddable":true,"href":"https:\/\/nautical.store\/fi\/wp-json\/wp\/v2\/product_cat?post=17015"},{"taxonomy":"product_tag","embeddable":true,"href":"https:\/\/nautical.store\/fi\/wp-json\/wp\/v2\/product_tag?post=17015"},{"taxonomy":"woo-feed-brand","embeddable":true,"href":"https:\/\/nautical.store\/fi\/wp-json\/wp\/v2\/woo-feed-brand?post=17015"}],"curies":[{"name":"wp","href":"https:\/\/api.w.org\/{rel}","templated":true}]}}