{"id":17031,"date":"2021-12-13T17:02:40","date_gmt":"2021-12-13T15:02:40","guid":{"rendered":"https:\/\/www.nautical.store\/toode\/malin-windproof\/"},"modified":"2025-08-24T15:30:19","modified_gmt":"2025-08-24T12:30:19","slug":"malin-tuulenpitava","status":"publish","type":"product","link":"https:\/\/nautical.store\/fi\/tuote\/malin-tuulenpitava\/","title":{"rendered":"Malin Tuulenpit\u00e4v\u00e4"},"content":{"rendered":"<p>Tyylik\u00e4s ja k\u00e4yt\u00e4nn\u00f6llinen neule, jossa tuulenpit\u00e4v\u00e4 vuori. Vett\u00e4hylkiv\u00e4t tikatut yksityiskohdat, mukava huppu ja kaksisuuntainen vetoketju tekev\u00e4t siit\u00e4 t\u00e4ydellisen valinnan vaihteleviin s\u00e4\u00e4olosuhteisiin.<\/p>\n","protected":false},"excerpt":{"rendered":"<p>Tyylik\u00e4s ja k\u00e4yt\u00e4nn\u00f6llinen neule, jossa tuulenpit\u00e4v\u00e4 vuori. Vett\u00e4hylkiv\u00e4t tikatut yksityiskohdat, mukava huppu ja kaksisuuntainen vetoketju tekev\u00e4t siit\u00e4 t\u00e4ydellisen valinnan vaihteleviin s\u00e4\u00e4olosuhteisiin.<\/p>\n","protected":false},"featured_media":8046,"template":"","meta":{"_acf_changed":false},"pwb-brand":[836],"product_brand":[],"product_cat":[877,1263,2183,710],"product_tag":[],"woo-feed-brand":[],"class_list":{"0":"post-17031","1":"product","2":"type-product","3":"status-publish","4":"has-post-thumbnail","6":"pwb-brand-holebrook-fi","7":"product_cat-edullinen-hinta-naiset","8":"product_cat-naisten-tuulenkestava-takki","9":"product_cat-outlet-fi","10":"product_cat-tuulenpitavat-naiset","12":"first","13":"instock","14":"sale","15":"taxable","16":"shipping-taxable","17":"purchasable","18":"product-type-variable","19":"wvs-archive-product-wrapper"},"acf":[],"brands":[{"id":836,"name":"Holebrook","slug":"holebrook-fi"}],"_links":{"self":[{"href":"https:\/\/nautical.store\/fi\/wp-json\/wp\/v2\/product\/17031","targetHints":{"allow":["GET"]}}],"collection":[{"href":"https:\/\/nautical.store\/fi\/wp-json\/wp\/v2\/product"}],"about":[{"href":"https:\/\/nautical.store\/fi\/wp-json\/wp\/v2\/types\/product"}],"wp:featuredmedia":[{"embeddable":true,"href":"https:\/\/nautical.store\/fi\/wp-json\/wp\/v2\/media\/8046"}],"wp:attachment":[{"href":"https:\/\/nautical.store\/fi\/wp-json\/wp\/v2\/media?parent=17031"}],"wp:term":[{"taxonomy":"pwb-brand","embeddable":true,"href":"https:\/\/nautical.store\/fi\/wp-json\/wp\/v2\/pwb-brand?post=17031"},{"taxonomy":"product_brand","embeddable":true,"href":"https:\/\/nautical.store\/fi\/wp-json\/wp\/v2\/product_brand?post=17031"},{"taxonomy":"product_cat","embeddable":true,"href":"https:\/\/nautical.store\/fi\/wp-json\/wp\/v2\/product_cat?post=17031"},{"taxonomy":"product_tag","embeddable":true,"href":"https:\/\/nautical.store\/fi\/wp-json\/wp\/v2\/product_tag?post=17031"},{"taxonomy":"woo-feed-brand","embeddable":true,"href":"https:\/\/nautical.store\/fi\/wp-json\/wp\/v2\/woo-feed-brand?post=17031"}],"curies":[{"name":"wp","href":"https:\/\/api.w.org\/{rel}","templated":true}]}}