{"id":17048,"date":"2021-12-13T16:21:21","date_gmt":"2021-12-13T14:21:21","guid":{"rendered":"https:\/\/www.nautical.store\/toode\/lisbeth-windproof\/"},"modified":"2023-10-16T13:52:19","modified_gmt":"2023-10-16T10:52:19","slug":"lisbeth-tuulenpitava","status":"publish","type":"product","link":"https:\/\/nautical.store\/fi\/tuote\/lisbeth-tuulenpitava\/","title":{"rendered":"Lisbeth Tuulenpit\u00e4v\u00e4"},"content":{"rendered":"<p>Tuulenpit\u00e4v\u00e4ksi vuoritettu villaneulepusero. Sivuissa napitus. Korkeampi kaulus.<\/p>\n","protected":false},"excerpt":{"rendered":"<p>Tuulenpit\u00e4v\u00e4ksi vuoritettu villaneulepusero. Sivuissa napitus. Korkeampi kaulus.<\/p>\n","protected":false},"featured_media":8031,"template":"","meta":{"_acf_changed":false},"pwb-brand":[836],"product_brand":[],"product_cat":[1263,710],"product_tag":[],"woo-feed-brand":[],"class_list":{"0":"post-17048","1":"product","2":"type-product","3":"status-publish","4":"has-post-thumbnail","6":"pwb-brand-holebrook-fi","7":"product_cat-naisten-tuulenkestava-takki","8":"product_cat-tuulenpitavat-naiset","10":"first","11":"instock","12":"taxable","13":"shipping-taxable","14":"purchasable","15":"product-type-variable","16":"wvs-archive-product-wrapper"},"acf":[],"brands":[{"id":836,"name":"Holebrook","slug":"holebrook-fi"}],"_links":{"self":[{"href":"https:\/\/nautical.store\/fi\/wp-json\/wp\/v2\/product\/17048","targetHints":{"allow":["GET"]}}],"collection":[{"href":"https:\/\/nautical.store\/fi\/wp-json\/wp\/v2\/product"}],"about":[{"href":"https:\/\/nautical.store\/fi\/wp-json\/wp\/v2\/types\/product"}],"wp:featuredmedia":[{"embeddable":true,"href":"https:\/\/nautical.store\/fi\/wp-json\/wp\/v2\/media\/8031"}],"wp:attachment":[{"href":"https:\/\/nautical.store\/fi\/wp-json\/wp\/v2\/media?parent=17048"}],"wp:term":[{"taxonomy":"pwb-brand","embeddable":true,"href":"https:\/\/nautical.store\/fi\/wp-json\/wp\/v2\/pwb-brand?post=17048"},{"taxonomy":"product_brand","embeddable":true,"href":"https:\/\/nautical.store\/fi\/wp-json\/wp\/v2\/product_brand?post=17048"},{"taxonomy":"product_cat","embeddable":true,"href":"https:\/\/nautical.store\/fi\/wp-json\/wp\/v2\/product_cat?post=17048"},{"taxonomy":"product_tag","embeddable":true,"href":"https:\/\/nautical.store\/fi\/wp-json\/wp\/v2\/product_tag?post=17048"},{"taxonomy":"woo-feed-brand","embeddable":true,"href":"https:\/\/nautical.store\/fi\/wp-json\/wp\/v2\/woo-feed-brand?post=17048"}],"curies":[{"name":"wp","href":"https:\/\/api.w.org\/{rel}","templated":true}]}}