{"id":17059,"date":"2021-12-13T15:50:07","date_gmt":"2021-12-13T13:50:07","guid":{"rendered":"https:\/\/www.nautical.store\/toode\/nahkakasineet\/"},"modified":"2022-06-07T11:04:27","modified_gmt":"2022-06-07T08:04:27","slug":"nahast-kindad","status":"publish","type":"product","link":"https:\/\/nautical.store\/fi\/tuote\/nahast-kindad\/","title":{"rendered":"Nahkak\u00e4sineet"},"content":{"rendered":"<p>Pehme\u00e4t vuohennahkak\u00e4sineet. Fleecevuori, ranteissa resorit. Ranteissa s\u00e4\u00e4t\u00f6hihna.<\/p>\n","protected":false},"excerpt":{"rendered":"<p>Pehme\u00e4t vuohennahkak\u00e4sineet. Fleecevuori, ranteissa resorit. Ranteissa s\u00e4\u00e4t\u00f6hihna.<\/p>\n","protected":false},"featured_media":8028,"template":"","meta":{"_acf_changed":false},"pwb-brand":[838],"product_brand":[],"product_cat":[628,629,777,827],"product_tag":[],"woo-feed-brand":[],"class_list":{"0":"post-17059","1":"product","2":"type-product","3":"status-publish","4":"has-post-thumbnail","6":"pwb-brand-pelle-petterson-fi","7":"product_cat-asusteet","8":"product_cat-asusteet-naiset","9":"product_cat-miehet","10":"product_cat-naiset","12":"first","13":"outofstock","14":"taxable","15":"shipping-taxable","16":"purchasable","17":"product-type-variable","18":"wvs-archive-product-wrapper"},"acf":[],"brands":[{"id":838,"name":"Pelle Petterson","slug":"pelle-petterson-fi"}],"_links":{"self":[{"href":"https:\/\/nautical.store\/fi\/wp-json\/wp\/v2\/product\/17059","targetHints":{"allow":["GET"]}}],"collection":[{"href":"https:\/\/nautical.store\/fi\/wp-json\/wp\/v2\/product"}],"about":[{"href":"https:\/\/nautical.store\/fi\/wp-json\/wp\/v2\/types\/product"}],"wp:featuredmedia":[{"embeddable":true,"href":"https:\/\/nautical.store\/fi\/wp-json\/wp\/v2\/media\/8028"}],"wp:attachment":[{"href":"https:\/\/nautical.store\/fi\/wp-json\/wp\/v2\/media?parent=17059"}],"wp:term":[{"taxonomy":"pwb-brand","embeddable":true,"href":"https:\/\/nautical.store\/fi\/wp-json\/wp\/v2\/pwb-brand?post=17059"},{"taxonomy":"product_brand","embeddable":true,"href":"https:\/\/nautical.store\/fi\/wp-json\/wp\/v2\/product_brand?post=17059"},{"taxonomy":"product_cat","embeddable":true,"href":"https:\/\/nautical.store\/fi\/wp-json\/wp\/v2\/product_cat?post=17059"},{"taxonomy":"product_tag","embeddable":true,"href":"https:\/\/nautical.store\/fi\/wp-json\/wp\/v2\/product_tag?post=17059"},{"taxonomy":"woo-feed-brand","embeddable":true,"href":"https:\/\/nautical.store\/fi\/wp-json\/wp\/v2\/woo-feed-brand?post=17059"}],"curies":[{"name":"wp","href":"https:\/\/api.w.org\/{rel}","templated":true}]}}