{"id":17067,"date":"2021-12-13T15:26:05","date_gmt":"2021-12-13T13:26:05","guid":{"rendered":"https:\/\/www.nautical.store\/toode\/team-poolo\/"},"modified":"2025-12-01T12:05:10","modified_gmt":"2025-12-01T10:05:10","slug":"team-polo-2","status":"publish","type":"product","link":"https:\/\/nautical.store\/fi\/tuote\/team-polo-2\/","title":{"rendered":"PelleP Lasten Team\u2011paita"},"content":{"rendered":"<p>Todellinen suosikki kaikenik\u00e4isille. T<!--StartFragment -->\u00e4m\u00e4 klassinen pikeepaita on varustettu ribbineuloksisella kauluksella ja piilotetuilla napeilla. Vasemmassa hihassa on kudottu Pelle P \u2011logo.<\/p>\n<ul>\n<li>Materiaali: 95 % puuvilla, 5 % elastaani<\/li>\n<li>Kaksinkertainen ribbineulottu kaulus kontrastiraidoilla takana<\/li>\n<li>Halkiot sivuilla<\/li>\n<li>Pelle P \u2011logo vasemmassa hihassa<\/li>\n<li>Pelle P \u2011logo takana<\/li>\n<\/ul>\n<p><!--EndFragment --><\/p>\n","protected":false},"excerpt":{"rendered":"<p>Lasten puuvillainen pikeepaita<\/p>\n","protected":false},"featured_media":8018,"template":"","meta":{"_acf_changed":false},"pwb-brand":[838],"product_brand":[],"product_cat":[826],"product_tag":[],"woo-feed-brand":[],"class_list":{"0":"post-17067","1":"product","2":"type-product","3":"status-publish","4":"has-post-thumbnail","6":"pwb-brand-pelle-petterson-fi","7":"product_cat-lapset","9":"first","10":"instock","11":"taxable","12":"shipping-taxable","13":"purchasable","14":"product-type-variable","15":"wvs-archive-product-wrapper"},"acf":[],"brands":[{"id":838,"name":"Pelle Petterson","slug":"pelle-petterson-fi"}],"_links":{"self":[{"href":"https:\/\/nautical.store\/fi\/wp-json\/wp\/v2\/product\/17067","targetHints":{"allow":["GET"]}}],"collection":[{"href":"https:\/\/nautical.store\/fi\/wp-json\/wp\/v2\/product"}],"about":[{"href":"https:\/\/nautical.store\/fi\/wp-json\/wp\/v2\/types\/product"}],"wp:featuredmedia":[{"embeddable":true,"href":"https:\/\/nautical.store\/fi\/wp-json\/wp\/v2\/media\/8018"}],"wp:attachment":[{"href":"https:\/\/nautical.store\/fi\/wp-json\/wp\/v2\/media?parent=17067"}],"wp:term":[{"taxonomy":"pwb-brand","embeddable":true,"href":"https:\/\/nautical.store\/fi\/wp-json\/wp\/v2\/pwb-brand?post=17067"},{"taxonomy":"product_brand","embeddable":true,"href":"https:\/\/nautical.store\/fi\/wp-json\/wp\/v2\/product_brand?post=17067"},{"taxonomy":"product_cat","embeddable":true,"href":"https:\/\/nautical.store\/fi\/wp-json\/wp\/v2\/product_cat?post=17067"},{"taxonomy":"product_tag","embeddable":true,"href":"https:\/\/nautical.store\/fi\/wp-json\/wp\/v2\/product_tag?post=17067"},{"taxonomy":"woo-feed-brand","embeddable":true,"href":"https:\/\/nautical.store\/fi\/wp-json\/wp\/v2\/woo-feed-brand?post=17067"}],"curies":[{"name":"wp","href":"https:\/\/api.w.org\/{rel}","templated":true}]}}