{"id":17070,"date":"2021-12-13T15:14:31","date_gmt":"2021-12-13T13:14:31","guid":{"rendered":"https:\/\/www.nautical.store\/toode\/sherpa-fleece\/"},"modified":"2025-12-04T13:04:28","modified_gmt":"2025-12-04T11:04:28","slug":"sherpa-fliis","status":"publish","type":"product","link":"https:\/\/nautical.store\/fi\/tuote\/sherpa-fliis\/","title":{"rendered":"PelleP Lasten Sherpa\u2011fleece"},"content":{"rendered":"<p><!--StartFragment --><\/p>\n<p>Pehme\u00e4 ja l\u00e4mmin lasten sherpa\u2011fleece, valmistettu 100 % kevyest\u00e4 polyesterist\u00e4. Fleeceess\u00e4 on korkea kaulus, joka suljetaan kolmella napilla. Sopii t\u00e4ydellisesti my\u00f6s takin alle l\u00e4mmitt\u00e4v\u00e4ksi kerrokseksi.<\/p>\n<ul>\n<li>Rintatasku, jossa nappikiinnitys<\/li>\n<li>Etutasku piilotetulla vetoketjulla<\/li>\n<li>Normaali istuvuus<\/li>\n<\/ul>\n<p><!--EndFragment --><\/p>\n","protected":false},"excerpt":{"rendered":"<p><!--StartFragment --><\/p>\n<p>Ihanan pehme\u00e4 ja l\u00e4mmin fleece<\/p>\n<p><!--EndFragment --><\/p>\n","protected":false},"featured_media":8013,"template":"","meta":{"_acf_changed":false},"pwb-brand":[838],"product_brand":[],"product_cat":[826],"product_tag":[],"woo-feed-brand":[],"class_list":{"0":"post-17070","1":"product","2":"type-product","3":"status-publish","4":"has-post-thumbnail","6":"pwb-brand-pelle-petterson-fi","7":"product_cat-lapset","9":"first","10":"instock","11":"sale","12":"taxable","13":"shipping-taxable","14":"purchasable","15":"product-type-variable","16":"wvs-archive-product-wrapper"},"acf":[],"brands":[{"id":838,"name":"Pelle Petterson","slug":"pelle-petterson-fi"}],"_links":{"self":[{"href":"https:\/\/nautical.store\/fi\/wp-json\/wp\/v2\/product\/17070","targetHints":{"allow":["GET"]}}],"collection":[{"href":"https:\/\/nautical.store\/fi\/wp-json\/wp\/v2\/product"}],"about":[{"href":"https:\/\/nautical.store\/fi\/wp-json\/wp\/v2\/types\/product"}],"wp:featuredmedia":[{"embeddable":true,"href":"https:\/\/nautical.store\/fi\/wp-json\/wp\/v2\/media\/8013"}],"wp:attachment":[{"href":"https:\/\/nautical.store\/fi\/wp-json\/wp\/v2\/media?parent=17070"}],"wp:term":[{"taxonomy":"pwb-brand","embeddable":true,"href":"https:\/\/nautical.store\/fi\/wp-json\/wp\/v2\/pwb-brand?post=17070"},{"taxonomy":"product_brand","embeddable":true,"href":"https:\/\/nautical.store\/fi\/wp-json\/wp\/v2\/product_brand?post=17070"},{"taxonomy":"product_cat","embeddable":true,"href":"https:\/\/nautical.store\/fi\/wp-json\/wp\/v2\/product_cat?post=17070"},{"taxonomy":"product_tag","embeddable":true,"href":"https:\/\/nautical.store\/fi\/wp-json\/wp\/v2\/product_tag?post=17070"},{"taxonomy":"woo-feed-brand","embeddable":true,"href":"https:\/\/nautical.store\/fi\/wp-json\/wp\/v2\/woo-feed-brand?post=17070"}],"curies":[{"name":"wp","href":"https:\/\/api.w.org\/{rel}","templated":true}]}}