{"id":17105,"date":"2021-12-13T12:36:20","date_gmt":"2021-12-13T10:36:20","guid":{"rendered":"https:\/\/www.nautical.store\/toode\/ivy-housut\/"},"modified":"2026-03-30T09:51:09","modified_gmt":"2026-03-30T06:51:09","slug":"ivy-puksid","status":"publish","type":"product","link":"https:\/\/nautical.store\/fi\/tuote\/ivy-puksid\/","title":{"rendered":"Ivy housut"},"content":{"rendered":"<p>100 % superhienosta merinovillasta neulotut housut. Mukavasti joustava vy\u00f6t\u00e4r\u00f6, cropped\u2011mitta ja alasp\u00e4in levenev lahje. Malli k\u00e4ytt\u00e4\u00e4 Alexandra\u2011neuletta, ja housut sopivat hyvin yhteen my\u00f6s Kristina\u2011neuleen kanssa. Koossa M housujen kokonaispituus on 97 cm.<\/p>\n","protected":false},"excerpt":{"rendered":"<p>100 % superhienosta merinovillasta neulotut housut. Mukavasti joustava vy\u00f6t\u00e4r\u00f6, cropped\u2011mitta ja alasp\u00e4in levenev lahje. Malli k\u00e4ytt\u00e4\u00e4 Alexandra\u2011neuletta, ja housut sopivat hyvin yhteen my\u00f6s Kristina\u2011neuleen kanssa. Koossa M housujen kokonaispituus on 97 cm.<\/p>\n","protected":false},"featured_media":7968,"template":"","meta":{"_acf_changed":false},"pwb-brand":[836],"product_brand":[],"product_cat":[877,640,827],"product_tag":[],"woo-feed-brand":[],"class_list":{"0":"post-17105","1":"product","2":"type-product","3":"status-publish","4":"has-post-thumbnail","6":"pwb-brand-holebrook-fi","7":"product_cat-edullinen-hinta-naiset","8":"product_cat-housut-fi","9":"product_cat-naiset","11":"first","12":"instock","13":"sale","14":"taxable","15":"shipping-taxable","16":"purchasable","17":"product-type-variable","18":"wvs-archive-product-wrapper"},"acf":[],"brands":[{"id":836,"name":"Holebrook","slug":"holebrook-fi"}],"_links":{"self":[{"href":"https:\/\/nautical.store\/fi\/wp-json\/wp\/v2\/product\/17105","targetHints":{"allow":["GET"]}}],"collection":[{"href":"https:\/\/nautical.store\/fi\/wp-json\/wp\/v2\/product"}],"about":[{"href":"https:\/\/nautical.store\/fi\/wp-json\/wp\/v2\/types\/product"}],"wp:featuredmedia":[{"embeddable":true,"href":"https:\/\/nautical.store\/fi\/wp-json\/wp\/v2\/media\/7968"}],"wp:attachment":[{"href":"https:\/\/nautical.store\/fi\/wp-json\/wp\/v2\/media?parent=17105"}],"wp:term":[{"taxonomy":"pwb-brand","embeddable":true,"href":"https:\/\/nautical.store\/fi\/wp-json\/wp\/v2\/pwb-brand?post=17105"},{"taxonomy":"product_brand","embeddable":true,"href":"https:\/\/nautical.store\/fi\/wp-json\/wp\/v2\/product_brand?post=17105"},{"taxonomy":"product_cat","embeddable":true,"href":"https:\/\/nautical.store\/fi\/wp-json\/wp\/v2\/product_cat?post=17105"},{"taxonomy":"product_tag","embeddable":true,"href":"https:\/\/nautical.store\/fi\/wp-json\/wp\/v2\/product_tag?post=17105"},{"taxonomy":"woo-feed-brand","embeddable":true,"href":"https:\/\/nautical.store\/fi\/wp-json\/wp\/v2\/woo-feed-brand?post=17105"}],"curies":[{"name":"wp","href":"https:\/\/api.w.org\/{rel}","templated":true}]}}