{"id":17115,"date":"2021-12-13T11:42:02","date_gmt":"2021-12-13T09:42:02","guid":{"rendered":"https:\/\/www.nautical.store\/toode\/hedvig-hame\/"},"modified":"2025-12-09T22:52:06","modified_gmt":"2025-12-09T20:52:06","slug":"hedvig-seelik","status":"publish","type":"product","link":"https:\/\/nautical.store\/fi\/tuote\/hedvig-seelik\/","title":{"rendered":"Hedvig-hame"},"content":{"rendered":"<p>Puuvillainen neulehame, jossa mukavan joustava vy\u00f6t\u00e4r\u00f6 ja kaksi taskua. Helma levenee alasp\u00e4in, mik\u00e4 tuo lis\u00e4\u00e4 liikkumavapautta ja naisellista ilmett\u00e4.<br \/>\n\u2022 Joustava vy\u00f6t\u00e4r\u00f6nauha<br \/>\n\u2022 Kaksi taskua<br \/>\n\u2022 A-linjainen malli<br \/>\n\u2022 100 % puuvillaa<\/p>\n","protected":false},"excerpt":{"rendered":"<p>Puuvillainen taskuhame<\/p>\n","protected":false},"featured_media":7950,"template":"","meta":{"_acf_changed":false},"pwb-brand":[836],"product_brand":[],"product_cat":[877,639,827,601,2183],"product_tag":[],"woo-feed-brand":[],"class_list":{"0":"post-17115","1":"product","2":"type-product","3":"status-publish","4":"has-post-thumbnail","6":"pwb-brand-holebrook-fi","7":"product_cat-edullinen-hinta-naiset","8":"product_cat-hameet","9":"product_cat-naiset","10":"product_cat-neuleet","11":"product_cat-outlet-fi","13":"first","14":"instock","15":"sale","16":"taxable","17":"shipping-taxable","18":"purchasable","19":"product-type-variable","20":"wvs-archive-product-wrapper"},"acf":[],"brands":[{"id":836,"name":"Holebrook","slug":"holebrook-fi"}],"_links":{"self":[{"href":"https:\/\/nautical.store\/fi\/wp-json\/wp\/v2\/product\/17115","targetHints":{"allow":["GET"]}}],"collection":[{"href":"https:\/\/nautical.store\/fi\/wp-json\/wp\/v2\/product"}],"about":[{"href":"https:\/\/nautical.store\/fi\/wp-json\/wp\/v2\/types\/product"}],"wp:featuredmedia":[{"embeddable":true,"href":"https:\/\/nautical.store\/fi\/wp-json\/wp\/v2\/media\/7950"}],"wp:attachment":[{"href":"https:\/\/nautical.store\/fi\/wp-json\/wp\/v2\/media?parent=17115"}],"wp:term":[{"taxonomy":"pwb-brand","embeddable":true,"href":"https:\/\/nautical.store\/fi\/wp-json\/wp\/v2\/pwb-brand?post=17115"},{"taxonomy":"product_brand","embeddable":true,"href":"https:\/\/nautical.store\/fi\/wp-json\/wp\/v2\/product_brand?post=17115"},{"taxonomy":"product_cat","embeddable":true,"href":"https:\/\/nautical.store\/fi\/wp-json\/wp\/v2\/product_cat?post=17115"},{"taxonomy":"product_tag","embeddable":true,"href":"https:\/\/nautical.store\/fi\/wp-json\/wp\/v2\/product_tag?post=17115"},{"taxonomy":"woo-feed-brand","embeddable":true,"href":"https:\/\/nautical.store\/fi\/wp-json\/wp\/v2\/woo-feed-brand?post=17115"}],"curies":[{"name":"wp","href":"https:\/\/api.w.org\/{rel}","templated":true}]}}