{"id":17129,"date":"2021-12-13T11:00:40","date_gmt":"2021-12-13T09:00:40","guid":{"rendered":"https:\/\/www.nautical.store\/toode\/grace-paita\/"},"modified":"2025-12-02T21:27:06","modified_gmt":"2025-12-02T19:27:06","slug":"grace-sark","status":"publish","type":"product","link":"https:\/\/nautical.store\/fi\/tuote\/grace-sark\/","title":{"rendered":"Grace\u2011puuvillapaita"},"content":{"rendered":"<p><!--StartFragment --><\/p>\n<p>Boyfriend\u2011paita tiiviist\u00e4 puuvillapopliinista. Py\u00f6ristetty helma ja hieman pidempi takaosa. Rento istuvuus, helmi\u00e4isnapit ja korkeat mansetit. Oversize\u2011malli \u2013 suosittelemme valitsemaan pienemm\u00e4n koon, jos haluat perinteisemm\u00e4n istuvuuden.<\/p>\n<ul>\n<li>Oversize\u2011leikkaus<\/li>\n<li>Tiiviisti kudottu puuvilla<\/li>\n<li>Hieman pidempi takaosa<\/li>\n<li>Py\u00f6ristetty helma<\/li>\n<\/ul>\n<p><!--EndFragment --><\/p>\n","protected":false},"excerpt":{"rendered":"<p>Naisten kauluspaita puuvillasta<\/p>\n","protected":false},"featured_media":7930,"template":"","meta":{"_acf_changed":false},"pwb-brand":[836],"product_brand":[],"product_cat":[877,827,2183,590],"product_tag":[],"woo-feed-brand":[],"class_list":{"0":"post-17129","1":"product","2":"type-product","3":"status-publish","4":"has-post-thumbnail","6":"pwb-brand-holebrook-fi","7":"product_cat-edullinen-hinta-naiset","8":"product_cat-naiset","9":"product_cat-outlet-fi","10":"product_cat-paidat","12":"first","13":"instock","14":"sale","15":"taxable","16":"shipping-taxable","17":"purchasable","18":"product-type-variable","19":"wvs-archive-product-wrapper"},"acf":[],"brands":[{"id":836,"name":"Holebrook","slug":"holebrook-fi"}],"_links":{"self":[{"href":"https:\/\/nautical.store\/fi\/wp-json\/wp\/v2\/product\/17129","targetHints":{"allow":["GET"]}}],"collection":[{"href":"https:\/\/nautical.store\/fi\/wp-json\/wp\/v2\/product"}],"about":[{"href":"https:\/\/nautical.store\/fi\/wp-json\/wp\/v2\/types\/product"}],"wp:featuredmedia":[{"embeddable":true,"href":"https:\/\/nautical.store\/fi\/wp-json\/wp\/v2\/media\/7930"}],"wp:attachment":[{"href":"https:\/\/nautical.store\/fi\/wp-json\/wp\/v2\/media?parent=17129"}],"wp:term":[{"taxonomy":"pwb-brand","embeddable":true,"href":"https:\/\/nautical.store\/fi\/wp-json\/wp\/v2\/pwb-brand?post=17129"},{"taxonomy":"product_brand","embeddable":true,"href":"https:\/\/nautical.store\/fi\/wp-json\/wp\/v2\/product_brand?post=17129"},{"taxonomy":"product_cat","embeddable":true,"href":"https:\/\/nautical.store\/fi\/wp-json\/wp\/v2\/product_cat?post=17129"},{"taxonomy":"product_tag","embeddable":true,"href":"https:\/\/nautical.store\/fi\/wp-json\/wp\/v2\/product_tag?post=17129"},{"taxonomy":"woo-feed-brand","embeddable":true,"href":"https:\/\/nautical.store\/fi\/wp-json\/wp\/v2\/woo-feed-brand?post=17129"}],"curies":[{"name":"wp","href":"https:\/\/api.w.org\/{rel}","templated":true}]}}